{"id":9307,"date":"2022-01-26T18:53:43","date_gmt":"2022-01-26T16:53:43","guid":{"rendered":"https:\/\/psedas.com\/terapia-online\/"},"modified":"2026-01-25T20:51:38","modified_gmt":"2026-01-25T18:51:38","slug":"terapia-online","status":"publish","type":"page","link":"https:\/\/psedas.com\/es\/terapia-online\/","title":{"rendered":"TERAPIA ONLINE"},"content":{"rendered":"<div id=\"pl-9307\"  class=\"panel-layout\" ><div id=\"pg-9307-0\"  class=\"panel-grid panel-has-style\" ><div class=\"barcelona-banner siteorigin-panels-stretch panel-row-style panel-row-style-for-9307-0\" id=\"terapia-banner\" data-stretch-type=\"full\" ><div id=\"pgc-9307-0-0\"  class=\"panel-grid-cell\" ><div id=\"panel-9307-0-0-0\" class=\"so-panel widget widget_sow-editor panel-first-child panel-last-child\" data-index=\"0\" ><div class=\"bigger-widget-title panel-widget-style panel-widget-style-for-9307-0-0-0\" ><div class=\"so-widget-sow-editor so-widget-sow-editor-base\">\n<div class=\"siteorigin-widget-tinymce textwidget\">\n\t<h1 class=\"text-big\">PSIC\u00d3LOGOS ONLINE de Cl\u00ednica Psedas<\/h1>\n<h2 class=\"text-main\"><span style=\"color: #c8c9cc;\">Especializados en terapia virtual eficaz. Diagn\u00f3stico y tratamiento 100% personalizado. Sesiones flexibles y adaptadas a tus necesidades.<\/span><\/h2>\n<h3><span style=\"color: #ffffff;\">\u00bfCrees necesitar ayuda psicol\u00f3gica? Exponnos tu preocupaci\u00f3n y nuestro psic\u00f3logo online resolver\u00e1 tus dudas.<\/span><\/h3>\n<div class=\"buttons-serveis\"><a href=\"https:\/\/psedas.com\/es\/cita-previa-virtual\/\" class=\"btn btn-primary\" target=\"_self\" ><b>Env\u00edanos tu consulta<\/b><\/a> <a href=\"tel:+34668893873\" class=\"btn btn-primary\" target=\"_self\" ><strong>\u00a0668 893 873<\/strong> (WhatsApp)<\/a><\/div>\n<p>&nbsp;<\/p>\n<\/div>\n<\/div><\/div><\/div><\/div><div id=\"pgc-9307-0-1\"  class=\"panel-grid-cell\" ><div id=\"panel-9307-0-1-0\" class=\"so-panel widget widget_sow-editor panel-first-child panel-last-child\" data-index=\"1\" ><div class=\"bigger-widget-title panel-widget-style panel-widget-style-for-9307-0-1-0\" id=\"col-destacat\" ><div class=\"so-widget-sow-editor so-widget-sow-editor-base\">\n<div class=\"siteorigin-widget-tinymce textwidget\">\n\t<h3><strong>NUEVO!<br \/>\nTerapia online 65 Eur\/h<br \/>\n<\/strong><\/h3>\n<\/div>\n<\/div><\/div><\/div><\/div><\/div><\/div><div id=\"pg-9307-1\"  class=\"panel-grid panel-no-style\" ><div id=\"pgc-9307-1-0\"  class=\"panel-grid-cell\" ><div id=\"panel-9307-1-0-0\" class=\"so-panel widget widget_sow-editor panel-first-child panel-last-child\" data-index=\"2\" ><div class=\"so-widget-sow-editor so-widget-sow-editor-base\">\n<div class=\"siteorigin-widget-tinymce textwidget\">\n\t<h2>\u00bfPorqu\u00e9 confiar en la psicoterapia online de Cl\u00ednica Psedas?<\/h2>\n<\/div>\n<\/div><\/div><\/div><\/div><div id=\"pg-9307-2\"  class=\"panel-grid panel-no-style\" ><div id=\"pgc-9307-2-0\"  class=\"panel-grid-cell\" ><div id=\"panel-9307-2-0-0\" class=\"so-panel widget widget_qt_icon_box widget-icon-box panel-first-child\" data-index=\"3\" >\t\t\t\t<div class=\"icon-box\">\n\t\t\t\t\t\t\t\t\t\t\t\t<div class=\"icon-box--icon\">\n\t\t\t\t\t\t<i class=\"fa fas fa-briefcase-medical\"><\/i>\n\t\t\t\t\t<\/div>\n\t\t\t\t\t\t\t\t<div class=\"icon-box--text\">\n\t\t\t\t\t\t\t\t\t\t\t<h6 class=\"icon-box--title\">Tratamiento personalizado <\/h6>\n\t\t\t\t\t\t\t\t\t\t\t\t\t\t\t\t<span class=\"icon-box--description\">Recibir\u00e1s un trato personal, individualizado y completo.<\/span>\n\t\t\t\t\t\t\t\t\t<\/div>\n\t\t\t<\/div>\n\n\t\t\t<\/div><div id=\"panel-9307-2-0-1\" class=\"so-panel widget widget_qt_icon_box widget-icon-box panel-last-child\" data-index=\"4\" >\t\t\t\t<div class=\"icon-box\">\n\t\t\t\t\t\t\t\t\t\t\t\t<div class=\"icon-box--icon\">\n\t\t\t\t\t\t<i class=\"fa far fa-building\"><\/i>\n\t\t\t\t\t<\/div>\n\t\t\t\t\t\t\t\t<div class=\"icon-box--text\">\n\t\t\t\t\t\t\t\t\t\t\t<h6 class=\"icon-box--title\">Comodidad<\/h6>\n\t\t\t\t\t\t\t\t\t\t\t\t\t\t\t\t<span class=\"icon-box--description\">En cualquier lugar y sin desplazamientos. En la intimidad de un espacio personal. <\/span>\n\t\t\t\t\t\t\t\t\t<\/div>\n\t\t\t<\/div>\n\n\t\t\t<\/div><\/div><div id=\"pgc-9307-2-1\"  class=\"panel-grid-cell\" ><div id=\"panel-9307-2-1-0\" class=\"so-panel widget widget_qt_icon_box widget-icon-box panel-first-child\" data-index=\"5\" >\t\t\t\t<div class=\"icon-box\">\n\t\t\t\t\t\t\t\t\t\t\t\t<div class=\"icon-box--icon\">\n\t\t\t\t\t\t<i class=\"fa fas fa-check\"><\/i>\n\t\t\t\t\t<\/div>\n\t\t\t\t\t\t\t\t<div class=\"icon-box--text\">\n\t\t\t\t\t\t\t\t\t\t\t<h6 class=\"icon-box--title\">Garant\u00eda de eficacia<\/h6>\n\t\t\t\t\t\t\t\t\t\t\t\t\t\t\t\t<span class=\"icon-box--description\">Ofrecemos diagn\u00f3stico y terapia online igual de eficaz que la presencial.<\/span>\n\t\t\t\t\t\t\t\t\t<\/div>\n\t\t\t<\/div>\n\n\t\t\t<\/div><div id=\"panel-9307-2-1-1\" class=\"so-panel widget widget_qt_icon_box widget-icon-box panel-last-child\" data-index=\"6\" >\t\t\t\t<div class=\"icon-box\">\n\t\t\t\t\t\t\t\t\t\t\t\t<div class=\"icon-box--icon\">\n\t\t\t\t\t\t<i class=\"fa fas fa-users\"><\/i>\n\t\t\t\t\t<\/div>\n\t\t\t\t\t\t\t\t<div class=\"icon-box--text\">\n\t\t\t\t\t\t\t\t\t\t\t<h6 class=\"icon-box--title\">Atenci\u00f3n en espa\u00f1ol y catal\u00e1n. <\/h6>\n\t\t\t\t\t\t\t\t\t\t\t\t\t\t<\/div>\n\t\t\t<\/div>\n\n\t\t\t<\/div><\/div><div id=\"pgc-9307-2-2\"  class=\"panel-grid-cell\" ><div id=\"panel-9307-2-2-0\" class=\"so-panel widget widget_qt_icon_box widget-icon-box panel-first-child\" data-index=\"7\" >\t\t\t\t<div class=\"icon-box\">\n\t\t\t\t\t\t\t\t\t\t\t\t<div class=\"icon-box--icon\">\n\t\t\t\t\t\t<i class=\"fa far fa-clock\"><\/i>\n\t\t\t\t\t<\/div>\n\t\t\t\t\t\t\t\t<div class=\"icon-box--text\">\n\t\t\t\t\t\t\t\t\t\t\t<h6 class=\"icon-box--title\">Flexibilidad horaria<\/h6>\n\t\t\t\t\t\t\t\t\t\t\t\t\t\t\t\t<span class=\"icon-box--description\">\u00bfDificultad para conciliar horarios? Te lo ponemos f\u00e1cil.<\/span>\n\t\t\t\t\t\t\t\t\t<\/div>\n\t\t\t<\/div>\n\n\t\t\t<\/div><div id=\"panel-9307-2-2-1\" class=\"so-panel widget widget_qt_icon_box widget-icon-box panel-last-child\" data-index=\"8\" >\t\t\t\t<div class=\"icon-box\">\n\t\t\t\t\t\t\t\t\t\t\t\t<div class=\"icon-box--icon\">\n\t\t\t\t\t\t<i class=\"fa far fa-check-circle\"><\/i>\n\t\t\t\t\t<\/div>\n\t\t\t\t\t\t\t\t<div class=\"icon-box--text\">\n\t\t\t\t\t\t\t\t\t\t\t<h6 class=\"icon-box--title\">100% Segura<\/h6>\n\t\t\t\t\t\t\t\t\t\t\t\t\t\t\t\t<span class=\"icon-box--description\">Preparados para ofrecer terapia en l\u00ednea. Apta para dispositivos m\u00f3viles. Sin instalar programas. <\/span>\n\t\t\t\t\t\t\t\t\t<\/div>\n\t\t\t<\/div>\n\n\t\t\t<\/div><\/div><\/div><div id=\"pg-9307-3\"  class=\"panel-grid panel-no-style\" ><div id=\"pgc-9307-3-0\"  class=\"panel-grid-cell\" ><div id=\"panel-9307-3-0-0\" class=\"so-panel widget widget_sow-editor panel-first-child panel-last-child\" data-index=\"9\" ><div class=\"so-widget-sow-editor so-widget-sow-editor-base\">\n<div class=\"siteorigin-widget-tinymce textwidget\">\n\t<h2>\u00bfTe sientes bloqueado? \u00bfNecesitas ayuda psicol\u00f3gica profesional?<\/h2>\n<\/div>\n<\/div><\/div><\/div><\/div><div id=\"pg-9307-4\"  class=\"panel-grid panel-has-style\" ><div id=\"terapiaonline-intro\" class=\"panel-row-style panel-row-style-for-9307-4\" ><div id=\"pgc-9307-4-0\"  class=\"panel-grid-cell\" ><div id=\"panel-9307-4-0-0\" class=\"so-panel widget widget_sow-editor panel-first-child panel-last-child\" data-index=\"10\" ><div class=\"col-left panel-widget-style panel-widget-style-for-9307-4-0-0\" ><div class=\"so-widget-sow-editor so-widget-sow-editor-base\">\n<div class=\"siteorigin-widget-tinymce textwidget\">\n\t<p>En Cl\u00ednica Psedas contribuimos a la mejora de la salud psicol\u00f3gica y al bienestar de las personas desde una perspectiva multidisciplinar. <strong>Te ofrecemos psicoterapia online para ayudarte a conseguir nuevos objetivos vitales y laborales.<\/strong><\/p>\n<p>Ofrecemos terapias de psicolog\u00eda eficaces a todo tipo de problemas psicol\u00f3gicos, emocionales y psicosom\u00e1ticos. <strong>Expertos en procrastinaci\u00f3n, rendimiento, ansiedad y trastorno obsesivo compulsivo TOC. <\/strong>Descubre nuestras \u00e1reas de actuaci\u00f3n.<\/p>\n<p><a href=\"https:\/\/psedas.com\/es\/servicios-psicologia\/adultos\/\" class=\"btn btn-primary\" target=\"_self\" >Adultos<\/a><br \/>\n<a href=\"https:\/\/psedas.com\/es\/servicios-psicologia\/infanto-juvenil\/\" class=\"btn btn-primary\" target=\"_self\" >Juvenil<\/a><\/p>\n<\/div>\n<\/div><\/div><\/div><\/div><div id=\"pgc-9307-4-1\"  class=\"panel-grid-cell\" ><div id=\"panel-9307-4-1-0\" class=\"so-panel widget widget_sow-editor panel-first-child panel-last-child\" data-index=\"11\" ><div class=\"col-right panel-widget-style panel-widget-style-for-9307-4-1-0\" ><div class=\"so-widget-sow-editor so-widget-sow-editor-base\">\n<div class=\"siteorigin-widget-tinymce textwidget\">\n\t<p>Nuestro sistema de <strong>atenci\u00f3n psicol\u00f3gica online<\/strong> es para ti:<\/p>\n<p>\u2713 Si viajas con frecuencia o vives en el extranjero.<br \/>\n\u2713 Si tienes dificultades para realizar terapia presencial.<br \/>\n\u2713 Si no dispones de psic\u00f3logos profesionales en tu poblaci\u00f3n.<br \/>\n\u2713 Simplemente prefieres la terapia virtual por su comodidad y flexibilidad horaria.<\/p>\n<h4><\/h4>\n<h4><strong>Exponnos tu problema sin compromiso y en breve resolveremos tus dudas.<\/strong><\/h4>\n<a href=\"https:\/\/psedas.com\/es\/cita-previa-virtual\/\" class=\"btn btn-primary\" target=\"_self\" >Solicita Cita Virtual 65 Eur\/h<\/a>\n<\/div>\n<\/div><\/div><\/div><\/div><\/div><\/div><div id=\"pg-9307-5\"  class=\"panel-grid panel-no-style\" ><div id=\"pgc-9307-5-0\"  class=\"panel-grid-cell\" ><div id=\"panel-9307-5-0-0\" class=\"so-panel widget widget_sow-editor panel-first-child panel-last-child\" data-index=\"12\" ><div class=\"so-widget-sow-editor so-widget-sow-editor-base\">\n<div class=\"siteorigin-widget-tinymce textwidget\">\n\t<h2>\u00bfC\u00f3mo realizamos la terapia virtual?<\/h2>\n<\/div>\n<\/div><\/div><\/div><\/div><div id=\"pg-9307-6\"  class=\"panel-grid panel-no-style\" ><div id=\"pgc-9307-6-0\"  class=\"panel-grid-cell\" ><div id=\"panel-9307-6-0-0\" class=\"so-panel widget widget_qt_icon_box widget-icon-box panel-first-child panel-last-child\" data-index=\"13\" >\t\t\t\t<div class=\"icon-box\">\n\t\t\t\t\t\t\t\t\t\t\t\t<div class=\"icon-box--icon\">\n\t\t\t\t\t\t<i class=\"fa fas fa-address-card\"><\/i>\n\t\t\t\t\t<\/div>\n\t\t\t\t\t\t\t\t<div class=\"icon-box--text\">\n\t\t\t\t\t\t\t\t\t\t\t<h6 class=\"icon-box--title\">Solic\u00edtanos cita informativa<\/h6>\n\t\t\t\t\t\t\t\t\t\t\t\t\t\t\t\t<span class=\"icon-box--description\">Exponnos tu consulta y datos de contacto al <a href=\"https:\/\/psedas.com\/es\/cita-previa-virtual\/\" target=\"_blank\">formulario<\/a>. Contactaremos contigo para asesorarte y programar la primera consulta.<\/span>\n\t\t\t\t\t\t\t\t\t<\/div>\n\t\t\t<\/div>\n\n\t\t\t<\/div><\/div><div id=\"pgc-9307-6-1\"  class=\"panel-grid-cell\" ><div id=\"panel-9307-6-1-0\" class=\"so-panel widget widget_qt_icon_box widget-icon-box panel-first-child panel-last-child\" data-index=\"14\" >\t\t\t\t<div class=\"icon-box\">\n\t\t\t\t\t\t\t\t\t\t\t\t<div class=\"icon-box--icon\">\n\t\t\t\t\t\t<i class=\"fa far fa-calendar-check\"><\/i>\n\t\t\t\t\t<\/div>\n\t\t\t\t\t\t\t\t<div class=\"icon-box--text\">\n\t\t\t\t\t\t\t\t\t\t\t<h6 class=\"icon-box--title\">Primera sesi\u00f3n<\/h6>\n\t\t\t\t\t\t\t\t\t\t\t\t\t\t\t\t<span class=\"icon-box--description\">Entrevista por videollamada con el psic\u00f3logo. Propuesta de tratamiento personalizada y acordamos horario de las sesiones.<\/span>\n\t\t\t\t\t\t\t\t\t<\/div>\n\t\t\t<\/div>\n\n\t\t\t<\/div><\/div><div id=\"pgc-9307-6-2\"  class=\"panel-grid-cell\" ><div id=\"panel-9307-6-2-0\" class=\"so-panel widget widget_qt_icon_box widget-icon-box panel-first-child panel-last-child\" data-index=\"15\" >\t\t\t\t<div class=\"icon-box\">\n\t\t\t\t\t\t\t\t\t\t\t\t<div class=\"icon-box--icon\">\n\t\t\t\t\t\t<i class=\"fa fas fa-hand-holding-heart\"><\/i>\n\t\t\t\t\t<\/div>\n\t\t\t\t\t\t\t\t<div class=\"icon-box--text\">\n\t\t\t\t\t\t\t\t\t\t\t<h6 class=\"icon-box--title\">Terapia psicol\u00f3gica<\/h6>\n\t\t\t\t\t\t\t\t\t\t\t\t\t\t\t\t<span class=\"icon-box--description\">Disfruta de tus sesiones 100% virtuales o de nuestra opci\u00f3n mixta: alterna sesiones online con presenciales (en Barcelona o Manresa).<\/span>\n\t\t\t\t\t\t\t\t\t<\/div>\n\t\t\t<\/div>\n\n\t\t\t<\/div><\/div><\/div><div id=\"pg-9307-7\"  class=\"panel-grid panel-has-style\" ><div class=\"siteorigin-panels-stretch panel-row-style panel-row-style-for-9307-7\" data-stretch-type=\"full\" ><div id=\"pgc-9307-7-0\"  class=\"panel-grid-cell\" ><div id=\"panel-9307-7-0-0\" class=\"so-panel widget widget_qt_call_to_action widget-cta-banner panel-first-child panel-last-child\" data-index=\"16\" ><div id=\"barcelona-cta\" class=\"panel-widget-style panel-widget-style-for-9307-7-0-0\" >\n\t\t\t<div class=\"call-to-action cta-block with-subtitle\">\n\t\t\t\t<div class=\"call-to-action--content\">\n\t\t\t\t\t<div class=\"call-to-action--title\" style=\"color: #ffffff;\">\n\t\t\t\t\t\t<h2>Terapia cognitiva, conductual, estrat\u00e9gica, sist\u00e9mica  online.<\/h2>\t\t\t\t\t<\/div>\n\t\t\t\t\t\t\t\t\t\t\t<div class=\"call-to-action--subtitle\" style=\"color: #d6d6d6;\">\n\t\t\t\t\t\t\tLos mejores psic\u00f3logos especialistas te ayudaran a sentirte mejor.\t\t\t\t\t\t<\/div>\n\t\t\t\t\t\t\t\t\t<\/div>\n\t\t\t\t<div class=\"call-to-action--buttons\">\n\t\t\t\t\t<a href=\"https:\/\/psedas.com\/es\/cita-previa-virtual\/\" class=\"btn btn-outline\" target=\"_self\">Reserva cita 65eur\/h<\/a>\t\t\t\t<\/div>\n\t\t\t<\/div>\n\n\t\t\t<\/div><\/div><\/div><\/div><\/div><div id=\"pg-9307-8\"  class=\"panel-grid panel-has-style\" ><div class=\"siteorigin-panels-stretch panel-row-style panel-row-style-for-9307-8\" data-stretch-type=\"full\" ><div id=\"pgc-9307-8-0\"  class=\"panel-grid-cell\" ><div id=\"panel-9307-8-0-0\" class=\"so-panel widget widget_sow-editor panel-first-child panel-last-child\" data-index=\"17\" ><div class=\"panel-widget-style panel-widget-style-for-9307-8-0-0\" ><div class=\"so-widget-sow-editor so-widget-sow-editor-base\"><h3 class=\"widget-title\">El blog de PSEDAS<\/h3>\n<div class=\"siteorigin-widget-tinymce textwidget\">\n\t<p>Art\u00edculos sobre psicolog\u00eda para todos.<\/p>\n<a href=\"https:\/\/psedas.com\/es\/blog-de-psicologia\/\" class=\"btn btn-primary\" target=\"_self\" >Leer art\u00edculos<\/a>\n<\/div>\n<\/div><\/div><\/div><\/div><div id=\"pgc-9307-8-1\"  class=\"panel-grid-cell\" ><div id=\"panel-9307-8-1-0\" class=\"so-panel widget widget_qt_recent_posts_block widget_post_block panel-first-child panel-last-child\" data-index=\"18\" ><div class=\"bigger-widget-title panel-widget-style panel-widget-style-for-9307-8-1-0\" >\n\t\t\t<div class=\"news-posts-block\">\n\n\t\t\t\t\n\t\t\t\t<div class=\"row\">\n\t\t\t\t\t\t\t\t\t\t\n\t\t\t\t\t\t<div class=\"col-xs-12 col-sm-4 col-md-4\">\n\t\t\t\t\t\t\t<article class=\"news-post\">\n\t\t\t\t\t\t\t\t\t\t\t\t\t\t\t\t\t<div class=\"news-post--image\">\n\t\t\t\t\t\t\t\t\t\t<a href=\"https:\/\/psedas.com\/es\/blog\/de-la-crisis-de-ansiedad-a-la-agorafobia-recorrido-por-etapas-y-sintomas\/\">\n\t\t\t\t\t\t\t\t\t\t\t<img width=\"360\" height=\"180\" src=\"https:\/\/psedas.com\/wp-content\/uploads\/2021\/02\/ansiedad-360x180.jpg\" class=\"attachment-physio-qt-news-s size-physio-qt-news-s\" alt=\"\" loading=\"lazy\" srcset=\"https:\/\/psedas.com\/wp-content\/uploads\/2021\/02\/ansiedad-360x180.jpg 360w, https:\/\/psedas.com\/wp-content\/uploads\/2021\/02\/ansiedad-848x425.jpg 848w\" sizes=\"(min-width: 781px) 360px, calc(100vw - 30px)\" \/> \n\t\t\t\t\t\t\t\t\t\t\t\t\t\t\t\t\t\t\t\t\t\t\t<span class=\"news-post--date\">15 de enero de 2026<\/span>\n\t\t\t\t\t\t\t\t\t\t\t\t\t\t\t\t\t\t\t\t\t<\/a>\n\t\t\t\t\t\t\t\t\t<\/div>\n\t\t\t\t\t\t\t\t\t\t\t\t\t\t\t\t<div class=\"news-post--content\">\n\t\t\t\t\t\t\t\t\t<h4 class=\"news-post--title\">\n\t\t\t\t\t\t\t\t\t\t<a href=\"https:\/\/psedas.com\/es\/blog\/de-la-crisis-de-ansiedad-a-la-agorafobia-recorrido-por-etapas-y-sintomas\/\">De la crisis de ansiedad a la agorafobia, recorrido por etapas y s\u00edntomas.<\/a>\n\t\t\t\t\t\t\t\t\t<\/h4>\n\n\t\t\t\t\t\t\t\t\t\t\t\t\t\t\t\t\t\t\t<p>\n\t\t\t\t\t                        La crisis de ansiedad, tambi\u00e9n se conoce como ataque de p\u00e1nico, consiste en un inicio brusco e inesperado de sensaciones...\t\t\t\t\t                    <\/p>\n\t\t\t\t                \t\n\t\t\t\t                    \t\t\t\t                    \t<a href=\"https:\/\/psedas.com\/es\/blog\/de-la-crisis-de-ansiedad-a-la-agorafobia-recorrido-por-etapas-y-sintomas\/\" class=\"text-link\">Read Post<\/a>\n\t\t\t\t                    \t\t\t\t\t\t\t\t<\/div>\n\t\t\t\t\t\t\t<\/article>\n\t\t\t\t\t\t<\/div>\n\t\t\t\t\t\t\n\t\t\t\t\t\t\n\t\t\t\t\t\t<div class=\"col-xs-12 col-sm-4 col-md-4\">\n\t\t\t\t\t\t\t<article class=\"news-post\">\n\t\t\t\t\t\t\t\t\t\t\t\t\t\t\t\t\t<div class=\"news-post--image\">\n\t\t\t\t\t\t\t\t\t\t<a href=\"https:\/\/psedas.com\/es\/blog\/tratamiento-psicologico-versus-farmacologico-en-la-crisis-de-ansiedad-y-trastorno-de-panico-con-agorafobia\/\">\n\t\t\t\t\t\t\t\t\t\t\t<img width=\"360\" height=\"180\" src=\"https:\/\/psedas.com\/wp-content\/uploads\/2021\/02\/agarofobia-360x180.jpg\" class=\"attachment-physio-qt-news-s size-physio-qt-news-s\" alt=\"\" loading=\"lazy\" srcset=\"https:\/\/psedas.com\/wp-content\/uploads\/2021\/02\/agarofobia-360x180.jpg 360w, https:\/\/psedas.com\/wp-content\/uploads\/2021\/02\/agarofobia-848x425.jpg 848w\" sizes=\"(min-width: 781px) 360px, calc(100vw - 30px)\" \/> \n\t\t\t\t\t\t\t\t\t\t\t\t\t\t\t\t\t\t\t\t\t\t\t<span class=\"news-post--date\">19 de diciembre de 2025<\/span>\n\t\t\t\t\t\t\t\t\t\t\t\t\t\t\t\t\t\t\t\t\t<\/a>\n\t\t\t\t\t\t\t\t\t<\/div>\n\t\t\t\t\t\t\t\t\t\t\t\t\t\t\t\t<div class=\"news-post--content\">\n\t\t\t\t\t\t\t\t\t<h4 class=\"news-post--title\">\n\t\t\t\t\t\t\t\t\t\t<a href=\"https:\/\/psedas.com\/es\/blog\/tratamiento-psicologico-versus-farmacologico-en-la-crisis-de-ansiedad-y-trastorno-de-panico-con-agorafobia\/\">Tratamiento psicol\u00f3gico versus farmacol\u00f3gico en la crisis de ansiedad y trastorno de p\u00e1nico con agorafobia.<\/a>\n\t\t\t\t\t\t\t\t\t<\/h4>\n\n\t\t\t\t\t\t\t\t\t\t\t\t\t\t\t\t\t\t\t<p>\n\t\t\t\t\t                        En el tratamiento de esta enfermedad, tratamos dos aspectos: farmacol\u00f3gicos y psicol\u00f3gico. En el apartado de la farmacolog\u00eda,...\t\t\t\t\t                    <\/p>\n\t\t\t\t                \t\n\t\t\t\t                    \t\t\t\t                    \t<a href=\"https:\/\/psedas.com\/es\/blog\/tratamiento-psicologico-versus-farmacologico-en-la-crisis-de-ansiedad-y-trastorno-de-panico-con-agorafobia\/\" class=\"text-link\">Read Post<\/a>\n\t\t\t\t                    \t\t\t\t\t\t\t\t<\/div>\n\t\t\t\t\t\t\t<\/article>\n\t\t\t\t\t\t<\/div>\n\t\t\t\t\t\t\n\t\t\t\t\t\t\n\t\t\t\t\t\t<div class=\"col-xs-12 col-sm-4 col-md-4\">\n\t\t\t\t\t\t\t<article class=\"news-post\">\n\t\t\t\t\t\t\t\t\t\t\t\t\t\t\t\t\t<div class=\"news-post--image\">\n\t\t\t\t\t\t\t\t\t\t<a href=\"https:\/\/psedas.com\/es\/blog\/trastorno-obsesivo-compulsivo-toc-tratamiento-psicologico-versus-farmacologico\/\">\n\t\t\t\t\t\t\t\t\t\t\t<img width=\"360\" height=\"180\" src=\"https:\/\/psedas.com\/wp-content\/uploads\/2021\/02\/toc-360x180.jpg\" class=\"attachment-physio-qt-news-s size-physio-qt-news-s\" alt=\"\" loading=\"lazy\" srcset=\"https:\/\/psedas.com\/wp-content\/uploads\/2021\/02\/toc-360x180.jpg 360w, https:\/\/psedas.com\/wp-content\/uploads\/2021\/02\/toc-848x425.jpg 848w\" sizes=\"(min-width: 781px) 360px, calc(100vw - 30px)\" \/> \n\t\t\t\t\t\t\t\t\t\t\t\t\t\t\t\t\t\t\t\t\t\t\t<span class=\"news-post--date\">16 de noviembre de 2025<\/span>\n\t\t\t\t\t\t\t\t\t\t\t\t\t\t\t\t\t\t\t\t\t<\/a>\n\t\t\t\t\t\t\t\t\t<\/div>\n\t\t\t\t\t\t\t\t\t\t\t\t\t\t\t\t<div class=\"news-post--content\">\n\t\t\t\t\t\t\t\t\t<h4 class=\"news-post--title\">\n\t\t\t\t\t\t\t\t\t\t<a href=\"https:\/\/psedas.com\/es\/blog\/trastorno-obsesivo-compulsivo-toc-tratamiento-psicologico-versus-farmacologico\/\">Trastorno obsesivo compulsivo TOC, tratamiento psicol\u00f3gico versus farmacol\u00f3gico.<\/a>\n\t\t\t\t\t\t\t\t\t<\/h4>\n\n\t\t\t\t\t\t\t\t\t\t\t\t\t\t\t\t\t\t\t<p>\n\t\t\t\t\t                        No confundir con personalidad obsesiva, o el trastorno obsesivo de la personalidad. Es bastante frecuente, entre el...\t\t\t\t\t                    <\/p>\n\t\t\t\t                \t\n\t\t\t\t                    \t\t\t\t                    \t<a href=\"https:\/\/psedas.com\/es\/blog\/trastorno-obsesivo-compulsivo-toc-tratamiento-psicologico-versus-farmacologico\/\" class=\"text-link\">Read Post<\/a>\n\t\t\t\t                    \t\t\t\t\t\t\t\t<\/div>\n\t\t\t\t\t\t\t<\/article>\n\t\t\t\t\t\t<\/div>\n\t\t\t\t\t\t\n\t\t\t\t\t\t\t\t\t\t\t\t\t<\/div>\n\t\t\t\t\t\t\t<div class=\"row\">\n\t\t\t\t\t\t\t\t\t\t<\/div>\n\t\t\t<\/div>\n\n\t\t\t<\/div><\/div><\/div><\/div><\/div><\/div>","protected":false},"excerpt":{"rendered":"<p>PSIC\u00d3LOGOS ONLINE de Cl\u00ednica Psedas Especializados en terapia virtual eficaz. Diagn\u00f3stico y tratamiento 100% personalizado. Sesiones flexibles y adaptadas a tus necesidades. \u00bfCrees necesitar ayuda psicol\u00f3gica? Exponnos tu preocupaci\u00f3n y nuestro psic\u00f3logo online resolver\u00e1 tus dudas. &nbsp; NUEVO! Terapia online 65 Eur\/h \u00bfPorqu\u00e9 confiar en la psicoterapia online de Cl\u00ednica Psedas? \u00bfTe sientes bloqueado? \u00bfNecesitas [&hellip;]<\/p>\n","protected":false},"author":2,"featured_media":0,"parent":0,"menu_order":0,"comment_status":"closed","ping_status":"closed","template":"","meta":[],"yoast_head":"<!-- This site is optimized with the Yoast SEO plugin v16.3 - https:\/\/yoast.com\/wordpress\/plugins\/seo\/ -->\n<title>Terapia Online con Psic\u00f3logos de Barcelona y Manresa | Cl\u00ednica PSEDAS<\/title>\n<meta name=\"description\" content=\"Expertos en Terapia a distancia por videollamada \u25b7 Eficaz, Flexible y Segura \u2b50 Sesiones HORARIO NOCHE. Psic\u00f3logos de confianza \u260e 668 893 873\" \/>\n<meta name=\"robots\" content=\"index, follow, max-snippet:-1, max-image-preview:large, max-video-preview:-1\" \/>\n<link rel=\"canonical\" href=\"https:\/\/psedas.com\/es\/terapia-online\/\" \/>\n<meta property=\"og:locale\" content=\"es_ES\" \/>\n<meta property=\"og:type\" content=\"article\" \/>\n<meta property=\"og:title\" content=\"Terapia Online con Psic\u00f3logos de Barcelona y Manresa | Cl\u00ednica PSEDAS\" \/>\n<meta property=\"og:description\" content=\"Expertos en Terapia a distancia por videollamada \u25b7 Eficaz, Flexible y Segura \u2b50 Sesiones HORARIO NOCHE. Psic\u00f3logos de confianza \u260e 668 893 873\" \/>\n<meta property=\"og:url\" content=\"https:\/\/psedas.com\/es\/terapia-online\/\" \/>\n<meta property=\"og:site_name\" content=\"PSEDAS\" \/>\n<meta property=\"article:modified_time\" content=\"2026-01-25T18:51:38+00:00\" \/>\n<meta name=\"twitter:card\" content=\"summary_large_image\" \/>\n<meta name=\"twitter:label1\" content=\"Tiempo de lectura\">\n\t<meta name=\"twitter:data1\" content=\"2 minutos\">\n<script type=\"application\/ld+json\" class=\"yoast-schema-graph\">{\"@context\":\"https:\/\/schema.org\",\"@graph\":[{\"@type\":\"WebSite\",\"@id\":\"https:\/\/psedas.com\/#website\",\"url\":\"https:\/\/psedas.com\/\",\"name\":\"PSEDAS\",\"description\":\"\",\"potentialAction\":[{\"@type\":\"SearchAction\",\"target\":\"https:\/\/psedas.com\/?s={search_term_string}\",\"query-input\":\"required name=search_term_string\"}],\"inLanguage\":\"es\"},{\"@type\":\"WebPage\",\"@id\":\"https:\/\/psedas.com\/es\/terapia-online\/#webpage\",\"url\":\"https:\/\/psedas.com\/es\/terapia-online\/\",\"name\":\"Terapia Online con Psic\\u00f3logos de Barcelona y Manresa | Cl\\u00ednica PSEDAS\",\"isPartOf\":{\"@id\":\"https:\/\/psedas.com\/#website\"},\"datePublished\":\"2022-01-26T16:53:43+00:00\",\"dateModified\":\"2026-01-25T18:51:38+00:00\",\"description\":\"Expertos en Terapia a distancia por videollamada \\u25b7 Eficaz, Flexible y Segura \\u2b50 Sesiones HORARIO NOCHE. Psic\\u00f3logos de confianza \\u260e 668 893 873\",\"breadcrumb\":{\"@id\":\"https:\/\/psedas.com\/es\/terapia-online\/#breadcrumb\"},\"inLanguage\":\"es\",\"potentialAction\":[{\"@type\":\"ReadAction\",\"target\":[\"https:\/\/psedas.com\/es\/terapia-online\/\"]}]},{\"@type\":\"BreadcrumbList\",\"@id\":\"https:\/\/psedas.com\/es\/terapia-online\/#breadcrumb\",\"itemListElement\":[{\"@type\":\"ListItem\",\"position\":1,\"item\":{\"@type\":\"WebPage\",\"@id\":\"https:\/\/psedas.com\/es\/\",\"url\":\"https:\/\/psedas.com\/es\/\",\"name\":\"Inici\"}},{\"@type\":\"ListItem\",\"position\":2,\"item\":{\"@id\":\"https:\/\/psedas.com\/es\/terapia-online\/#webpage\"}}]}]}<\/script>\n<!-- \/ Yoast SEO plugin. -->","_links":{"self":[{"href":"https:\/\/psedas.com\/es\/wp-json\/wp\/v2\/pages\/9307"}],"collection":[{"href":"https:\/\/psedas.com\/es\/wp-json\/wp\/v2\/pages"}],"about":[{"href":"https:\/\/psedas.com\/es\/wp-json\/wp\/v2\/types\/page"}],"author":[{"embeddable":true,"href":"https:\/\/psedas.com\/es\/wp-json\/wp\/v2\/users\/2"}],"replies":[{"embeddable":true,"href":"https:\/\/psedas.com\/es\/wp-json\/wp\/v2\/comments?post=9307"}],"version-history":[{"count":29,"href":"https:\/\/psedas.com\/es\/wp-json\/wp\/v2\/pages\/9307\/revisions"}],"predecessor-version":[{"id":23029,"href":"https:\/\/psedas.com\/es\/wp-json\/wp\/v2\/pages\/9307\/revisions\/23029"}],"wp:attachment":[{"href":"https:\/\/psedas.com\/es\/wp-json\/wp\/v2\/media?parent=9307"}],"curies":[{"name":"wp","href":"https:\/\/api.w.org\/{rel}","templated":true}]}}