{"id":8980,"date":"2021-11-03T14:22:16","date_gmt":"2021-11-03T12:22:16","guid":{"rendered":"https:\/\/psedas.com\/barcelona\/equip\/"},"modified":"2021-11-16T12:38:51","modified_gmt":"2021-11-16T10:38:51","slug":"equipo","status":"publish","type":"page","link":"https:\/\/psedas.com\/es\/barcelona\/equipo\/","title":{"rendered":"Equipo"},"content":{"rendered":"<div id=\"pl-8980\"  class=\"panel-layout\" ><div id=\"pg-8980-0\"  class=\"panel-grid panel-has-style\" ><div class=\"barcelona-banner siteorigin-panels-stretch panel-row-style panel-row-style-for-8980-0\" id=\"equip-banner\" data-stretch-type=\"full\" ><div id=\"pgc-8980-0-0\"  class=\"panel-grid-cell panel-grid-cell-mobile-last\" ><div id=\"panel-8980-0-0-0\" class=\"so-panel widget widget_sow-editor panel-first-child panel-last-child\" data-index=\"0\" ><div class=\"so-widget-sow-editor so-widget-sow-editor-base\">\n<div class=\"siteorigin-widget-tinymce textwidget\">\n\t<p><span class=\"text-big\">EQUIPO HUMANO<\/span><br \/>\n<span class=\"text-main\">Atenci\u00f3n psicol\u00f3gica personalizada.<\/span><\/p>\n<\/div>\n<\/div><\/div><\/div><div id=\"pgc-8980-0-1\"  class=\"panel-grid-cell panel-grid-cell-empty\" ><\/div><\/div><\/div><div id=\"pg-8980-1\"  class=\"panel-grid panel-has-style\" ><div class=\"barcelona-banner siteorigin-panels-stretch panel-row-style panel-row-style-for-8980-1\" id=\"equip-banner-mobile\" data-stretch-type=\"full\" ><div id=\"pgc-8980-1-0\"  class=\"panel-grid-cell\" ><div id=\"panel-8980-1-0-0\" class=\"so-panel widget widget_sow-editor panel-first-child\" data-index=\"1\" ><div class=\"so-widget-sow-editor so-widget-sow-editor-base\">\n<div class=\"siteorigin-widget-tinymce textwidget\">\n\t<p><span class=\"text-big\">EQUIPO HUMANO<\/span><br \/>\n<span class=\"text-main\">Atenci\u00f3n psicol\u00f3gica personalizada.<\/span><\/p>\n<\/div>\n<\/div><\/div><div id=\"panel-8980-1-0-1\" class=\"so-panel widget widget_media_image panel-last-child\" data-index=\"2\" ><img width=\"600\" height=\"471\" src=\"https:\/\/psedas.com\/wp-content\/uploads\/2021\/11\/psedas-duo-1.jpg\" class=\"image wp-image-8914  attachment-full size-full\" alt=\"\" loading=\"lazy\" style=\"max-width: 100%; height: auto;\" srcset=\"https:\/\/psedas.com\/wp-content\/uploads\/2021\/11\/psedas-duo-1.jpg 600w, https:\/\/psedas.com\/wp-content\/uploads\/2021\/11\/psedas-duo-1-300x236.jpg 300w\" sizes=\"(max-width: 600px) 100vw, 600px\" \/><\/div><\/div><\/div><\/div><div id=\"pg-8980-2\"  class=\"panel-grid panel-has-style\" ><div id=\"equip-main\" class=\"panel-row-style panel-row-style-for-8980-2\" ><div id=\"pgc-8980-2-0\"  class=\"panel-grid-cell\" ><div id=\"panel-8980-2-0-0\" class=\"so-panel widget widget_sow-editor panel-first-child panel-last-child\" data-index=\"3\" ><div class=\"so-widget-sow-editor so-widget-sow-editor-base\">\n<div class=\"siteorigin-widget-tinymce textwidget\">\n\t<p><span class=\"team-name\">Miquel Puig Castell\u00e0<\/span><br \/>\n<span class=\"team-title\">Ingeniero y Psic\u00f3logo<\/span><\/p>\n<p>Diplomado en ingenier\u00eda y licenciado en psicolog\u00eda, CEO del Centre de Psicolog\u00eda y Salud de Manresa, y CEO de Psedas.com.<\/p>\n<p>Busco ofrecerte un muy buen servicio, contribuyendo en la mejora de la salud psicol\u00f3gica, en la transmisi\u00f3n de h\u00e1bitos y conceptos que poden ayudar a las personas a vivir mejor y m\u00e1s tranquilas, controlando o solucionando sus problemas emocionales. Busco la progresi\u00f3n de la persona en sus objetivos vitales y laborales.<\/p>\n<p>Soy ingeniero y psic\u00f3logo, con acreditaci\u00f3n sanitaria y me dedico a la psicolog\u00eda cl\u00ednica de adultos y adolescentes, las principales v\u00edas de trabajo son entre otras:<\/p>\n<ul>\n<li>Miedos post pand\u00e9micos<\/li>\n<li>Estr\u00e9s postraum\u00e1tico<\/li>\n<li>Entrenamiento en el pensamiento del \u00e9xito<\/li>\n<li>Transformaci\u00f3n personal<\/li>\n<li>Estructuraci\u00f3n y organizaci\u00f3n mental y vital<\/li>\n<li>Burning out o el s\u00edndrome del quemado laboral<\/li>\n<li>Estr\u00e9s vital y laboral<\/li>\n<li>Trastornos adaptativos en el adulto y la adolescencia<\/li>\n<li>Fobias, obsesiones, trastornos mentales<\/li>\n<li>S\u00edndrome del nido vac\u00edo<\/li>\n<\/ul>\n<p>Mi orientaci\u00f3n es ecl\u00e9ctica, utilizo diferentes enfoques y diversas herramientas de la terapia cognitivo-conductual, sist\u00e9mica, breve estrat\u00e9gica, humanista, narrativa, constructivista, neuropsicolog\u00eda, psicoterapia cl\u00ednica y t\u00e9cnicas hipn\u00f3ticas. Mis principales herramientas son:<\/p>\n<p>Terapia Cognitiva<br \/>\nTerapia sist\u00e9mica<br \/>\nTerapia Programaci\u00f3n Neuroling\u00fc\u00edstica y EMDR<br \/>\nT\u00e9cnicas hipn\u00f3ticas<br \/>\nT\u00e9cnicas Gestalt <\/p>\n<p>&nbsp;<\/p>\n<p><span class=\"team-name\">M. Dolors Pallar\u00e8s i Ramon <\/span><br \/>\n<span class=\"team-title\">Psic\u00f3loga<\/span><\/p>\n<ul>\n<li>Licenciada en Psicolog\u00eda cl\u00ednica en la Universidad de Barcelona.<\/li>\n<li>Postgrado en \u201cTerapia Cognitivo\/Social\u201d en la Universitat de Barcelona.<\/li>\n<li>Formadora en inteligencia emocional.<\/li>\n<li>Formadora en Comunicaci\u00f3n no Violenta.<\/li>\n<li>Profesora colaboradora en inteligencia emocional del \u201cM\u00e1ster de medicina naturista y enfermer\u00eda naturista\u201d en el cual participan el Colegio oficial de m\u00e9dicos de Barcelona (COMB), el Colegio oficial de enfermer\u00eda de Barcelona (COIB), la Universidad Central de Barcelona (UB) y la Universidad Aut\u00f3noma de Barcelona (UAB).<\/li>\n<li>Colaboradora habitual de la revista Integral.<\/li>\n<\/ul>\n<\/div>\n<\/div><\/div><\/div><\/div><\/div><\/div>","protected":false},"excerpt":{"rendered":"<p>EQUIPO HUMANO Atenci\u00f3n psicol\u00f3gica personalizada. EQUIPO HUMANO Atenci\u00f3n psicol\u00f3gica personalizada.<\/p>\n","protected":false},"author":2,"featured_media":0,"parent":8932,"menu_order":0,"comment_status":"closed","ping_status":"closed","template":"","meta":[],"yoast_head":"<!-- This site is optimized with the Yoast SEO plugin v16.3 - https:\/\/yoast.com\/wordpress\/plugins\/seo\/ -->\n<title>Equip hum\u00e0 de Cl\u00ednica PSEDAS \u00b7 Psic\u00f2legs a Barcelona<\/title>\n<meta name=\"description\" content=\"Equip de psic\u00f2legs multidisciplinar. Atenci\u00f3 psicol\u00f2gica professional i personalitzada, on tu ets el m\u00e9s important! Psicoter\u00e0pia a Barcelona, Manresa i online. \u260e +34 668 89 38 73\" \/>\n<meta name=\"robots\" content=\"index, follow, max-snippet:-1, max-image-preview:large, max-video-preview:-1\" \/>\n<link rel=\"canonical\" href=\"https:\/\/psedas.com\/es\/barcelona\/equipo\/\" \/>\n<meta property=\"og:locale\" content=\"es_ES\" \/>\n<meta property=\"og:type\" content=\"article\" \/>\n<meta property=\"og:title\" content=\"Equip hum\u00e0 de Cl\u00ednica PSEDAS \u00b7 Psic\u00f2legs a Barcelona\" \/>\n<meta property=\"og:description\" content=\"Equip de psic\u00f2legs multidisciplinar. Atenci\u00f3 psicol\u00f2gica professional i personalitzada, on tu ets el m\u00e9s important! Psicoter\u00e0pia a Barcelona, Manresa i online. \u260e +34 668 89 38 73\" \/>\n<meta property=\"og:url\" content=\"https:\/\/psedas.com\/es\/barcelona\/equipo\/\" \/>\n<meta property=\"og:site_name\" content=\"PSEDAS\" \/>\n<meta property=\"article:modified_time\" content=\"2021-11-16T10:38:51+00:00\" \/>\n<meta name=\"twitter:card\" content=\"summary_large_image\" \/>\n<meta name=\"twitter:label1\" content=\"Tiempo de lectura\">\n\t<meta name=\"twitter:data1\" content=\"2 minutos\">\n<script type=\"application\/ld+json\" class=\"yoast-schema-graph\">{\"@context\":\"https:\/\/schema.org\",\"@graph\":[{\"@type\":\"WebSite\",\"@id\":\"https:\/\/psedas.com\/#website\",\"url\":\"https:\/\/psedas.com\/\",\"name\":\"PSEDAS\",\"description\":\"\",\"potentialAction\":[{\"@type\":\"SearchAction\",\"target\":\"https:\/\/psedas.com\/?s={search_term_string}\",\"query-input\":\"required name=search_term_string\"}],\"inLanguage\":\"es\"},{\"@type\":\"WebPage\",\"@id\":\"https:\/\/psedas.com\/es\/barcelona\/equipo\/#webpage\",\"url\":\"https:\/\/psedas.com\/es\/barcelona\/equipo\/\",\"name\":\"Equip hum\\u00e0 de Cl\\u00ednica PSEDAS \\u00b7 Psic\\u00f2legs a Barcelona\",\"isPartOf\":{\"@id\":\"https:\/\/psedas.com\/#website\"},\"datePublished\":\"2021-11-03T12:22:16+00:00\",\"dateModified\":\"2021-11-16T10:38:51+00:00\",\"description\":\"Equip de psic\\u00f2legs multidisciplinar. Atenci\\u00f3 psicol\\u00f2gica professional i personalitzada, on tu ets el m\\u00e9s important! Psicoter\\u00e0pia a Barcelona, Manresa i online. \\u260e +34 668 89 38 73\",\"breadcrumb\":{\"@id\":\"https:\/\/psedas.com\/es\/barcelona\/equipo\/#breadcrumb\"},\"inLanguage\":\"es\",\"potentialAction\":[{\"@type\":\"ReadAction\",\"target\":[\"https:\/\/psedas.com\/es\/barcelona\/equipo\/\"]}]},{\"@type\":\"BreadcrumbList\",\"@id\":\"https:\/\/psedas.com\/es\/barcelona\/equipo\/#breadcrumb\",\"itemListElement\":[{\"@type\":\"ListItem\",\"position\":1,\"item\":{\"@type\":\"WebPage\",\"@id\":\"https:\/\/psedas.com\/es\/\",\"url\":\"https:\/\/psedas.com\/es\/\",\"name\":\"Inici\"}},{\"@type\":\"ListItem\",\"position\":2,\"item\":{\"@type\":\"WebPage\",\"@id\":\"https:\/\/psedas.com\/es\/barcelona\/\",\"url\":\"https:\/\/psedas.com\/es\/barcelona\/\",\"name\":\"Barcelona\"}},{\"@type\":\"ListItem\",\"position\":3,\"item\":{\"@id\":\"https:\/\/psedas.com\/es\/barcelona\/equipo\/#webpage\"}}]}]}<\/script>\n<!-- \/ Yoast SEO plugin. -->","_links":{"self":[{"href":"https:\/\/psedas.com\/es\/wp-json\/wp\/v2\/pages\/8980"}],"collection":[{"href":"https:\/\/psedas.com\/es\/wp-json\/wp\/v2\/pages"}],"about":[{"href":"https:\/\/psedas.com\/es\/wp-json\/wp\/v2\/types\/page"}],"author":[{"embeddable":true,"href":"https:\/\/psedas.com\/es\/wp-json\/wp\/v2\/users\/2"}],"replies":[{"embeddable":true,"href":"https:\/\/psedas.com\/es\/wp-json\/wp\/v2\/comments?post=8980"}],"version-history":[{"count":5,"href":"https:\/\/psedas.com\/es\/wp-json\/wp\/v2\/pages\/8980\/revisions"}],"predecessor-version":[{"id":8985,"href":"https:\/\/psedas.com\/es\/wp-json\/wp\/v2\/pages\/8980\/revisions\/8985"}],"up":[{"embeddable":true,"href":"https:\/\/psedas.com\/es\/wp-json\/wp\/v2\/pages\/8932"}],"wp:attachment":[{"href":"https:\/\/psedas.com\/es\/wp-json\/wp\/v2\/media?parent=8980"}],"curies":[{"name":"wp","href":"https:\/\/api.w.org\/{rel}","templated":true}]}}