{"id":8932,"date":"2021-11-03T11:00:22","date_gmt":"2021-11-03T09:00:22","guid":{"rendered":"https:\/\/psedas.com\/barcelona\/"},"modified":"2026-01-25T21:33:05","modified_gmt":"2026-01-25T19:33:05","slug":"barcelona","status":"publish","type":"page","link":"https:\/\/psedas.com\/es\/barcelona\/","title":{"rendered":"Barcelona"},"content":{"rendered":"<div id=\"pl-8932\"  class=\"panel-layout\" ><div id=\"pg-8932-0\"  class=\"panel-grid panel-has-style\" ><div class=\"barcelona-banner siteorigin-panels-stretch panel-row-style panel-row-style-for-8932-0\" id=\"barcelona-banner\" data-stretch-type=\"full\" ><div id=\"pgc-8932-0-0\"  class=\"panel-grid-cell panel-grid-cell-empty\" ><\/div><div id=\"pgc-8932-0-1\"  class=\"panel-grid-cell\" ><div id=\"panel-8932-0-1-0\" class=\"so-panel widget widget_sow-editor panel-first-child panel-last-child\" data-index=\"0\" ><div class=\"bigger-widget-title panel-widget-style panel-widget-style-for-8932-0-1-0\" ><div class=\"so-widget-sow-editor so-widget-sow-editor-base\">\n<div class=\"siteorigin-widget-tinymce textwidget\">\n\t<p><span class=\"text-big\">\u00bfTe sientes bloqueado?<\/span><br \/>\n<span class=\"text-main\">En Cl\u00ednica Psedas te ayudamos. Expon tu caso a<\/span><span class=\"text-main\">\u00a0nuestro psic\u00f3logo en Barcelona. \u00a0<\/span><\/p>\n<div class=\"buttons-serveis\"><a href=\"https:\/\/psedas.com\/es\/cita-previa\/\" class=\"btn btn-primary\" target=\"_self\" >Cons\u00faltanos<\/a> <a href=\"tel:+34668893873\" class=\"btn btn-primary\" target=\"_self\" >668 893 873 WhastApp <\/a><\/div>\n<p><strong>Terapia personalizada<\/strong> y adaptada a cada persona.<\/p>\n<\/div>\n<\/div><\/div><\/div><\/div><\/div><\/div><div id=\"pg-8932-1\"  class=\"panel-grid panel-has-style\" ><div id=\"barcelona-intro\" class=\"panel-row-style panel-row-style-for-8932-1\" ><div id=\"pgc-8932-1-0\"  class=\"panel-grid-cell\" ><div id=\"panel-8932-1-0-0\" class=\"so-panel widget widget_sow-editor panel-first-child panel-last-child\" data-index=\"1\" ><div class=\"so-widget-sow-editor so-widget-sow-editor-base\">\n<div class=\"siteorigin-widget-tinymce textwidget\">\n\t<h1>Psic\u00f3logos en Barcelona<\/h1>\n<h2>A Cl\u00ednica Psedas somos profesionales expertos en psicolog\u00eda para adultos y adolescentes.<\/h2>\n<p>Contribuimos en la mejora de la salud psicol\u00f3gica y en el bienestar de las personas en sus objetivos vitales y laborales.<\/p>\n<p>Aportamos soluciones eficaces a todo tipo de problemas psicol\u00f3gicos, emocionales y psicosom\u00e1ticos, desde una perspectiva multidisciplinar.<\/p>\n<p>&nbsp;<\/p>\n<h2>Nuestros enfoques de psicoterapia:<\/h2>\n<h4>\u2015 Terapia Cognitiva<\/h4>\n<h4>\u2015 Terapia Sist\u00e9mica<\/h4>\n<h4>\u2015 Terapia EMDR<\/h4>\n<h4>\u2015 Terapia Programaci\u00f3n Neuroling\u00fc\u00edstica<\/h4>\n<h4>\u2015 T\u00e9cnicas hipn\u00f3ticas<\/h4>\n<h4>\u2015 T\u00e9cnicas Gestalt<\/h4>\n<\/div>\n<\/div><\/div><\/div><div id=\"pgc-8932-1-1\"  class=\"panel-grid-cell\" ><div id=\"panel-8932-1-1-0\" class=\"so-panel widget widget_sow-editor panel-first-child panel-last-child\" data-index=\"2\" ><div class=\"so-widget-sow-editor so-widget-sow-editor-base\">\n<div class=\"siteorigin-widget-tinymce textwidget\">\n\t<h2>Nuestros servicios de atenci\u00f3n psicol\u00f3gica especializada en Barcelona para adultos y psicoterapia juvenil:<\/h2>\n<p>\u2b9e Estr\u00e9s post traum\u00e1tico.<br \/>\n\u2b9e Ansiedad generalizada.<br \/>\n\u2b9e Burning out o s\u00edndrome del quemado laboral.<br \/>\n\u2b9e Entrenamiento en el pensamiento del \u00e9xito.<br \/>\n\u2b9e Transformaci\u00f3n personal.<br \/>\n\u2b9e Estructuraci\u00f3n y organizaci\u00f3n mental y vital.<br \/>\n\u2b9e Miedos<br \/>\n\u2b9e Estr\u00e9s vital y laboral.<br \/>\n\u2b9e Trastornos adaptativos en adultos y adolescencia.<br \/>\n\u2b9e Fobias, obsesiones, trastornos mentales.<br \/>\n\u2b9e S\u00edndrome del nido vac\u00edo.<\/p>\n<h4><strong>En Cl\u00ednica Psedas Barcelona te escuchamos y te ayudamos en tu proceso de cambio.<\/strong><\/h4>\n<h4><strong>Exponnos tu problema sin compromiso y resolveremos tus dudas.<\/strong><\/h4>\n<a href=\"https:\/\/psedas.com\/es\/cita-previa\/\" class=\"btn btn-primary\" target=\"_self\" >Pide Cita<\/a>\n<\/div>\n<\/div><\/div><\/div><\/div><\/div><div id=\"pg-8932-2\"  class=\"panel-grid panel-has-style\" ><div class=\"siteorigin-panels-stretch panel-row-style panel-row-style-for-8932-2\" id=\"barcelona-quisom\" data-stretch-type=\"full\" ><div id=\"pgc-8932-2-0\"  class=\"panel-grid-cell\" ><div id=\"panel-8932-2-0-0\" class=\"so-panel widget widget_sow-editor panel-first-child panel-last-child\" data-index=\"3\" ><div class=\"bigger-widget-title panel-widget-style panel-widget-style-for-8932-2-0-0\" ><div class=\"so-widget-sow-editor so-widget-sow-editor-base\"><h3 class=\"widget-title\">Qui\u00e9nes somos, como somos<\/h3>\n<div class=\"siteorigin-widget-tinymce textwidget\">\n\t<p><img loading=\"lazy\" class=\"wp-image-7938 size-full alignright\" src=\"https:\/\/psedas.com\/wp-content\/uploads\/2021\/04\/quisom-200x300.jpg\" alt=\"\" width=\"200\" height=\"300\" srcset=\"https:\/\/psedas.com\/wp-content\/uploads\/2021\/04\/quisom-200x300.jpg 200w, https:\/\/psedas.com\/wp-content\/uploads\/2021\/04\/quisom-684x1024.jpg 684w, https:\/\/psedas.com\/wp-content\/uploads\/2021\/04\/quisom-768x1150.jpg 768w, https:\/\/psedas.com\/wp-content\/uploads\/2021\/04\/quisom-1025x1536.jpg 1025w, https:\/\/psedas.com\/wp-content\/uploads\/2021\/04\/quisom.jpg 1179w\" sizes=\"(max-width: 200px) 100vw, 200px\" \/><\/p>\n<p>Somos un equipo de psic\u00f3logos en Barcelona, especialistas en psicolog\u00eda cl\u00ednica para adultos y adolescentes utilizando t\u00e9cnicas multidisciplinares.<\/p>\n<p>Somos profesionales especializados en proporcionar atenci\u00f3n psicol\u00f3gica personalizada, donde t\u00fa eres lo m\u00e1s importante.<\/p>\n<p><a class=\"btn\" href=\"https:\/\/psedas.com\/es\/barcelona\/equipo\/\" target=\"_self\" rel=\"noopener\">Con\u00f3cenos<\/a><\/p>\n<\/div>\n<\/div><\/div><\/div><\/div><div id=\"pgc-8932-2-1\"  class=\"panel-grid-cell\" ><div id=\"panel-8932-2-1-0\" class=\"so-panel widget widget_sow-editor panel-first-child panel-last-child\" data-index=\"4\" ><div class=\"bigger-widget-title panel-widget-style panel-widget-style-for-8932-2-1-0\" ><div class=\"so-widget-sow-editor so-widget-sow-editor-base\"><h3 class=\"widget-title\">NUEVA DIRECCI\u00d3N BCN CALLE BAIL\u00c9N, 22, 1,1<\/h3>\n<div class=\"siteorigin-widget-tinymce textwidget\">\n\t<p>&nbsp;<\/p>\n<p>NUEVA DIRECCI\u00d3N EN BARCELONA en 2026: CALLE BAIL\u00c9N, 22, 1,1<\/p>\n<a href=\"https:\/\/psedas.com\/es\/cita-previa\/\" class=\"btn btn-primary\" target=\"_self\" >Cons\u00faltanos<\/a>\n<p>&nbsp;<\/p>\n<a href=\"tel:+34668893873\" class=\"btn btn-primary\" target=\"_self\" >668 893 873 WhastApp <\/a>\n<\/div>\n<\/div><\/div><\/div><\/div><\/div><\/div><div id=\"pg-8932-3\"  class=\"panel-grid panel-has-style\" ><div class=\"siteorigin-panels-stretch panel-row-style panel-row-style-for-8932-3\" data-stretch-type=\"full\" ><div id=\"pgc-8932-3-0\"  class=\"panel-grid-cell\" ><div id=\"panel-8932-3-0-0\" class=\"so-panel widget widget_qt_call_to_action widget-cta-banner panel-first-child panel-last-child\" data-index=\"5\" ><div id=\"barcelona-cta\" class=\"panel-widget-style panel-widget-style-for-8932-3-0-0\" >\n\t\t\t<div class=\"call-to-action cta-block with-subtitle\">\n\t\t\t\t<div class=\"call-to-action--content\">\n\t\t\t\t\t<div class=\"call-to-action--title\" style=\"color: #ffffff;\">\n\t\t\t\t\t\t<h2>Terapia cognitiva, sist\u00e9mica, conductual y EMDR en Barcelona.<\/h2>\t\t\t\t\t<\/div>\n\t\t\t\t\t\t\t\t\t\t\t<div class=\"call-to-action--subtitle\" style=\"color: #d6d6d6;\">\n\t\t\t\t\t\t\tLos mejores psic\u00f3logos especialistas te ayudar\u00e1n a sentirte mejor\t\t\t\t\t\t<\/div>\n\t\t\t\t\t\t\t\t\t<\/div>\n\t\t\t\t<div class=\"call-to-action--buttons\">\n\t\t\t\t\t<a href=\"https:\/\/psedas.com\/es\/cita-previa\/\" class=\"btn btn-outline\" target=\"_self\">Reserva cita<\/a>\t\t\t\t<\/div>\n\t\t\t<\/div>\n\n\t\t\t<\/div><\/div><\/div><\/div><\/div><div id=\"pg-8932-4\"  class=\"panel-grid panel-has-style\" ><div class=\"siteorigin-panels-stretch panel-row-style panel-row-style-for-8932-4\" data-stretch-type=\"full\" ><div id=\"pgc-8932-4-0\"  class=\"panel-grid-cell\" ><div id=\"panel-8932-4-0-0\" class=\"so-panel widget widget_sow-editor panel-first-child panel-last-child\" data-index=\"6\" ><div class=\"panel-widget-style panel-widget-style-for-8932-4-0-0\" ><div class=\"so-widget-sow-editor so-widget-sow-editor-base\"><h3 class=\"widget-title\">El blog de PSEDAS<\/h3>\n<div class=\"siteorigin-widget-tinymce textwidget\">\n\t<p>Posts sobre psicolog\u00eda para todos<\/p>\n<a href=\"https:\/\/psedas.com\/es\/blog-de-psicologia\/\" class=\"btn btn-primary\" target=\"_self\" >Leer art\u00edculos<\/a>\n<\/div>\n<\/div><\/div><\/div><\/div><div id=\"pgc-8932-4-1\"  class=\"panel-grid-cell\" ><div id=\"panel-8932-4-1-0\" class=\"so-panel widget widget_qt_recent_posts_block widget_post_block panel-first-child panel-last-child\" data-index=\"7\" ><div class=\"bigger-widget-title panel-widget-style panel-widget-style-for-8932-4-1-0\" >\n\t\t\t<div class=\"news-posts-block\">\n\n\t\t\t\t\n\t\t\t\t<div class=\"row\">\n\t\t\t\t\t\t\t\t\t\t\n\t\t\t\t\t\t<div class=\"col-xs-12 col-sm-4 col-md-4\">\n\t\t\t\t\t\t\t<article class=\"news-post\">\n\t\t\t\t\t\t\t\t\t\t\t\t\t\t\t\t\t<div class=\"news-post--image\">\n\t\t\t\t\t\t\t\t\t\t<a href=\"https:\/\/psedas.com\/es\/blog\/de-la-crisis-de-ansiedad-a-la-agorafobia-recorrido-por-etapas-y-sintomas\/\">\n\t\t\t\t\t\t\t\t\t\t\t<img width=\"360\" height=\"180\" src=\"https:\/\/psedas.com\/wp-content\/uploads\/2021\/02\/ansiedad-360x180.jpg\" class=\"attachment-physio-qt-news-s size-physio-qt-news-s\" alt=\"\" loading=\"lazy\" srcset=\"https:\/\/psedas.com\/wp-content\/uploads\/2021\/02\/ansiedad-360x180.jpg 360w, https:\/\/psedas.com\/wp-content\/uploads\/2021\/02\/ansiedad-848x425.jpg 848w\" sizes=\"(min-width: 781px) 360px, calc(100vw - 30px)\" \/> \n\t\t\t\t\t\t\t\t\t\t\t\t\t\t\t\t\t\t\t\t\t\t\t<span class=\"news-post--date\">15 de enero de 2026<\/span>\n\t\t\t\t\t\t\t\t\t\t\t\t\t\t\t\t\t\t\t\t\t<\/a>\n\t\t\t\t\t\t\t\t\t<\/div>\n\t\t\t\t\t\t\t\t\t\t\t\t\t\t\t\t<div class=\"news-post--content\">\n\t\t\t\t\t\t\t\t\t<h4 class=\"news-post--title\">\n\t\t\t\t\t\t\t\t\t\t<a href=\"https:\/\/psedas.com\/es\/blog\/de-la-crisis-de-ansiedad-a-la-agorafobia-recorrido-por-etapas-y-sintomas\/\">De la crisis de ansiedad a la agorafobia, recorrido por etapas y s\u00edntomas.<\/a>\n\t\t\t\t\t\t\t\t\t<\/h4>\n\n\t\t\t\t\t\t\t\t\t\t\t\t\t\t\t\t\t\t\t<p>\n\t\t\t\t\t                        La crisis de ansiedad, tambi\u00e9n se conoce como ataque de p\u00e1nico, consiste en un inicio brusco e inesperado de sensaciones...\t\t\t\t\t                    <\/p>\n\t\t\t\t                \t\n\t\t\t\t                    \t\t\t\t                    \t<a href=\"https:\/\/psedas.com\/es\/blog\/de-la-crisis-de-ansiedad-a-la-agorafobia-recorrido-por-etapas-y-sintomas\/\" class=\"text-link\">Read Post<\/a>\n\t\t\t\t                    \t\t\t\t\t\t\t\t<\/div>\n\t\t\t\t\t\t\t<\/article>\n\t\t\t\t\t\t<\/div>\n\t\t\t\t\t\t\n\t\t\t\t\t\t\n\t\t\t\t\t\t<div class=\"col-xs-12 col-sm-4 col-md-4\">\n\t\t\t\t\t\t\t<article class=\"news-post\">\n\t\t\t\t\t\t\t\t\t\t\t\t\t\t\t\t\t<div class=\"news-post--image\">\n\t\t\t\t\t\t\t\t\t\t<a href=\"https:\/\/psedas.com\/es\/blog\/tratamiento-psicologico-versus-farmacologico-en-la-crisis-de-ansiedad-y-trastorno-de-panico-con-agorafobia\/\">\n\t\t\t\t\t\t\t\t\t\t\t<img width=\"360\" height=\"180\" src=\"https:\/\/psedas.com\/wp-content\/uploads\/2021\/02\/agarofobia-360x180.jpg\" class=\"attachment-physio-qt-news-s size-physio-qt-news-s\" alt=\"\" loading=\"lazy\" srcset=\"https:\/\/psedas.com\/wp-content\/uploads\/2021\/02\/agarofobia-360x180.jpg 360w, https:\/\/psedas.com\/wp-content\/uploads\/2021\/02\/agarofobia-848x425.jpg 848w\" sizes=\"(min-width: 781px) 360px, calc(100vw - 30px)\" \/> \n\t\t\t\t\t\t\t\t\t\t\t\t\t\t\t\t\t\t\t\t\t\t\t<span class=\"news-post--date\">19 de diciembre de 2025<\/span>\n\t\t\t\t\t\t\t\t\t\t\t\t\t\t\t\t\t\t\t\t\t<\/a>\n\t\t\t\t\t\t\t\t\t<\/div>\n\t\t\t\t\t\t\t\t\t\t\t\t\t\t\t\t<div class=\"news-post--content\">\n\t\t\t\t\t\t\t\t\t<h4 class=\"news-post--title\">\n\t\t\t\t\t\t\t\t\t\t<a href=\"https:\/\/psedas.com\/es\/blog\/tratamiento-psicologico-versus-farmacologico-en-la-crisis-de-ansiedad-y-trastorno-de-panico-con-agorafobia\/\">Tratamiento psicol\u00f3gico versus farmacol\u00f3gico en la crisis de ansiedad y trastorno de p\u00e1nico con agorafobia.<\/a>\n\t\t\t\t\t\t\t\t\t<\/h4>\n\n\t\t\t\t\t\t\t\t\t\t\t\t\t\t\t\t\t\t\t<p>\n\t\t\t\t\t                        En el tratamiento de esta enfermedad, tratamos dos aspectos: farmacol\u00f3gicos y psicol\u00f3gico. En el apartado de la farmacolog\u00eda,...\t\t\t\t\t                    <\/p>\n\t\t\t\t                \t\n\t\t\t\t                    \t\t\t\t                    \t<a href=\"https:\/\/psedas.com\/es\/blog\/tratamiento-psicologico-versus-farmacologico-en-la-crisis-de-ansiedad-y-trastorno-de-panico-con-agorafobia\/\" class=\"text-link\">Read Post<\/a>\n\t\t\t\t                    \t\t\t\t\t\t\t\t<\/div>\n\t\t\t\t\t\t\t<\/article>\n\t\t\t\t\t\t<\/div>\n\t\t\t\t\t\t\n\t\t\t\t\t\t\n\t\t\t\t\t\t<div class=\"col-xs-12 col-sm-4 col-md-4\">\n\t\t\t\t\t\t\t<article class=\"news-post\">\n\t\t\t\t\t\t\t\t\t\t\t\t\t\t\t\t\t<div class=\"news-post--image\">\n\t\t\t\t\t\t\t\t\t\t<a href=\"https:\/\/psedas.com\/es\/blog\/trastorno-obsesivo-compulsivo-toc-tratamiento-psicologico-versus-farmacologico\/\">\n\t\t\t\t\t\t\t\t\t\t\t<img width=\"360\" height=\"180\" src=\"https:\/\/psedas.com\/wp-content\/uploads\/2021\/02\/toc-360x180.jpg\" class=\"attachment-physio-qt-news-s size-physio-qt-news-s\" alt=\"\" loading=\"lazy\" srcset=\"https:\/\/psedas.com\/wp-content\/uploads\/2021\/02\/toc-360x180.jpg 360w, https:\/\/psedas.com\/wp-content\/uploads\/2021\/02\/toc-848x425.jpg 848w\" sizes=\"(min-width: 781px) 360px, calc(100vw - 30px)\" \/> \n\t\t\t\t\t\t\t\t\t\t\t\t\t\t\t\t\t\t\t\t\t\t\t<span class=\"news-post--date\">16 de noviembre de 2025<\/span>\n\t\t\t\t\t\t\t\t\t\t\t\t\t\t\t\t\t\t\t\t\t<\/a>\n\t\t\t\t\t\t\t\t\t<\/div>\n\t\t\t\t\t\t\t\t\t\t\t\t\t\t\t\t<div class=\"news-post--content\">\n\t\t\t\t\t\t\t\t\t<h4 class=\"news-post--title\">\n\t\t\t\t\t\t\t\t\t\t<a href=\"https:\/\/psedas.com\/es\/blog\/trastorno-obsesivo-compulsivo-toc-tratamiento-psicologico-versus-farmacologico\/\">Trastorno obsesivo compulsivo TOC, tratamiento psicol\u00f3gico versus farmacol\u00f3gico.<\/a>\n\t\t\t\t\t\t\t\t\t<\/h4>\n\n\t\t\t\t\t\t\t\t\t\t\t\t\t\t\t\t\t\t\t<p>\n\t\t\t\t\t                        No confundir con personalidad obsesiva, o el trastorno obsesivo de la personalidad. Es bastante frecuente, entre el...\t\t\t\t\t                    <\/p>\n\t\t\t\t                \t\n\t\t\t\t                    \t\t\t\t                    \t<a href=\"https:\/\/psedas.com\/es\/blog\/trastorno-obsesivo-compulsivo-toc-tratamiento-psicologico-versus-farmacologico\/\" class=\"text-link\">Read Post<\/a>\n\t\t\t\t                    \t\t\t\t\t\t\t\t<\/div>\n\t\t\t\t\t\t\t<\/article>\n\t\t\t\t\t\t<\/div>\n\t\t\t\t\t\t\n\t\t\t\t\t\t\t\t\t\t\t\t\t<\/div>\n\t\t\t\t\t\t\t<div class=\"row\">\n\t\t\t\t\t\t\t\t\t\t<\/div>\n\t\t\t<\/div>\n\n\t\t\t<\/div><\/div><\/div><\/div><\/div><\/div>","protected":false},"excerpt":{"rendered":"<p>\u00bfTe sientes bloqueado? En Cl\u00ednica Psedas te ayudamos. Expon tu caso a\u00a0nuestro psic\u00f3logo en Barcelona. \u00a0 Terapia personalizada y adaptada a cada persona. Psic\u00f3logos en Barcelona A Cl\u00ednica Psedas somos profesionales expertos en psicolog\u00eda para adultos y adolescentes. Contribuimos en la mejora de la salud psicol\u00f3gica y en el bienestar de las personas en sus [&hellip;]<\/p>\n","protected":false},"author":2,"featured_media":0,"parent":0,"menu_order":0,"comment_status":"closed","ping_status":"closed","template":"","meta":[],"yoast_head":"<!-- This site is optimized with the Yoast SEO plugin v16.3 - https:\/\/yoast.com\/wordpress\/plugins\/seo\/ -->\n<title>Psic\u00f3logos en Barcelona y Psicoterapia online | Cl\u00ednica PSEDAS<\/title>\n<meta name=\"description\" content=\"Psic\u00f3logos en Barcelona. Especialitzados en psicolog\u00eda para adultos y adolescentes. Terapias eficaces. Pide cita! \u260e 668 893 873 Barcelona\" \/>\n<meta name=\"robots\" content=\"index, follow, max-snippet:-1, max-image-preview:large, max-video-preview:-1\" \/>\n<link rel=\"canonical\" href=\"https:\/\/psedas.com\/es\/barcelona\/\" \/>\n<meta property=\"og:locale\" content=\"es_ES\" \/>\n<meta property=\"og:type\" content=\"article\" \/>\n<meta property=\"og:title\" content=\"Psic\u00f3logos en Barcelona y Psicoterapia online | Cl\u00ednica PSEDAS\" \/>\n<meta property=\"og:description\" content=\"Psic\u00f3logos en Barcelona. Especialitzados en psicolog\u00eda para adultos y adolescentes. Terapias eficaces. Pide cita! \u260e 668 893 873 Barcelona\" \/>\n<meta property=\"og:url\" content=\"https:\/\/psedas.com\/es\/barcelona\/\" \/>\n<meta property=\"og:site_name\" content=\"PSEDAS\" \/>\n<meta property=\"article:modified_time\" content=\"2026-01-25T19:33:05+00:00\" \/>\n<meta property=\"og:image\" content=\"https:\/\/psedas.com\/wp-content\/uploads\/2021\/04\/quisom-200x300.jpg\" \/>\n<meta name=\"twitter:card\" content=\"summary_large_image\" \/>\n<meta name=\"twitter:label1\" content=\"Tiempo de lectura\">\n\t<meta name=\"twitter:data1\" content=\"2 minutos\">\n<script type=\"application\/ld+json\" class=\"yoast-schema-graph\">{\"@context\":\"https:\/\/schema.org\",\"@graph\":[{\"@type\":\"WebSite\",\"@id\":\"https:\/\/psedas.com\/#website\",\"url\":\"https:\/\/psedas.com\/\",\"name\":\"PSEDAS\",\"description\":\"\",\"potentialAction\":[{\"@type\":\"SearchAction\",\"target\":\"https:\/\/psedas.com\/?s={search_term_string}\",\"query-input\":\"required name=search_term_string\"}],\"inLanguage\":\"es\"},{\"@type\":\"ImageObject\",\"@id\":\"https:\/\/psedas.com\/es\/barcelona\/#primaryimage\",\"inLanguage\":\"es\",\"url\":\"https:\/\/psedas.com\/wp-content\/uploads\/2021\/04\/quisom.jpg\",\"contentUrl\":\"https:\/\/psedas.com\/wp-content\/uploads\/2021\/04\/quisom.jpg\",\"width\":1179,\"height\":1766,\"caption\":\"Psychologist listening to her patient and writing down notes, mental health and counseling concept\"},{\"@type\":\"WebPage\",\"@id\":\"https:\/\/psedas.com\/es\/barcelona\/#webpage\",\"url\":\"https:\/\/psedas.com\/es\/barcelona\/\",\"name\":\"Psic\\u00f3logos en Barcelona y Psicoterapia online | Cl\\u00ednica PSEDAS\",\"isPartOf\":{\"@id\":\"https:\/\/psedas.com\/#website\"},\"primaryImageOfPage\":{\"@id\":\"https:\/\/psedas.com\/es\/barcelona\/#primaryimage\"},\"datePublished\":\"2021-11-03T09:00:22+00:00\",\"dateModified\":\"2026-01-25T19:33:05+00:00\",\"description\":\"Psic\\u00f3logos en Barcelona. Especialitzados en psicolog\\u00eda para adultos y adolescentes. Terapias eficaces. Pide cita! \\u260e 668 893 873 Barcelona\",\"breadcrumb\":{\"@id\":\"https:\/\/psedas.com\/es\/barcelona\/#breadcrumb\"},\"inLanguage\":\"es\",\"potentialAction\":[{\"@type\":\"ReadAction\",\"target\":[\"https:\/\/psedas.com\/es\/barcelona\/\"]}]},{\"@type\":\"BreadcrumbList\",\"@id\":\"https:\/\/psedas.com\/es\/barcelona\/#breadcrumb\",\"itemListElement\":[{\"@type\":\"ListItem\",\"position\":1,\"item\":{\"@type\":\"WebPage\",\"@id\":\"https:\/\/psedas.com\/es\/\",\"url\":\"https:\/\/psedas.com\/es\/\",\"name\":\"Inici\"}},{\"@type\":\"ListItem\",\"position\":2,\"item\":{\"@id\":\"https:\/\/psedas.com\/es\/barcelona\/#webpage\"}}]}]}<\/script>\n<!-- \/ Yoast SEO plugin. -->","_links":{"self":[{"href":"https:\/\/psedas.com\/es\/wp-json\/wp\/v2\/pages\/8932"}],"collection":[{"href":"https:\/\/psedas.com\/es\/wp-json\/wp\/v2\/pages"}],"about":[{"href":"https:\/\/psedas.com\/es\/wp-json\/wp\/v2\/types\/page"}],"author":[{"embeddable":true,"href":"https:\/\/psedas.com\/es\/wp-json\/wp\/v2\/users\/2"}],"replies":[{"embeddable":true,"href":"https:\/\/psedas.com\/es\/wp-json\/wp\/v2\/comments?post=8932"}],"version-history":[{"count":27,"href":"https:\/\/psedas.com\/es\/wp-json\/wp\/v2\/pages\/8932\/revisions"}],"predecessor-version":[{"id":8933,"href":"https:\/\/psedas.com\/es\/wp-json\/wp\/v2\/pages\/8932\/revisions\/8933"}],"wp:attachment":[{"href":"https:\/\/psedas.com\/es\/wp-json\/wp\/v2\/media?parent=8932"}],"curies":[{"name":"wp","href":"https:\/\/api.w.org\/{rel}","templated":true}]}}