{"id":8209,"date":"2021-02-18T12:41:34","date_gmt":"2021-02-18T10:41:34","guid":{"rendered":"https:\/\/psedas.com\/psicologia-online\/"},"modified":"2021-07-23T12:06:38","modified_gmt":"2021-07-23T10:06:38","slug":"psicologia-online","status":"publish","type":"page","link":"https:\/\/psedas.com\/es\/psicologia-online\/","title":{"rendered":"Visita virtual"},"content":{"rendered":"<div id=\"pl-8209\"  class=\"panel-layout\" ><div id=\"pg-8209-0\"  class=\"panel-grid panel-no-style\" ><div id=\"pgc-8209-0-0\"  class=\"panel-grid-cell\" ><div id=\"panel-8209-0-0-0\" class=\"so-panel widget widget_sow-editor panel-first-child panel-last-child\" data-index=\"0\" ><div class=\"so-widget-sow-editor so-widget-sow-editor-base\">\n<div class=\"siteorigin-widget-tinymce textwidget\">\n\t<p><img loading=\"lazy\" src=\"https:\/\/psedas.com\/wp-content\/uploads\/2021\/04\/banner-visites-virtuals.jpg\" alt=\"\" width=\"900\" height=\"273\" class=\"alignnone size-full wp-image-7991\" \/><\/p>\n<\/div>\n<\/div><\/div><\/div><\/div><div id=\"pg-8209-1\"  class=\"panel-grid panel-no-style\" ><div id=\"pgc-8209-1-0\"  class=\"panel-grid-cell\" ><div id=\"panel-8209-1-0-0\" class=\"so-panel widget widget_sow-editor panel-first-child panel-last-child\" data-index=\"1\" ><div class=\"so-widget-sow-editor so-widget-sow-editor-base\">\n<div class=\"siteorigin-widget-tinymce textwidget\">\n\t<h1>Servicio de psicolog\u00eda online<\/h1>\n<p style=\"text-align: justify;\">La mitad de las personas, a lo largo de nuestra vida vamos a sufrir un problema de salud mental, agorafobia, depresi\u00f3n, ansiedad, crisis de angustia, fobias, trastornos del sue\u00f1o, obsesiones, trastorno obsesivo compulsivo (TOC), problemas de pareja ... las personas viven muchas veces estas patolog\u00edas como una debilidad y tienen reticencia a buscar ayuda profesional.<\/p>\n<p style=\"text-align: justify;\">En la consulta de psicolog\u00eda y salud PSEDAS aportamos soluci\u00f3n a estas patolog\u00edas.\u00a0Gracias a nuestro <strong>sistema de atenci\u00f3n psicol\u00f3gica online<\/strong>, a distancia, c\u00f3modamente en la intimidad de cada uno, con la propia tablet, ordenador o smartphone (lo \u00fanico que hace falta es disponer de un dispositivo con c\u00e1mara y micr\u00f3fono), con t\u00e9cnicas bien adaptadas al sistema de video-conferencia, mensajer\u00eda instant\u00e1nea y correo electr\u00f3nico, con tecnolog\u00eda propia, cifrada, sin la necesidad de instalar ning\u00fan programa extra, en todo el ancho del territorio de habla espa\u00f1ola.<\/p>\n<h2>Psic\u00f3logos online altamente cualificados<\/h2>\n<p style=\"text-align: justify;\">Los profesionales que visitan y hacen psicoterapia online son los mismos que hacen las visitas presenciales en nuestros centros de consulta en Manresa, Solsona y Barcelona.<\/p>\n<p style=\"text-align: justify;\"><strong>En Psedas ofrecemos psicoterapia a distancia igual de eficaz que la presencial.\u00a0<\/strong>La herramienta de diagn\u00f3stico en la intervenci\u00f3n psicol\u00f3gica y psiqui\u00e1trica es la entrevista, en el cara a cara y como complemento el test. A diferencia de otras especialidades m\u00e9dicas, no se realizan exploraciones f\u00edsicas, fisiol\u00f3gicas ni anal\u00edticas, lo que hace muy ventajosa la intervenci\u00f3n a distancia en psicolog\u00eda, y pr\u00e1cticamente al mismo nivel de la intervenci\u00f3n sanitaria presencial.<\/p>\n<p style=\"text-align: justify;\">\n<\/div>\n<\/div><\/div><\/div><div id=\"pgc-8209-1-1\"  class=\"panel-grid-cell\" ><div id=\"panel-8209-1-1-0\" class=\"so-panel widget widget_sow-editor panel-first-child panel-last-child\" data-index=\"2\" ><div class=\"so-widget-sow-editor so-widget-sow-editor-base\">\n<div class=\"siteorigin-widget-tinymce textwidget\">\n\t<h2><strong>En PSEDAS garantizamos el diagn\u00f3stico y tratamiento<\/strong><\/h2>\n<p style=\"text-align: justify;\">Somos una gran alternativa a las visitas presenciales, \u00a0gracias al hecho de poder ver al paciente con todas sus expresiones de la cara, corporales y manos.<br \/>\nLa psicoterapia a distancia\u00a0 supone ventajas respecto a las visitas presenciales:<\/p>\n<p style=\"text-align: justify;\"><strong>\u2714<\/strong> <strong>Ahorro en desplazamientos <\/strong>y las consecuentes p\u00e9rdidas de tiempo. Sin embargo, si se desea se pueden alternar las visitas vituales con las presencials, para ello actualmente disponemos de centros de consulta psicol\u00f3gica en la zona de Barcelona y dos m\u00e1s en Manresa y Solsona.<br \/>\n<b>\u2714<\/b> Psicoterpaia c\u00f3modamente en la <b>intimidad y m\u00e1xima discreci\u00f3n<\/b>, evitando acudir a la consulta presencial.<\/p>\n<p style=\"text-align: justify;\"><strong>\u2714 Flexibilidad horaria<\/strong> para todas las personas con dificultades para conciliar sus horarios, ofreciendo alternativas en horarios de mediod\u00eda y nocturnos.<\/p>\n<p style=\"text-align: justify;\"><strong>\u2714<\/strong> Una gran soluci\u00f3n para personas de habla espa\u00f1ola que viven fuera del territorio y prefieren expresar sus asuntos \u00edntimos en su lengua propia a pesar de estar lejos de casa.<\/p>\n<p style=\"text-align: justify;\">El tratamiento online es tan simple como una video llamada. Realizamos todo tipo de tratamientos y consultas a distancia de de diferentes trastornos, aunque las consultas m\u00e1s habituales se enmarcan en las patolog\u00edas de angustia o ansiedad, trastorno obsesivo, obsesivo compulsivo, insomnio, depresi\u00f3n, fobia social y agorafobia.<br \/>\nPara cualquier duda contacta con nosotros. Preg\u00fantanos libremente.<\/p>\n<p style=\"text-align: justify;\"><strong>Pide un entrevista personal gratuita con nosotros<\/strong>. Puedes contactar con nosotros mediante el formulario de contacto,\u00a0 por correo electr\u00f3nico o llamada si necesitas orientaci\u00f3n de c\u00f3mo concertar esta entrevista a distancia.<\/p>\n<p style=\"text-align: justify;\">RESERVA CITA ONLINE<\/p>\n<\/div>\n<\/div><\/div><\/div><\/div><\/div>","protected":false},"excerpt":{"rendered":"<p>La mitad de las personas, a lo largo de nuestra vida vamos a sufrir un problema de salud mental, agorafobia, depresi\u00f3n, ansiedad, crisis de angustia, fobias, trastornos del sue\u00f1o, obsesiones, trastorno obsesivo compulsivo (TOC), problemas de pareja &#8230; las personas viven muchas veces estas patolog\u00edas como una debilidad y tienen reticencia a buscar ayuda profesional.<\/p>\n","protected":false},"author":2,"featured_media":8211,"parent":0,"menu_order":0,"comment_status":"closed","ping_status":"closed","template":"","meta":[],"yoast_head":"<!-- This site is optimized with the Yoast SEO plugin v16.3 - https:\/\/yoast.com\/wordpress\/plugins\/seo\/ -->\n<title>Psicologia y Terapia online | Cl\u00ednica PSEDAS en Manresa<\/title>\n<meta name=\"description\" content=\"Preparados para ofrecer terapia psicol\u00f3gica online adaptada a los medios digitales y con todas las garant\u00edas. Seguridad, seriedad y \u00e9tica. Solicita cita virtual en Cl\u00ednica Psedas.\" \/>\n<meta name=\"robots\" content=\"index, follow, max-snippet:-1, max-image-preview:large, max-video-preview:-1\" \/>\n<link rel=\"canonical\" href=\"https:\/\/psedas.com\/es\/psicologia-online\/\" \/>\n<meta property=\"og:locale\" content=\"es_ES\" \/>\n<meta property=\"og:type\" content=\"article\" \/>\n<meta property=\"og:title\" content=\"Psicologia y Terapia online | Cl\u00ednica PSEDAS en Manresa\" \/>\n<meta property=\"og:description\" content=\"Preparados para ofrecer terapia psicol\u00f3gica online adaptada a los medios digitales y con todas las garant\u00edas. Seguridad, seriedad y \u00e9tica. Solicita cita virtual en Cl\u00ednica Psedas.\" \/>\n<meta property=\"og:url\" content=\"https:\/\/psedas.com\/es\/psicologia-online\/\" \/>\n<meta property=\"og:site_name\" content=\"PSEDAS\" \/>\n<meta property=\"article:modified_time\" content=\"2021-07-23T10:06:38+00:00\" \/>\n<meta property=\"og:image\" content=\"https:\/\/psedas.com\/wp-content\/uploads\/2021\/04\/visita-virtual-img.jpg\" \/>\n\t<meta property=\"og:image:width\" content=\"900\" \/>\n\t<meta property=\"og:image:height\" content=\"600\" \/>\n<meta name=\"twitter:card\" content=\"summary_large_image\" \/>\n<meta name=\"twitter:label1\" content=\"Tiempo de lectura\">\n\t<meta name=\"twitter:data1\" content=\"3 minutos\">\n<script type=\"application\/ld+json\" class=\"yoast-schema-graph\">{\"@context\":\"https:\/\/schema.org\",\"@graph\":[{\"@type\":\"WebSite\",\"@id\":\"https:\/\/psedas.com\/#website\",\"url\":\"https:\/\/psedas.com\/\",\"name\":\"PSEDAS\",\"description\":\"\",\"potentialAction\":[{\"@type\":\"SearchAction\",\"target\":\"https:\/\/psedas.com\/?s={search_term_string}\",\"query-input\":\"required name=search_term_string\"}],\"inLanguage\":\"es\"},{\"@type\":\"ImageObject\",\"@id\":\"https:\/\/psedas.com\/es\/psicologia-online\/#primaryimage\",\"inLanguage\":\"es\",\"url\":\"https:\/\/psedas.com\/wp-content\/uploads\/2021\/04\/visita-virtual-img.jpg\",\"contentUrl\":\"https:\/\/psedas.com\/wp-content\/uploads\/2021\/04\/visita-virtual-img.jpg\",\"width\":900,\"height\":600},{\"@type\":\"WebPage\",\"@id\":\"https:\/\/psedas.com\/es\/psicologia-online\/#webpage\",\"url\":\"https:\/\/psedas.com\/es\/psicologia-online\/\",\"name\":\"Psicologia y Terapia online | Cl\\u00ednica PSEDAS en Manresa\",\"isPartOf\":{\"@id\":\"https:\/\/psedas.com\/#website\"},\"primaryImageOfPage\":{\"@id\":\"https:\/\/psedas.com\/es\/psicologia-online\/#primaryimage\"},\"datePublished\":\"2021-02-18T10:41:34+00:00\",\"dateModified\":\"2021-07-23T10:06:38+00:00\",\"description\":\"Preparados para ofrecer terapia psicol\\u00f3gica online adaptada a los medios digitales y con todas las garant\\u00edas. Seguridad, seriedad y \\u00e9tica. Solicita cita virtual en Cl\\u00ednica Psedas.\",\"breadcrumb\":{\"@id\":\"https:\/\/psedas.com\/es\/psicologia-online\/#breadcrumb\"},\"inLanguage\":\"es\",\"potentialAction\":[{\"@type\":\"ReadAction\",\"target\":[\"https:\/\/psedas.com\/es\/psicologia-online\/\"]}]},{\"@type\":\"BreadcrumbList\",\"@id\":\"https:\/\/psedas.com\/es\/psicologia-online\/#breadcrumb\",\"itemListElement\":[{\"@type\":\"ListItem\",\"position\":1,\"item\":{\"@type\":\"WebPage\",\"@id\":\"https:\/\/psedas.com\/es\/\",\"url\":\"https:\/\/psedas.com\/es\/\",\"name\":\"Inici\"}},{\"@type\":\"ListItem\",\"position\":2,\"item\":{\"@id\":\"https:\/\/psedas.com\/es\/psicologia-online\/#webpage\"}}]}]}<\/script>\n<!-- \/ Yoast SEO plugin. -->","_links":{"self":[{"href":"https:\/\/psedas.com\/es\/wp-json\/wp\/v2\/pages\/8209"}],"collection":[{"href":"https:\/\/psedas.com\/es\/wp-json\/wp\/v2\/pages"}],"about":[{"href":"https:\/\/psedas.com\/es\/wp-json\/wp\/v2\/types\/page"}],"author":[{"embeddable":true,"href":"https:\/\/psedas.com\/es\/wp-json\/wp\/v2\/users\/2"}],"replies":[{"embeddable":true,"href":"https:\/\/psedas.com\/es\/wp-json\/wp\/v2\/comments?post=8209"}],"version-history":[{"count":5,"href":"https:\/\/psedas.com\/es\/wp-json\/wp\/v2\/pages\/8209\/revisions"}],"predecessor-version":[{"id":8396,"href":"https:\/\/psedas.com\/es\/wp-json\/wp\/v2\/pages\/8209\/revisions\/8396"}],"wp:featuredmedia":[{"embeddable":true,"href":"https:\/\/psedas.com\/es\/wp-json\/wp\/v2\/media\/8211"}],"wp:attachment":[{"href":"https:\/\/psedas.com\/es\/wp-json\/wp\/v2\/media?parent=8209"}],"curies":[{"name":"wp","href":"https:\/\/api.w.org\/{rel}","templated":true}]}}