{"id":8201,"date":"2021-05-14T12:20:58","date_gmt":"2021-05-14T10:20:58","guid":{"rendered":"https:\/\/psedas.com\/cita-previa\/"},"modified":"2026-01-25T19:30:44","modified_gmt":"2026-01-25T17:30:44","slug":"cita-previa","status":"publish","type":"page","link":"https:\/\/psedas.com\/es\/cita-previa\/","title":{"rendered":"Cita previa"},"content":{"rendered":"<div id=\"pl-8201\"  class=\"panel-layout\" ><div id=\"pg-8201-0\"  class=\"panel-grid panel-no-style\" ><div id=\"pgc-8201-0-0\"  class=\"panel-grid-cell\" ><div id=\"panel-8201-0-0-0\" class=\"so-panel widget widget_sow-editor panel-first-child panel-last-child\" data-index=\"0\" ><div class=\"desktop-only featured-box panel-widget-style panel-widget-style-for-8201-0-0-0\" ><div class=\"so-widget-sow-editor so-widget-sow-editor-base\">\n<div class=\"siteorigin-widget-tinymce textwidget\">\n\t<p><strong>PSEDAS<\/strong><br \/>\n<span style=\"line-height: 1.5;\">\u00c0ngel Guimer\u00e0, 46 5e 2a<br \/>\n<\/span><span style=\"line-height: 1.5;\">08241 Manresa<br \/>\n<\/span><span style=\"line-height: 1.5;\">Barcelona<\/span><\/p>\n<p><span style=\"line-height: 1.5;\">Carrer Bail\u00e9n, 22 1er 1a<br \/>\n<\/span><span style=\"line-height: 1.5;\">08009 Barcelona<\/span><\/p>\n<hr \/>\n<p><strong>Cont\u00e1ctanos por WhatsApp<br \/>\n<\/strong>+34 668 89 38 73<\/p>\n<hr \/>\n<p><strong>Email<br \/>\n<\/strong>info@psedas.com<\/p>\n<hr \/>\n<\/div>\n<\/div><\/div><\/div><\/div><div id=\"pgc-8201-0-1\"  class=\"panel-grid-cell\" ><div id=\"panel-8201-0-1-0\" class=\"so-panel widget widget_sow-editor panel-first-child\" data-index=\"1\" ><div class=\"smaller-widget-title panel-widget-style panel-widget-style-for-8201-0-1-0\" ><div class=\"so-widget-sow-editor so-widget-sow-editor-base\"><h3 class=\"widget-title\">P\u00eddenos cita<\/h3>\n<div class=\"siteorigin-widget-tinymce textwidget\">\n\t<p>Expl\u00edcanos que necesitas y en breve contactaremos para ayudarte. PRECIO 65 Eur\/h<\/p>\n<\/div>\n<\/div><\/div><\/div><div id=\"panel-8201-0-1-1\" class=\"so-panel widget widget_sow-editor panel-last-child\" data-index=\"2\" ><div class=\"panel-widget-style panel-widget-style-for-8201-0-1-1\" ><div class=\"so-widget-sow-editor so-widget-sow-editor-base\">\n<div class=\"siteorigin-widget-tinymce textwidget\">\n\t<div role=\"form\" class=\"wpcf7\" id=\"wpcf7-f8271-o1\" lang=\"ca\" dir=\"ltr\">\n<div class=\"screen-reader-response\"><p role=\"status\" aria-live=\"polite\" aria-atomic=\"true\"><\/p> <ul><\/ul><\/div>\n<form action=\"\/es\/wp-json\/wp\/v2\/pages\/8201#wpcf7-f8271-o1\" method=\"post\" class=\"wpcf7-form init wpcf7-acceptance-as-validation\" novalidate=\"novalidate\" data-status=\"init\">\n<div style=\"display: none;\">\n<input type=\"hidden\" name=\"_wpcf7\" value=\"8271\" \/>\n<input type=\"hidden\" name=\"_wpcf7_version\" value=\"5.4.2\" \/>\n<input type=\"hidden\" name=\"_wpcf7_locale\" value=\"ca\" \/>\n<input type=\"hidden\" name=\"_wpcf7_unit_tag\" value=\"wpcf7-f8271-o1\" \/>\n<input type=\"hidden\" name=\"_wpcf7_container_post\" value=\"0\" \/>\n<input type=\"hidden\" name=\"_wpcf7_posted_data_hash\" value=\"\" \/>\n<\/div>\n<div class=\"white-featured-box\">\n<div class=\"row\">\n<div class=\"col-xs-12 col-md-6\"><span>Nombre *<\/span><span class=\"wpcf7-form-control-wrap your-name\"><input type=\"text\" name=\"your-name\" value=\"\" size=\"40\" class=\"wpcf7-form-control wpcf7-text wpcf7-validates-as-required\" aria-required=\"true\" aria-invalid=\"false\" placeholder=\"Nombre y apellido\" \/><\/span><span>Email *<\/span><span class=\"wpcf7-form-control-wrap your-email\"><input type=\"email\" name=\"your-email\" value=\"\" size=\"40\" class=\"wpcf7-form-control wpcf7-text wpcf7-email wpcf7-validates-as-required wpcf7-validates-as-email\" aria-required=\"true\" aria-invalid=\"false\" placeholder=\"Email\" \/><\/span><span>Tel\u00e9fono <\/span><span class=\"wpcf7-form-control-wrap your-phone\"><input type=\"tel\" name=\"your-phone\" value=\"\" size=\"40\" class=\"wpcf7-form-control wpcf7-text wpcf7-tel wpcf7-validates-as-tel\" aria-invalid=\"false\" placeholder=\"Tel\u00e9fono\" \/><\/span>\n\t<\/div>\n<div class=\"col-xs-12\"><span>Comentarios<\/span><span class=\"wpcf7-form-control-wrap your-message\"><textarea name=\"your-message\" cols=\"40\" rows=\"10\" class=\"wpcf7-form-control wpcf7-textarea\" aria-invalid=\"false\" placeholder=\"Comenta brevemente tu caso y disponibilidad\"><\/textarea><\/span><\/span>\n\t<\/div>\n<div class=\"col-xs-12\"><span class=\"wpcf7-form-control-wrap accepto-privacitat\"><span class=\"wpcf7-form-control wpcf7-acceptance\"><span class=\"wpcf7-list-item\"><label><input type=\"checkbox\" name=\"accepto-privacitat\" value=\"1\" aria-invalid=\"false\" \/><span class=\"wpcf7-list-item-label\">He le\u00eddo y acepto el <a href=\"https:\/\/psedas.com\/es\/aviso-legal\/\" target=\"_blank\">Aviso Legal<\/a> y la <a href=\"https:\/\/psedas.com\/es\/politica-de-proteccion-de-datos\/\" target=\"_blank\">Pol\u00edtica de Protecci\u00f3n de datos<\/a><\/span><\/label><\/span><\/span><\/span>\n\t<\/div>\n<div class=\"col-xs-12\"><input type=\"submit\" value=\"Enviar\" class=\"wpcf7-form-control wpcf7-submit btn btn-primary\" \/><input type=\"reset\" class=\"btn btn-outline\" value=\"Borrar\" \/>\n\t<\/div>\n<\/div>\n<\/div>\n<div class=\"wpcf7-response-output\" aria-hidden=\"true\"><\/div><\/form><\/div>\n<\/div>\n<\/div><\/div><\/div><\/div><\/div><\/div>","protected":false},"excerpt":{"rendered":"<p>PSEDAS \u00c0ngel Guimer\u00e0, 46 5e 2a 08241 Manresa Barcelona Carrer Bail\u00e9n, 22 1er 1a 08009 Barcelona Cont\u00e1ctanos por WhatsApp +34 668 89 38 73 Email info@psedas.com Expl\u00edcanos que necesitas y en breve contactaremos para ayudarte. PRECIO 65 Eur\/h<\/p>\n","protected":false},"author":2,"featured_media":0,"parent":0,"menu_order":0,"comment_status":"closed","ping_status":"closed","template":"","meta":[],"yoast_head":"<!-- This site is optimized with the Yoast SEO plugin v16.3 - https:\/\/yoast.com\/wordpress\/plugins\/seo\/ -->\n<title>Solicita cita online en Cl\u00ednica PSEDAS - Psic\u00f3logos en Manresa<\/title>\n<meta name=\"description\" content=\"P\u00eddenos cita. Somos psic\u00f3logos expertos en Manresa. Nuestro objetivo es transformar tu vida. Contacta sin compromiso. \u2709 info@psedas.com\" \/>\n<meta name=\"robots\" content=\"index, follow, max-snippet:-1, max-image-preview:large, max-video-preview:-1\" \/>\n<link rel=\"canonical\" href=\"https:\/\/psedas.com\/es\/cita-previa\/\" \/>\n<meta property=\"og:locale\" content=\"es_ES\" \/>\n<meta property=\"og:type\" content=\"article\" \/>\n<meta property=\"og:title\" content=\"Solicita cita online en Cl\u00ednica PSEDAS - Psic\u00f3logos en Manresa\" \/>\n<meta property=\"og:description\" content=\"P\u00eddenos cita. Somos psic\u00f3logos expertos en Manresa. Nuestro objetivo es transformar tu vida. Contacta sin compromiso. \u2709 info@psedas.com\" \/>\n<meta property=\"og:url\" content=\"https:\/\/psedas.com\/es\/cita-previa\/\" \/>\n<meta property=\"og:site_name\" content=\"PSEDAS\" \/>\n<meta property=\"article:modified_time\" content=\"2026-01-25T17:30:44+00:00\" \/>\n<meta name=\"twitter:card\" content=\"summary_large_image\" \/>\n<script type=\"application\/ld+json\" class=\"yoast-schema-graph\">{\"@context\":\"https:\/\/schema.org\",\"@graph\":[{\"@type\":\"WebSite\",\"@id\":\"https:\/\/psedas.com\/#website\",\"url\":\"https:\/\/psedas.com\/\",\"name\":\"PSEDAS\",\"description\":\"\",\"potentialAction\":[{\"@type\":\"SearchAction\",\"target\":\"https:\/\/psedas.com\/?s={search_term_string}\",\"query-input\":\"required name=search_term_string\"}],\"inLanguage\":\"es\"},{\"@type\":\"WebPage\",\"@id\":\"https:\/\/psedas.com\/es\/cita-previa\/#webpage\",\"url\":\"https:\/\/psedas.com\/es\/cita-previa\/\",\"name\":\"Solicita cita online en Cl\\u00ednica PSEDAS - Psic\\u00f3logos en Manresa\",\"isPartOf\":{\"@id\":\"https:\/\/psedas.com\/#website\"},\"datePublished\":\"2021-05-14T10:20:58+00:00\",\"dateModified\":\"2026-01-25T17:30:44+00:00\",\"description\":\"P\\u00eddenos cita. Somos psic\\u00f3logos expertos en Manresa. Nuestro objetivo es transformar tu vida. Contacta sin compromiso. \\u2709 info@psedas.com\",\"breadcrumb\":{\"@id\":\"https:\/\/psedas.com\/es\/cita-previa\/#breadcrumb\"},\"inLanguage\":\"es\",\"potentialAction\":[{\"@type\":\"ReadAction\",\"target\":[\"https:\/\/psedas.com\/es\/cita-previa\/\"]}]},{\"@type\":\"BreadcrumbList\",\"@id\":\"https:\/\/psedas.com\/es\/cita-previa\/#breadcrumb\",\"itemListElement\":[{\"@type\":\"ListItem\",\"position\":1,\"item\":{\"@type\":\"WebPage\",\"@id\":\"https:\/\/psedas.com\/es\/\",\"url\":\"https:\/\/psedas.com\/es\/\",\"name\":\"Inici\"}},{\"@type\":\"ListItem\",\"position\":2,\"item\":{\"@id\":\"https:\/\/psedas.com\/es\/cita-previa\/#webpage\"}}]}]}<\/script>\n<!-- \/ Yoast SEO plugin. -->","_links":{"self":[{"href":"https:\/\/psedas.com\/es\/wp-json\/wp\/v2\/pages\/8201"}],"collection":[{"href":"https:\/\/psedas.com\/es\/wp-json\/wp\/v2\/pages"}],"about":[{"href":"https:\/\/psedas.com\/es\/wp-json\/wp\/v2\/types\/page"}],"author":[{"embeddable":true,"href":"https:\/\/psedas.com\/es\/wp-json\/wp\/v2\/users\/2"}],"replies":[{"embeddable":true,"href":"https:\/\/psedas.com\/es\/wp-json\/wp\/v2\/comments?post=8201"}],"version-history":[{"count":7,"href":"https:\/\/psedas.com\/es\/wp-json\/wp\/v2\/pages\/8201\/revisions"}],"predecessor-version":[{"id":23002,"href":"https:\/\/psedas.com\/es\/wp-json\/wp\/v2\/pages\/8201\/revisions\/23002"}],"wp:attachment":[{"href":"https:\/\/psedas.com\/es\/wp-json\/wp\/v2\/media?parent=8201"}],"curies":[{"name":"wp","href":"https:\/\/api.w.org\/{rel}","templated":true}]}}