{"id":8191,"date":"2021-02-05T11:48:38","date_gmt":"2021-02-05T09:48:38","guid":{"rendered":"https:\/\/psedas.com\/servicios-psicologia\/parelles\/"},"modified":"2026-01-25T20:07:10","modified_gmt":"2026-01-25T18:07:10","slug":"parejas","status":"publish","type":"page","link":"https:\/\/psedas.com\/es\/servicios-psicologia\/parejas\/","title":{"rendered":"SERVICIO CERRADO Terapia de Pareja"},"content":{"rendered":"<div id=\"pl-8191\"  class=\"panel-layout\" ><div id=\"pg-8191-0\"  class=\"panel-grid panel-no-style\" ><div id=\"pgc-8191-0-0\"  class=\"panel-grid-cell\" ><div id=\"panel-8191-0-0-0\" class=\"so-panel widget widget_sow-editor panel-first-child panel-last-child\" data-index=\"0\" ><div class=\"so-widget-sow-editor so-widget-sow-editor-base\">\n<div class=\"siteorigin-widget-tinymce textwidget\">\n\t<p><img loading=\"lazy\" src=\"https:\/\/psedas.com\/wp-content\/uploads\/2021\/04\/banner-parelles.jpg\" alt=\"\" width=\"850\" height=\"273\" class=\"alignnone size-full wp-image-7988\" srcset=\"https:\/\/psedas.com\/wp-content\/uploads\/2021\/04\/banner-parelles.jpg 850w, https:\/\/psedas.com\/wp-content\/uploads\/2021\/04\/banner-parelles-300x96.jpg 300w, https:\/\/psedas.com\/wp-content\/uploads\/2021\/04\/banner-parelles-768x247.jpg 768w, https:\/\/psedas.com\/wp-content\/uploads\/2021\/04\/banner-parelles-848x273.jpg 848w\" sizes=\"(max-width: 850px) 100vw, 850px\" \/><\/p>\n<\/div>\n<\/div><\/div><\/div><\/div><div id=\"pg-8191-1\"  class=\"panel-grid panel-no-style\" ><div id=\"pgc-8191-1-0\"  class=\"panel-grid-cell\" ><div id=\"panel-8191-1-0-0\" class=\"so-panel widget widget_sow-editor panel-first-child panel-last-child\" data-index=\"1\" ><div class=\"so-widget-sow-editor so-widget-sow-editor-base\">\n<div class=\"siteorigin-widget-tinymce textwidget\">\n\t<h2>Psicologia de pareja en Manresa<\/h2>\n<p style=\"text-align: justify;\"> SERVICIO CERRADO Las parejas constituyen v\u00ednculos formados a partir de la relaci\u00f3n y la convivencia, muchas veces olvidan o no han aprendido la importancia de poder expresar aquello que piensan, aquello que buscan y aquello que sienten.<\/p>\n<p style=\"text-align: justify;\">Es aqu\u00ed donde aparecen diferentes tipos de conflictos, que requieren psicoterapia de pareja conjunta e individual de los diferentes miembros para superar este momento y redefinir una relaci\u00f3n de pareja m\u00e1s adaptada a su realidad pr\u00e1ctica y emocional.<\/p>\n<p style=\"text-align: justify;\">En\u00a0<strong> SIN SERVICIO terapia conjunta e individual<\/strong>\u00a0con coterapeutas, se busca en cada miembro que rol asume, qu\u00e9 experiencias del pasado lo condicionan, se tratan tanto los aspectos m\u00e1s pr\u00e1cticos como los m\u00e1s emocionales, buscando nuevas perspectivas desde donde superar los problemas.<\/p>\n<\/div>\n<\/div><\/div><\/div><div id=\"pgc-8191-1-1\"  class=\"panel-grid-cell\" ><div id=\"panel-8191-1-1-0\" class=\"so-panel widget widget_sow-editor panel-first-child panel-last-child\" data-index=\"2\" ><div class=\"so-widget-sow-editor so-widget-sow-editor-base\">\n<div class=\"siteorigin-widget-tinymce textwidget\">\n\t<h3 style=\"text-align: justify;\">Algunos de los principales problemas que tratamos con terapia de pareja en nuestra consulta:<\/h3>\n<p><strong>\u2714<\/strong> Mejorar la convivencia.<br \/>\n<strong>\u2714<\/strong> Resolver los conflictos.<br \/>\n<strong>\u2714<\/strong> Potenciar la comunicaci\u00f3n asertiva y la escucha activa.<br \/>\n<strong>\u2714<\/strong> Proyectar la planificaci\u00f3n de objetivos comunes.<br \/>\n<strong>\u2714<\/strong> Refuerzo de la vida sexual junto con las actividades de ocio.<\/p>\n<p style=\"text-align: justify;\"><strong>En Cl\u00ednica Psedas siempre trabajamos valorando el bienestar emocional de cada miembro de la pareja.<\/strong><\/p>\n<p style=\"text-align: justify;\">SIN SERVICIO Si crees que necesit\u00e1is ayuda profesional, no esperes m\u00e1s. Solicita una consulta con nuestros psic\u00f3logos en Manresa.<\/p>\n<a href=\"https:\/\/psedas.com\/es\/cita-previa\/\" class=\"btn btn-primary\" target=\"_self\" >SIN SERVICIO<\/a>\n<\/div>\n<\/div><\/div><\/div><\/div><\/div>","protected":false},"excerpt":{"rendered":"<p>Las parejas constituyen v\u00ednculos formados a partir de la relaci\u00f3n y la convivencia, muchas veces olvidan o no han aprendido la importancia de poder expresar aquello que piensan, aquello que buscan y aquello que sienten. Es aqu\u00ed donde aparecen diferentes tipos de conflictos, que requieren psicoterapia de pareja conjunta e individual de los diferentes miembros para superar este momento&#8230;<\/p>\n","protected":false},"author":2,"featured_media":8193,"parent":8166,"menu_order":0,"comment_status":"closed","ping_status":"closed","template":"","meta":[],"yoast_head":"<!-- This site is optimized with the Yoast SEO plugin v16.3 - https:\/\/yoast.com\/wordpress\/plugins\/seo\/ -->\n<title>Psicolog\u00eda y Terapia de Pareja en Manresa | Cl\u00ednica PSEDAS<\/title>\n<meta name=\"description\" content=\"\u00bfConflictos de pareja? En Psedas te acompa\u00f1amos con psicoterapia de pareja conjunta o individual para superar cualquier problema y recuperar v\u00ednculos. Cons\u00faltanos.\" \/>\n<meta name=\"robots\" content=\"index, follow, max-snippet:-1, max-image-preview:large, max-video-preview:-1\" \/>\n<link rel=\"canonical\" href=\"https:\/\/psedas.com\/es\/servicios-psicologia\/parejas\/\" \/>\n<meta property=\"og:locale\" content=\"es_ES\" \/>\n<meta property=\"og:type\" content=\"article\" \/>\n<meta property=\"og:title\" content=\"Psicolog\u00eda y Terapia de Pareja en Manresa | Cl\u00ednica PSEDAS\" \/>\n<meta property=\"og:description\" content=\"\u00bfConflictos de pareja? En Psedas te acompa\u00f1amos con psicoterapia de pareja conjunta o individual para superar cualquier problema y recuperar v\u00ednculos. Cons\u00faltanos.\" \/>\n<meta property=\"og:url\" content=\"https:\/\/psedas.com\/es\/servicios-psicologia\/parejas\/\" \/>\n<meta property=\"og:site_name\" content=\"PSEDAS\" \/>\n<meta property=\"article:modified_time\" content=\"2026-01-25T18:07:10+00:00\" \/>\n<meta property=\"og:image\" content=\"https:\/\/psedas.com\/wp-content\/uploads\/2021\/04\/parelles-img.jpg\" \/>\n\t<meta property=\"og:image:width\" content=\"900\" \/>\n\t<meta property=\"og:image:height\" content=\"600\" \/>\n<meta name=\"twitter:card\" content=\"summary_large_image\" \/>\n<meta name=\"twitter:label1\" content=\"Tiempo de lectura\">\n\t<meta name=\"twitter:data1\" content=\"2 minutos\">\n<script type=\"application\/ld+json\" class=\"yoast-schema-graph\">{\"@context\":\"https:\/\/schema.org\",\"@graph\":[{\"@type\":\"WebSite\",\"@id\":\"https:\/\/psedas.com\/#website\",\"url\":\"https:\/\/psedas.com\/\",\"name\":\"PSEDAS\",\"description\":\"\",\"potentialAction\":[{\"@type\":\"SearchAction\",\"target\":\"https:\/\/psedas.com\/?s={search_term_string}\",\"query-input\":\"required name=search_term_string\"}],\"inLanguage\":\"es\"},{\"@type\":\"ImageObject\",\"@id\":\"https:\/\/psedas.com\/es\/servicios-psicologia\/parejas\/#primaryimage\",\"inLanguage\":\"es\",\"url\":\"https:\/\/psedas.com\/wp-content\/uploads\/2021\/04\/parelles-img.jpg\",\"contentUrl\":\"https:\/\/psedas.com\/wp-content\/uploads\/2021\/04\/parelles-img.jpg\",\"width\":900,\"height\":600},{\"@type\":\"WebPage\",\"@id\":\"https:\/\/psedas.com\/es\/servicios-psicologia\/parejas\/#webpage\",\"url\":\"https:\/\/psedas.com\/es\/servicios-psicologia\/parejas\/\",\"name\":\"Psicolog\\u00eda y Terapia de Pareja en Manresa | Cl\\u00ednica PSEDAS\",\"isPartOf\":{\"@id\":\"https:\/\/psedas.com\/#website\"},\"primaryImageOfPage\":{\"@id\":\"https:\/\/psedas.com\/es\/servicios-psicologia\/parejas\/#primaryimage\"},\"datePublished\":\"2021-02-05T09:48:38+00:00\",\"dateModified\":\"2026-01-25T18:07:10+00:00\",\"description\":\"\\u00bfConflictos de pareja? En Psedas te acompa\\u00f1amos con psicoterapia de pareja conjunta o individual para superar cualquier problema y recuperar v\\u00ednculos. Cons\\u00faltanos.\",\"breadcrumb\":{\"@id\":\"https:\/\/psedas.com\/es\/servicios-psicologia\/parejas\/#breadcrumb\"},\"inLanguage\":\"es\",\"potentialAction\":[{\"@type\":\"ReadAction\",\"target\":[\"https:\/\/psedas.com\/es\/servicios-psicologia\/parejas\/\"]}]},{\"@type\":\"BreadcrumbList\",\"@id\":\"https:\/\/psedas.com\/es\/servicios-psicologia\/parejas\/#breadcrumb\",\"itemListElement\":[{\"@type\":\"ListItem\",\"position\":1,\"item\":{\"@type\":\"WebPage\",\"@id\":\"https:\/\/psedas.com\/es\/\",\"url\":\"https:\/\/psedas.com\/es\/\",\"name\":\"Inici\"}},{\"@type\":\"ListItem\",\"position\":2,\"item\":{\"@type\":\"WebPage\",\"@id\":\"https:\/\/psedas.com\/es\/servicios-psicologia\/\",\"url\":\"https:\/\/psedas.com\/es\/servicios-psicologia\/\",\"name\":\"Servicios\"}},{\"@type\":\"ListItem\",\"position\":3,\"item\":{\"@id\":\"https:\/\/psedas.com\/es\/servicios-psicologia\/parejas\/#webpage\"}}]}]}<\/script>\n<!-- \/ Yoast SEO plugin. -->","_links":{"self":[{"href":"https:\/\/psedas.com\/es\/wp-json\/wp\/v2\/pages\/8191"}],"collection":[{"href":"https:\/\/psedas.com\/es\/wp-json\/wp\/v2\/pages"}],"about":[{"href":"https:\/\/psedas.com\/es\/wp-json\/wp\/v2\/types\/page"}],"author":[{"embeddable":true,"href":"https:\/\/psedas.com\/es\/wp-json\/wp\/v2\/users\/2"}],"replies":[{"embeddable":true,"href":"https:\/\/psedas.com\/es\/wp-json\/wp\/v2\/comments?post=8191"}],"version-history":[{"count":10,"href":"https:\/\/psedas.com\/es\/wp-json\/wp\/v2\/pages\/8191\/revisions"}],"predecessor-version":[{"id":23018,"href":"https:\/\/psedas.com\/es\/wp-json\/wp\/v2\/pages\/8191\/revisions\/23018"}],"up":[{"embeddable":true,"href":"https:\/\/psedas.com\/es\/wp-json\/wp\/v2\/pages\/8166"}],"wp:featuredmedia":[{"embeddable":true,"href":"https:\/\/psedas.com\/es\/wp-json\/wp\/v2\/media\/8193"}],"wp:attachment":[{"href":"https:\/\/psedas.com\/es\/wp-json\/wp\/v2\/media?parent=8191"}],"curies":[{"name":"wp","href":"https:\/\/api.w.org\/{rel}","templated":true}]}}