{"id":8184,"date":"2021-02-05T11:46:02","date_gmt":"2021-02-05T09:46:02","guid":{"rendered":"https:\/\/psedas.com\/servicios-psicologia\/infanto-juvenil\/"},"modified":"2026-01-25T17:05:43","modified_gmt":"2026-01-25T15:05:43","slug":"infanto-juvenil","status":"publish","type":"page","link":"https:\/\/psedas.com\/es\/servicios-psicologia\/infanto-juvenil\/","title":{"rendered":"Adolescencia"},"content":{"rendered":"<div id=\"pl-8184\"  class=\"panel-layout\" ><div id=\"pg-8184-0\"  class=\"panel-grid panel-no-style\" ><div id=\"pgc-8184-0-0\"  class=\"panel-grid-cell\" ><div id=\"panel-8184-0-0-0\" class=\"so-panel widget widget_sow-editor panel-first-child panel-last-child\" data-index=\"0\" ><div class=\"so-widget-sow-editor so-widget-sow-editor-base\">\n<div class=\"siteorigin-widget-tinymce textwidget\">\n\t<p><img loading=\"lazy\" src=\"https:\/\/psedas.com\/wp-content\/uploads\/2021\/04\/banner-infants.jpg\" alt=\"\" width=\"850\" height=\"273\" class=\"alignnone size-full wp-image-7983\" srcset=\"https:\/\/psedas.com\/wp-content\/uploads\/2021\/04\/banner-infants.jpg 850w, https:\/\/psedas.com\/wp-content\/uploads\/2021\/04\/banner-infants-300x96.jpg 300w, https:\/\/psedas.com\/wp-content\/uploads\/2021\/04\/banner-infants-768x247.jpg 768w, https:\/\/psedas.com\/wp-content\/uploads\/2021\/04\/banner-infants-848x273.jpg 848w\" sizes=\"(max-width: 850px) 100vw, 850px\" \/><\/p>\n<\/div>\n<\/div><\/div><\/div><\/div><div id=\"pg-8184-1\"  class=\"panel-grid panel-no-style\" ><div id=\"pgc-8184-1-0\"  class=\"panel-grid-cell\" ><div id=\"panel-8184-1-0-0\" class=\"so-panel widget widget_sow-editor panel-first-child panel-last-child\" data-index=\"1\" ><div class=\"so-widget-sow-editor so-widget-sow-editor-base\">\n<div class=\"siteorigin-widget-tinymce textwidget\">\n\t<h2>Psic\u00f3logos infantil y para adolescentes en Manresa<\/h2>\n<p style=\"text-align: justify;\">El desarrollo adolescente es un camino lleno de altibajos: con la misma rapidez con que nos muestran sus avances tambi\u00e9n retroceden, casi siempre v\u00edctimas de los conflictos que los rodean y de un nuevo mundo digitalizado, lleno de pantallas y redes sociales.<\/p>\n<p style=\"text-align: justify;\">Tu hijo o hija puede presentar varios s\u00edntomas, pero lo realmente importante es \u00e9l\/ella como persona y por eso le ayudaremos a superar este momento dif\u00edcil de su vida.<\/p>\n<h3 style=\"text-align: justify;\">En Cl\u00ednica Psedas disponemos de un \u00e1rea especializada en terapia juvenil.<\/h3>\n<p style=\"text-align: justify;\">Nuestro psic\u00f3logos son expertos en atenderte y aportar <strong>soluciones eficaces a todo tipo de problem\u00e1ticas relacionadas con el desarrollo de adolescentes<\/strong>.<\/p>\n<p style=\"text-align: justify;\">Nuestro m\u00e9todo de abordaje multidisciplinar incluye t\u00e9cnicas diversas adaptadas a las necesidades terap\u00e9uticas de adolescentes.<\/p>\n<h4 style=\"text-align: justify;\"><span style=\"color: #000047;\">\u00bfTe preocupa la conducta de tu hijo\/a? Realiza tu consulta sin compromiso a nuestros psic\u00f3logos.<\/span><\/h4>\n<p><a href=\"https:\/\/psedas.com\/es\/contacto\/#contacto-formulario\/\" class=\"btn btn-primary\" target=\"_self\" >Cons\u00faltanos<\/a> <a href=\"tel:+34668893873\" class=\"btn btn-primary\" target=\"_self\" >Whatsapp<\/a><\/p>\n<\/div>\n<\/div><\/div><\/div><div id=\"pgc-8184-1-1\"  class=\"panel-grid-cell\" ><div id=\"panel-8184-1-1-0\" class=\"so-panel widget widget_sow-editor panel-first-child panel-last-child\" data-index=\"2\" ><div class=\"so-widget-sow-editor so-widget-sow-editor-base\">\n<div class=\"siteorigin-widget-tinymce textwidget\">\n\t<h3 style=\"text-align: justify;\">En Cl\u00ednica Psedas ofrecemos tratamiento a los principales cambios psicol\u00f3gicos en adolescentes:<\/h3>\n<h4>\u2714\u00a0 Psicopedagog\u00eda y dificultades escolares.<\/h4>\n<p>\u2500 Trastornos de aprendizaje<br \/>\n\u2500 Trastorno por d\u00e9ficit de atenci\u00f3n con o sin hiperactividad (TDA\/H)<br \/>\n\u2500 Dificultades acad\u00e9micas, problemas en la adquisici\u00f3n de aprendizajes curriculares, bajo rendimiento escolar...<br \/>\n\u2500 T\u00e9cnica de estudio.<\/p>\n<h4>\u2714\u00a0 Trastornos de conducta y gesti\u00f3n emocional.<\/h4>\n<p>\u2500\u00a0 Trastornos del estado de \u00e1nimo.<br \/>\n\u2500\u00a0 Trastornos de conducta y comportamiento.<br \/>\n\u2500\u00a0 Trastornos adaptativos.<br \/>\n\u2500\u00a0 Trastornos de ansiedad.<br \/>\n\u2500\u00a0 Dificultades en la adquisici\u00f3n y desarrollo de habilidades sociales.<br \/>\n\u2500\u00a0 Dificultades y retraso en el desarrollo de destrezas espec\u00edficas.<\/p>\n<h4>\u2714\u00a0 Terapia familiar.<\/h4>\n<p>\u2500\u00a0 Problemas psico-sociales relacionados con la familia.<br \/>\n\u2500\u00a0 Relaciones padres e hijos\/adolescentes.<br \/>\n\u2500\u00a0 Disciplina positiva para familias.<\/p>\n<\/div>\n<\/div><\/div><\/div><\/div><\/div>","protected":false},"excerpt":{"rendered":"<p>El desarrollo infantil y adolescente es un camino lleno de altibajos: con la misma rapidez con que nos muestran sus avances tambi\u00e9n retroceden, casi siempre v\u00edctimas de los conflictos que los rodean y de un nuevo mundo digitalizado, lleno de pantallas y redes sociales.<\/p>\n","protected":false},"author":2,"featured_media":8186,"parent":8166,"menu_order":0,"comment_status":"closed","ping_status":"closed","template":"","meta":[],"yoast_head":"<!-- This site is optimized with the Yoast SEO plugin v16.3 - https:\/\/yoast.com\/wordpress\/plugins\/seo\/ -->\n<title>Centro de Psicolog\u00eda Infantil y Juvenil | Cl\u00ednica PSEDAS en Manresa<\/title>\n<meta name=\"description\" content=\"\u00bfTe preocupa el comportamiento de tu hijo\/a? En Psedas te ofrecemos psicolog\u00eda infanto-juvenil y la atenci\u00f3n que necesitan padres e hijos. Cons\u00faltanos.\" \/>\n<meta name=\"robots\" content=\"index, follow, max-snippet:-1, max-image-preview:large, max-video-preview:-1\" \/>\n<link rel=\"canonical\" href=\"https:\/\/psedas.com\/es\/servicios-psicologia\/infanto-juvenil\/\" \/>\n<meta property=\"og:locale\" content=\"es_ES\" \/>\n<meta property=\"og:type\" content=\"article\" \/>\n<meta property=\"og:title\" content=\"Centro de Psicolog\u00eda Infantil y Juvenil | Cl\u00ednica PSEDAS en Manresa\" \/>\n<meta property=\"og:description\" content=\"\u00bfTe preocupa el comportamiento de tu hijo\/a? En Psedas te ofrecemos psicolog\u00eda infanto-juvenil y la atenci\u00f3n que necesitan padres e hijos. Cons\u00faltanos.\" \/>\n<meta property=\"og:url\" content=\"https:\/\/psedas.com\/es\/servicios-psicologia\/infanto-juvenil\/\" \/>\n<meta property=\"og:site_name\" content=\"PSEDAS\" \/>\n<meta property=\"article:modified_time\" content=\"2026-01-25T15:05:43+00:00\" \/>\n<meta property=\"og:image\" content=\"https:\/\/psedas.com\/wp-content\/uploads\/2021\/04\/infants-i-joventut.jpg\" \/>\n\t<meta property=\"og:image:width\" content=\"900\" \/>\n\t<meta property=\"og:image:height\" content=\"601\" \/>\n<meta name=\"twitter:card\" content=\"summary_large_image\" \/>\n<meta name=\"twitter:label1\" content=\"Tiempo de lectura\">\n\t<meta name=\"twitter:data1\" content=\"2 minutos\">\n<script type=\"application\/ld+json\" class=\"yoast-schema-graph\">{\"@context\":\"https:\/\/schema.org\",\"@graph\":[{\"@type\":\"WebSite\",\"@id\":\"https:\/\/psedas.com\/#website\",\"url\":\"https:\/\/psedas.com\/\",\"name\":\"PSEDAS\",\"description\":\"\",\"potentialAction\":[{\"@type\":\"SearchAction\",\"target\":\"https:\/\/psedas.com\/?s={search_term_string}\",\"query-input\":\"required name=search_term_string\"}],\"inLanguage\":\"es\"},{\"@type\":\"ImageObject\",\"@id\":\"https:\/\/psedas.com\/es\/servicios-psicologia\/infanto-juvenil\/#primaryimage\",\"inLanguage\":\"es\",\"url\":\"https:\/\/psedas.com\/wp-content\/uploads\/2021\/04\/infants-i-joventut.jpg\",\"contentUrl\":\"https:\/\/psedas.com\/wp-content\/uploads\/2021\/04\/infants-i-joventut.jpg\",\"width\":900,\"height\":601},{\"@type\":\"WebPage\",\"@id\":\"https:\/\/psedas.com\/es\/servicios-psicologia\/infanto-juvenil\/#webpage\",\"url\":\"https:\/\/psedas.com\/es\/servicios-psicologia\/infanto-juvenil\/\",\"name\":\"Centro de Psicolog\\u00eda Infantil y Juvenil | Cl\\u00ednica PSEDAS en Manresa\",\"isPartOf\":{\"@id\":\"https:\/\/psedas.com\/#website\"},\"primaryImageOfPage\":{\"@id\":\"https:\/\/psedas.com\/es\/servicios-psicologia\/infanto-juvenil\/#primaryimage\"},\"datePublished\":\"2021-02-05T09:46:02+00:00\",\"dateModified\":\"2026-01-25T15:05:43+00:00\",\"description\":\"\\u00bfTe preocupa el comportamiento de tu hijo\/a? En Psedas te ofrecemos psicolog\\u00eda infanto-juvenil y la atenci\\u00f3n que necesitan padres e hijos. Cons\\u00faltanos.\",\"breadcrumb\":{\"@id\":\"https:\/\/psedas.com\/es\/servicios-psicologia\/infanto-juvenil\/#breadcrumb\"},\"inLanguage\":\"es\",\"potentialAction\":[{\"@type\":\"ReadAction\",\"target\":[\"https:\/\/psedas.com\/es\/servicios-psicologia\/infanto-juvenil\/\"]}]},{\"@type\":\"BreadcrumbList\",\"@id\":\"https:\/\/psedas.com\/es\/servicios-psicologia\/infanto-juvenil\/#breadcrumb\",\"itemListElement\":[{\"@type\":\"ListItem\",\"position\":1,\"item\":{\"@type\":\"WebPage\",\"@id\":\"https:\/\/psedas.com\/es\/\",\"url\":\"https:\/\/psedas.com\/es\/\",\"name\":\"Inici\"}},{\"@type\":\"ListItem\",\"position\":2,\"item\":{\"@type\":\"WebPage\",\"@id\":\"https:\/\/psedas.com\/es\/servicios-psicologia\/\",\"url\":\"https:\/\/psedas.com\/es\/servicios-psicologia\/\",\"name\":\"Servicios\"}},{\"@type\":\"ListItem\",\"position\":3,\"item\":{\"@id\":\"https:\/\/psedas.com\/es\/servicios-psicologia\/infanto-juvenil\/#webpage\"}}]}]}<\/script>\n<!-- \/ Yoast SEO plugin. -->","_links":{"self":[{"href":"https:\/\/psedas.com\/es\/wp-json\/wp\/v2\/pages\/8184"}],"collection":[{"href":"https:\/\/psedas.com\/es\/wp-json\/wp\/v2\/pages"}],"about":[{"href":"https:\/\/psedas.com\/es\/wp-json\/wp\/v2\/types\/page"}],"author":[{"embeddable":true,"href":"https:\/\/psedas.com\/es\/wp-json\/wp\/v2\/users\/2"}],"replies":[{"embeddable":true,"href":"https:\/\/psedas.com\/es\/wp-json\/wp\/v2\/comments?post=8184"}],"version-history":[{"count":12,"href":"https:\/\/psedas.com\/es\/wp-json\/wp\/v2\/pages\/8184\/revisions"}],"predecessor-version":[{"id":22956,"href":"https:\/\/psedas.com\/es\/wp-json\/wp\/v2\/pages\/8184\/revisions\/22956"}],"up":[{"embeddable":true,"href":"https:\/\/psedas.com\/es\/wp-json\/wp\/v2\/pages\/8166"}],"wp:featuredmedia":[{"embeddable":true,"href":"https:\/\/psedas.com\/es\/wp-json\/wp\/v2\/media\/8186"}],"wp:attachment":[{"href":"https:\/\/psedas.com\/es\/wp-json\/wp\/v2\/media?parent=8184"}],"curies":[{"name":"wp","href":"https:\/\/api.w.org\/{rel}","templated":true}]}}