{"id":8177,"date":"2021-02-05T11:47:40","date_gmt":"2021-02-05T09:47:40","guid":{"rendered":"https:\/\/psedas.com\/servicios-psicologia\/adults\/"},"modified":"2022-02-23T19:04:04","modified_gmt":"2022-02-23T17:04:04","slug":"adultos","status":"publish","type":"page","link":"https:\/\/psedas.com\/es\/servicios-psicologia\/adultos\/","title":{"rendered":"Psicolog\u00eda de Adultos"},"content":{"rendered":"<div id=\"pl-8177\"  class=\"panel-layout\" ><div id=\"pg-8177-0\"  class=\"panel-grid panel-no-style\" ><div id=\"pgc-8177-0-0\"  class=\"panel-grid-cell\" ><div id=\"panel-8177-0-0-0\" class=\"so-panel widget widget_sow-editor panel-first-child panel-last-child\" data-index=\"0\" ><div class=\"so-widget-sow-editor so-widget-sow-editor-base\">\n<div class=\"siteorigin-widget-tinymce textwidget\">\n\t<p><img loading=\"lazy\" src=\"https:\/\/psedas.com\/wp-content\/uploads\/2021\/04\/banner-adults.jpg\" alt=\"\" width=\"850\" height=\"273\" class=\"alignnone size-full wp-image-7985\" srcset=\"https:\/\/psedas.com\/wp-content\/uploads\/2021\/04\/banner-adults.jpg 850w, https:\/\/psedas.com\/wp-content\/uploads\/2021\/04\/banner-adults-300x96.jpg 300w, https:\/\/psedas.com\/wp-content\/uploads\/2021\/04\/banner-adults-768x247.jpg 768w, https:\/\/psedas.com\/wp-content\/uploads\/2021\/04\/banner-adults-848x273.jpg 848w\" sizes=\"(max-width: 850px) 100vw, 850px\" \/><\/p>\n<\/div>\n<\/div><\/div><\/div><\/div><div id=\"pg-8177-1\"  class=\"panel-grid panel-no-style\" ><div id=\"pgc-8177-1-0\"  class=\"panel-grid-cell\" ><div id=\"panel-8177-1-0-0\" class=\"so-panel widget widget_sow-editor panel-first-child panel-last-child\" data-index=\"1\" ><div class=\"so-widget-sow-editor so-widget-sow-editor-base\">\n<div class=\"siteorigin-widget-tinymce textwidget\">\n\t<h2>Psic\u00f3logos para adultos en Manresa<\/h2>\n<p style=\"text-align: justify;\">En <strong>Cl\u00ednica Psedas somos psic\u00f3logos expertos<\/strong> y ofrecemos terapias de psicolog\u00eda para adultos aportando soluciones eficaces a todo tipo de problemas psicol\u00f3gicos, emocionales y psicosom\u00e1ticos.<\/p>\n<p style=\"text-align: justify;\">Cada persona es un mundo, con unas vivencias que lo hacen \u00fanico, unos objetivos y expectativas vitales particulares. Nuestra labor como terapeutas es tratar a la persona, entender cu\u00e1les son sus s\u00edntomas.<\/p>\n<p style=\"text-align: justify;\">Los psic\u00f3logos de Cl\u00ednica Psedas Manresa realizamos atenci\u00f3n psicol\u00f3gica especializada para adultos desde una perspectiva multidisciplinar.\u00a0<strong>Nuestro objetivo es ofrecer la estrategia psicol\u00f3gica m\u00e1s efectiva y que mejor se adapte a tus necesidades.<\/strong><\/p>\n<h3 style=\"text-align: justify;\">Algunos de los principales tipos de terapias psicol\u00f3gicas con las que trabajamos:<\/h3>\n<ul>\n<li>Terapia cognitiva.<\/li>\n<li>Terapia sist\u00e9mica.<\/li>\n<li>EMDR y Terapia Programaci\u00f3n Neuroling\u00fc\u00edstica.<\/li>\n<li>Terapia con playmobils.<\/li>\n<li>T\u00e9cnicas Gestalt.<\/li>\n<li>T\u00e9cnicas hipn\u00f3ticas.<\/li>\n<\/ul>\n<p style=\"text-align: justify;\">Durante el tiempo de terapia, t\u00fa eres la persona m\u00e1s importante para nosotros y buscaremos la soluci\u00f3n especifica a tu caso.<\/p>\n<\/div>\n<\/div><\/div><\/div><div id=\"pgc-8177-1-1\"  class=\"panel-grid-cell\" ><div id=\"panel-8177-1-1-0\" class=\"so-panel widget widget_sow-editor panel-first-child panel-last-child\" data-index=\"2\" ><div class=\"so-widget-sow-editor so-widget-sow-editor-base\">\n<div class=\"siteorigin-widget-tinymce textwidget\">\n\t<h3>Tratamientos de trastornos psicol\u00f3gicos del adulto m\u00e1s frecuentes en nuestra consulta:<\/h3>\n<p><strong>\u2714 <\/strong>Estr\u00e9s vital i laboral.<br \/>\n<strong>\u2714 <\/strong>Burning out o s\u00edndrome del quemado laboral.<br \/>\n<strong>\u2714 <\/strong>Estr\u00e9s post traum\u00e1tico.<br \/>\n<strong>\u2714 <\/strong>Miedos post pand\u00e9micos.<br \/>\n<strong>\u2714 <\/strong>Entrenamiento en el pensamiento del \u00e9xito.<br \/>\n<strong>\u2714 <\/strong>Transformaci\u00f3n personal.<br \/>\n<strong>\u2714 <\/strong>Estructuraci\u00f3n y organizaci\u00f3n mental y vital.<br \/>\n<strong>\u2714 <\/strong>Trastornos adaptativos.<br \/>\n<strong>\u2714 <\/strong>Problemas de ansiedad.<br \/>\n<strong>\u2714 <\/strong>Ataques de p\u00e1nico.<br \/>\n<strong>\u2714 <\/strong>Depresi\u00f3n y tristeza.<br \/>\n<strong>\u2714 <\/strong>Problemas de inseguridad y baja autoestima.<br \/>\n<strong>\u2714 <\/strong>Conflictos de pareja.<br \/>\n<strong>\u2714 <\/strong>Fobias, obsesiones, compulsiones, trastornos mentales.<br \/>\n<strong>\u2714 <\/strong>S\u00edndrome del nido vac\u00edo.<\/p>\n<p style=\"text-align: justify;\">Todos estos y otros trastornos forman parte de la adaptaci\u00f3n al mundo dentro de su crecimiento personal.En Cl\u00ednica Psedas facilitemos el cambio hacia tu bienestar.<\/p>\n<h2>En Cl\u00ednica Psedas ofrecemos psicoterapia presencial y online.<\/h2>\n<p style=\"text-align: justify;\">Si crees que necesitas ayuda profesional, no esperes m\u00e1s. Solicita una consulta con nuestros psic\u00f3logos en Manresa.<\/p>\n<p style=\"text-align: justify;\"><a href=\"https:\/\/psedas.com\/es\/contacto\/#contacto-formulario\" class=\"btn btn-primary\" target=\"_self\" >Cons\u00faltanos<\/a><\/p>\n<\/div>\n<\/div><\/div><\/div><\/div><\/div>","protected":false},"excerpt":{"rendered":"<p>Cada persona es un mundo, con unas vivencias que lo hacen \u00fanico, unos objetivos y expectativas vitales particulares, nuestra labor como terapeutas es tratar a la persona, entender que que sus s\u00edntomas: estr\u00e9s, ansiedad, ataques de p\u00e1nico, depresi\u00f3n, problemas de inseguridad, baja autoestima, conflictos de pareja, fobias, obsesiones, compulsiones, desorientaci\u00f3n vital &#8230;,<\/p>\n","protected":false},"author":2,"featured_media":8179,"parent":8166,"menu_order":0,"comment_status":"closed","ping_status":"closed","template":"","meta":[],"yoast_head":"<!-- This site is optimized with the Yoast SEO plugin v16.3 - https:\/\/yoast.com\/wordpress\/plugins\/seo\/ -->\n<title>Psicolog\u00eda para Adultos en Manresa | Cl\u00ednica Psedas<\/title>\n<meta name=\"description\" content=\"Terapia para adultos. \u00bfEstr\u00e9s? \u00bfAnsiedad? \u00bfDepresi\u00f3n? Identificamos los s\u00edntomas y te ayudamos a encontrar una soluci\u00f3n. Cons\u00faltanos.\" \/>\n<meta name=\"robots\" content=\"index, follow, max-snippet:-1, max-image-preview:large, max-video-preview:-1\" \/>\n<link rel=\"canonical\" href=\"https:\/\/psedas.com\/es\/servicios-psicologia\/adultos\/\" \/>\n<meta property=\"og:locale\" content=\"es_ES\" \/>\n<meta property=\"og:type\" content=\"article\" \/>\n<meta property=\"og:title\" content=\"Psicolog\u00eda para Adultos en Manresa | Cl\u00ednica Psedas\" \/>\n<meta property=\"og:description\" content=\"Terapia para adultos. \u00bfEstr\u00e9s? \u00bfAnsiedad? \u00bfDepresi\u00f3n? Identificamos los s\u00edntomas y te ayudamos a encontrar una soluci\u00f3n. Cons\u00faltanos.\" \/>\n<meta property=\"og:url\" content=\"https:\/\/psedas.com\/es\/servicios-psicologia\/adultos\/\" \/>\n<meta property=\"og:site_name\" content=\"PSEDAS\" \/>\n<meta property=\"article:modified_time\" content=\"2022-02-23T17:04:04+00:00\" \/>\n<meta property=\"og:image\" content=\"https:\/\/psedas.com\/wp-content\/uploads\/2021\/04\/adults.jpg\" \/>\n\t<meta property=\"og:image:width\" content=\"900\" \/>\n\t<meta property=\"og:image:height\" content=\"600\" \/>\n<meta name=\"twitter:card\" content=\"summary_large_image\" \/>\n<meta name=\"twitter:label1\" content=\"Tiempo de lectura\">\n\t<meta name=\"twitter:data1\" content=\"2 minutos\">\n<script type=\"application\/ld+json\" class=\"yoast-schema-graph\">{\"@context\":\"https:\/\/schema.org\",\"@graph\":[{\"@type\":\"WebSite\",\"@id\":\"https:\/\/psedas.com\/#website\",\"url\":\"https:\/\/psedas.com\/\",\"name\":\"PSEDAS\",\"description\":\"\",\"potentialAction\":[{\"@type\":\"SearchAction\",\"target\":\"https:\/\/psedas.com\/?s={search_term_string}\",\"query-input\":\"required name=search_term_string\"}],\"inLanguage\":\"es\"},{\"@type\":\"ImageObject\",\"@id\":\"https:\/\/psedas.com\/es\/servicios-psicologia\/adultos\/#primaryimage\",\"inLanguage\":\"es\",\"url\":\"https:\/\/psedas.com\/wp-content\/uploads\/2021\/04\/adults.jpg\",\"contentUrl\":\"https:\/\/psedas.com\/wp-content\/uploads\/2021\/04\/adults.jpg\",\"width\":900,\"height\":600},{\"@type\":\"WebPage\",\"@id\":\"https:\/\/psedas.com\/es\/servicios-psicologia\/adultos\/#webpage\",\"url\":\"https:\/\/psedas.com\/es\/servicios-psicologia\/adultos\/\",\"name\":\"Psicolog\\u00eda para Adultos en Manresa | Cl\\u00ednica Psedas\",\"isPartOf\":{\"@id\":\"https:\/\/psedas.com\/#website\"},\"primaryImageOfPage\":{\"@id\":\"https:\/\/psedas.com\/es\/servicios-psicologia\/adultos\/#primaryimage\"},\"datePublished\":\"2021-02-05T09:47:40+00:00\",\"dateModified\":\"2022-02-23T17:04:04+00:00\",\"description\":\"Terapia para adultos. \\u00bfEstr\\u00e9s? \\u00bfAnsiedad? \\u00bfDepresi\\u00f3n? Identificamos los s\\u00edntomas y te ayudamos a encontrar una soluci\\u00f3n. Cons\\u00faltanos.\",\"breadcrumb\":{\"@id\":\"https:\/\/psedas.com\/es\/servicios-psicologia\/adultos\/#breadcrumb\"},\"inLanguage\":\"es\",\"potentialAction\":[{\"@type\":\"ReadAction\",\"target\":[\"https:\/\/psedas.com\/es\/servicios-psicologia\/adultos\/\"]}]},{\"@type\":\"BreadcrumbList\",\"@id\":\"https:\/\/psedas.com\/es\/servicios-psicologia\/adultos\/#breadcrumb\",\"itemListElement\":[{\"@type\":\"ListItem\",\"position\":1,\"item\":{\"@type\":\"WebPage\",\"@id\":\"https:\/\/psedas.com\/es\/\",\"url\":\"https:\/\/psedas.com\/es\/\",\"name\":\"Inici\"}},{\"@type\":\"ListItem\",\"position\":2,\"item\":{\"@type\":\"WebPage\",\"@id\":\"https:\/\/psedas.com\/es\/servicios-psicologia\/\",\"url\":\"https:\/\/psedas.com\/es\/servicios-psicologia\/\",\"name\":\"Servicios\"}},{\"@type\":\"ListItem\",\"position\":3,\"item\":{\"@id\":\"https:\/\/psedas.com\/es\/servicios-psicologia\/adultos\/#webpage\"}}]}]}<\/script>\n<!-- \/ Yoast SEO plugin. -->","_links":{"self":[{"href":"https:\/\/psedas.com\/es\/wp-json\/wp\/v2\/pages\/8177"}],"collection":[{"href":"https:\/\/psedas.com\/es\/wp-json\/wp\/v2\/pages"}],"about":[{"href":"https:\/\/psedas.com\/es\/wp-json\/wp\/v2\/types\/page"}],"author":[{"embeddable":true,"href":"https:\/\/psedas.com\/es\/wp-json\/wp\/v2\/users\/2"}],"replies":[{"embeddable":true,"href":"https:\/\/psedas.com\/es\/wp-json\/wp\/v2\/comments?post=8177"}],"version-history":[{"count":15,"href":"https:\/\/psedas.com\/es\/wp-json\/wp\/v2\/pages\/8177\/revisions"}],"predecessor-version":[{"id":9373,"href":"https:\/\/psedas.com\/es\/wp-json\/wp\/v2\/pages\/8177\/revisions\/9373"}],"up":[{"embeddable":true,"href":"https:\/\/psedas.com\/es\/wp-json\/wp\/v2\/pages\/8166"}],"wp:featuredmedia":[{"embeddable":true,"href":"https:\/\/psedas.com\/es\/wp-json\/wp\/v2\/media\/8179"}],"wp:attachment":[{"href":"https:\/\/psedas.com\/es\/wp-json\/wp\/v2\/media?parent=8177"}],"curies":[{"name":"wp","href":"https:\/\/api.w.org\/{rel}","templated":true}]}}