{"id":8164,"date":"2021-02-18T12:36:59","date_gmt":"2021-02-18T10:36:59","guid":{"rendered":"https:\/\/psedas.com\/casos-practicos\/marcel-hipocondria\/"},"modified":"2026-01-25T18:29:00","modified_gmt":"2026-01-25T16:29:00","slug":"hipocondria-terapia-cognitiva","status":"publish","type":"page","link":"https:\/\/psedas.com\/es\/casos-practicos\/hipocondria-terapia-cognitiva\/","title":{"rendered":"Hipocondria y Terapia Cognitiva"},"content":{"rendered":"<div id=\"pl-8164\"  class=\"panel-layout\" ><div id=\"pg-8164-0\"  class=\"panel-grid panel-no-style\" ><div id=\"pgc-8164-0-0\"  class=\"panel-grid-cell\" ><div id=\"panel-8164-0-0-0\" class=\"so-panel widget widget_sow-editor panel-first-child panel-last-child\" data-index=\"0\" ><div class=\"so-widget-sow-editor so-widget-sow-editor-base\">\n<div class=\"siteorigin-widget-tinymce textwidget\">\n\t<p><img loading=\"lazy\" class=\"alignnone wp-image-22977 \" src=\"https:\/\/psedas.com\/wp-content\/uploads\/2026\/01\/Superar-la-Hipocondria-Clinica-Psedas-H-1-300x93.jpg\" alt=\"\" width=\"955\" height=\"296\" srcset=\"https:\/\/psedas.com\/wp-content\/uploads\/2026\/01\/Superar-la-Hipocondria-Clinica-Psedas-H-1-300x93.jpg 300w, https:\/\/psedas.com\/wp-content\/uploads\/2026\/01\/Superar-la-Hipocondria-Clinica-Psedas-H-1-1024x316.jpg 1024w, https:\/\/psedas.com\/wp-content\/uploads\/2026\/01\/Superar-la-Hipocondria-Clinica-Psedas-H-1-768x237.jpg 768w\" sizes=\"(max-width: 955px) 100vw, 955px\" \/><\/p>\n<\/div>\n<\/div><\/div><\/div><\/div><div id=\"pg-8164-1\"  class=\"panel-grid panel-no-style\" ><div id=\"pgc-8164-1-0\"  class=\"panel-grid-cell\" ><div id=\"panel-8164-1-0-0\" class=\"so-panel widget widget_sow-editor panel-first-child panel-last-child\" data-index=\"1\" ><div class=\"so-widget-sow-editor so-widget-sow-editor-base\">\n<div class=\"siteorigin-widget-tinymce textwidget\">\n\t<p>Marcel, tratamiento virtual, hipocondr\u00eda<\/p>\n<p>Presentamos el caso cl\u00ednico de Marcel, es un empleado de banca de 39 a\u00f1os que va a consulta de su m\u00e9dico de cabecera. Desde hace 10 meses est\u00e1 abrumado con la creencia de sufrir una enfermedad grave de tipo digestivo, dos semanas antes de esta preocupaci\u00f3n intensa un amigo muri\u00f3 de c\u00e1ncer de est\u00f3mago, al cabo de unos d\u00edas comenz\u00f3 con molestias digestivas no relacionadas con las comidas. Desde entonces ha acudido a varios especialistas que a pesar de haber descartado cualquier enfermedad f\u00edsica, continua con la firme creencia tiene algo grave que los m\u00e9dicos no saben detectar. \u00daltimamente su estado an\u00edmico ha ido empeorando progresivamente, s\u00f3lo duerme con tranquilizantes, est\u00e1 de baja desde hace cuatro meses y las relaciones con la familia y amigos se ha deteriorado notablemente y el m\u00e9dico no aprecia la presencia de ideas delirantes psic\u00f3ticas , durante casi toda su vida ha sido muy aprensivo con las enfermedades pero sin llegar nunca al estado actual.<br \/>\nEn esta situaci\u00f3n se pone en contacto con nosotros a trav\u00e9s del formulario web, y en la primera visita virtual, en nuestro despacho virtual privado, nos expone toda la situaci\u00f3n, claramente estamos ante una patolog\u00eda hipocondr\u00edaca. En este caso, tenemos un claro activador de la patolog\u00eda, la muerte del amigo por c\u00e1ncer estomacal. En estos casos los miedos son activados y mantenidos por la am\u00edgdala, por lo que procede tratar al paciente en un estado de relajaci\u00f3n que aten\u00fae o desactive claramente esta parte del cerebro primitivo defensivo.<\/p>\n<\/div>\n<\/div><\/div><\/div><div id=\"pgc-8164-1-1\"  class=\"panel-grid-cell\" ><div id=\"panel-8164-1-1-0\" class=\"so-panel widget widget_sow-editor panel-first-child panel-last-child\" data-index=\"2\" ><div class=\"so-widget-sow-editor so-widget-sow-editor-base\">\n<div class=\"siteorigin-widget-tinymce textwidget\">\n\t<p>Le programamos un ejercicio imaginado que repetir\u00e1 cada noche antes de dormir durante una semana, escuchar\u00e1 un audio realizado por nosotros donde se modifica la historia traum\u00e1tica vivida. En sesi\u00f3n posterior a nuestra consulta virtual, realizaremos un ejercicio que induce a la mente a no dar continuidad al vivido. En las siguientes sesiones virtuales, mientras el paciente mira un v\u00eddeo preparado para relajarse exclusivamente la am\u00edgdala, en videoconferencia, se le da una nueva forma de entender lo que pas\u00f3, induciendo un punto y final pactado con el paciente.<br \/>\nEl t\u00e9rmino hipocondr\u00eda proviene del t\u00e9rmino m\u00e9dico hipocondrio que significa debajo del cart\u00edlago y que refleja las quejas t\u00edpicas abdominales, que suelen tener estos pacientes. Este trastorno se caracteriza por la presencia de interpretaciones incorrectas o poco realistas por parte del paciente de sus sensaciones o s\u00edntomas f\u00edsicos, produci\u00e9ndose preocupaciones y temores sobre la posibilidad de tener una enfermedad grave, aunque no se puede encontrar una causa m\u00e9dica conocida , las preocupaciones persisten a pesar de las evaluaciones y palabras tranquilizadoras de los m\u00e9dicos. Esta creencia de tener una enfermedad grave no tiene un car\u00e1cter delirante, no es de origen psic\u00f3tico y no se limita a preocupaciones concretas sobre la apariencia como se describe en el apartado del trastorno dism\u00f3rfico corporal, el trastorno generalmente dura un m\u00ednimo de seis meses y conlleva un deterioro importante en el funcionamiento socio laboral.<br \/>\nEn este caso fueron necesarias 7 sesiones para remitir claramente este estado de hipocondr\u00eda, y el paciente pudo recuperar su vida normal.<\/p>\n<p>Tiempo de tratamiento total 7 sesiones en 3 meses.<\/p>\n<\/div>\n<\/div><\/div><\/div><\/div><\/div>","protected":false},"excerpt":{"rendered":"<p>Presentamos el caso cl\u00ednico de Marcel, es un empleado de banca de 39 a\u00f1os que va a consulta de su m\u00e9dico de cabecera. Desde hace 10 meses est\u00e1 abrumado con la creencia de sufrir una enfermedad grave de tipo digestivo, dos semanas antes de esta preocupaci\u00f3n intensa un amigo muri\u00f3 de c\u00e1ncer de est\u00f3mago, al cabo de unos d\u00edas comenz\u00f3 con molestias digestivas no relacionadas con las comidas. Desde entonces ha acudido a varios especialistas que a pesar de haber descartado cualquier enfermedad f\u00edsica, continua con la firme creencia tiene algo grave que los m\u00e9dicos no saben detectar. \u00daltimamente su estado an\u00edmico ha ido empeorando progresivamente, s\u00f3lo duerme con tranquilizantes, est\u00e1 de baja desde hace cuatro meses y las relaciones con la familia y amigos se ha deteriorado notablemente y el m\u00e9dico no aprecia la presencia de ideas delirantes psic\u00f3ticas , durante casi toda su vida ha sido muy aprensivo con las enfermedades pero sin llegar nunca al estado actual.<\/p>\n","protected":false},"author":2,"featured_media":9646,"parent":8128,"menu_order":0,"comment_status":"closed","ping_status":"closed","template":"","meta":[],"yoast_head":"<!-- This site is optimized with the Yoast SEO plugin v16.3 - https:\/\/yoast.com\/wordpress\/plugins\/seo\/ -->\n<title>Psicoter\u00e0pia online d&#039;hipocondria | PSEDAS Psic\u00f2legs a Manresa<\/title>\n<meta name=\"description\" content=\"Perqu\u00e8 es desenvolupa la hipocondria? T&#039;ajudem a buscar l&#039;origen. A Cl\u00ednica Psedas t&#039;oferim psicologia efica\u00e7 per recuperar la teva vida normal. Consulta&#039;ns. %\" \/>\n<meta name=\"robots\" content=\"index, follow, max-snippet:-1, max-image-preview:large, max-video-preview:-1\" \/>\n<link rel=\"canonical\" href=\"https:\/\/psedas.com\/es\/casos-practicos\/hipocondria-terapia-cognitiva\/\" \/>\n<meta property=\"og:locale\" content=\"es_ES\" \/>\n<meta property=\"og:type\" content=\"article\" \/>\n<meta property=\"og:title\" content=\"Psicoter\u00e0pia online d&#039;hipocondria | PSEDAS Psic\u00f2legs a Manresa\" \/>\n<meta property=\"og:description\" content=\"Perqu\u00e8 es desenvolupa la hipocondria? T&#039;ajudem a buscar l&#039;origen. A Cl\u00ednica Psedas t&#039;oferim psicologia efica\u00e7 per recuperar la teva vida normal. Consulta&#039;ns. %\" \/>\n<meta property=\"og:url\" content=\"https:\/\/psedas.com\/es\/casos-practicos\/hipocondria-terapia-cognitiva\/\" \/>\n<meta property=\"og:site_name\" content=\"PSEDAS\" \/>\n<meta property=\"article:modified_time\" content=\"2026-01-25T16:29:00+00:00\" \/>\n<meta property=\"og:image\" content=\"https:\/\/psedas.com\/wp-content\/uploads\/2022\/04\/Superar-la-Hipocondria-Clinica-Psedas.jpg\" \/>\n\t<meta property=\"og:image:width\" content=\"448\" \/>\n\t<meta property=\"og:image:height\" content=\"299\" \/>\n<meta name=\"twitter:card\" content=\"summary_large_image\" \/>\n<meta name=\"twitter:label1\" content=\"Tiempo de lectura\">\n\t<meta name=\"twitter:data1\" content=\"3 minutos\">\n<script type=\"application\/ld+json\" class=\"yoast-schema-graph\">{\"@context\":\"https:\/\/schema.org\",\"@graph\":[{\"@type\":\"WebSite\",\"@id\":\"https:\/\/psedas.com\/#website\",\"url\":\"https:\/\/psedas.com\/\",\"name\":\"PSEDAS\",\"description\":\"\",\"potentialAction\":[{\"@type\":\"SearchAction\",\"target\":\"https:\/\/psedas.com\/?s={search_term_string}\",\"query-input\":\"required name=search_term_string\"}],\"inLanguage\":\"es\"},{\"@type\":\"ImageObject\",\"@id\":\"https:\/\/psedas.com\/es\/casos-practicos\/hipocondria-terapia-cognitiva\/#primaryimage\",\"inLanguage\":\"es\",\"url\":\"https:\/\/psedas.com\/wp-content\/uploads\/2022\/04\/Superar-la-Hipocondria-Clinica-Psedas.jpg\",\"contentUrl\":\"https:\/\/psedas.com\/wp-content\/uploads\/2022\/04\/Superar-la-Hipocondria-Clinica-Psedas.jpg\",\"width\":448,\"height\":299,\"caption\":\"persona hipocondr\\u00edaca\"},{\"@type\":\"WebPage\",\"@id\":\"https:\/\/psedas.com\/es\/casos-practicos\/hipocondria-terapia-cognitiva\/#webpage\",\"url\":\"https:\/\/psedas.com\/es\/casos-practicos\/hipocondria-terapia-cognitiva\/\",\"name\":\"Psicoter\\u00e0pia online d'hipocondria | PSEDAS Psic\\u00f2legs a Manresa\",\"isPartOf\":{\"@id\":\"https:\/\/psedas.com\/#website\"},\"primaryImageOfPage\":{\"@id\":\"https:\/\/psedas.com\/es\/casos-practicos\/hipocondria-terapia-cognitiva\/#primaryimage\"},\"datePublished\":\"2021-02-18T10:36:59+00:00\",\"dateModified\":\"2026-01-25T16:29:00+00:00\",\"description\":\"Perqu\\u00e8 es desenvolupa la hipocondria? T'ajudem a buscar l'origen. A Cl\\u00ednica Psedas t'oferim psicologia efica\\u00e7 per recuperar la teva vida normal. Consulta'ns. %\",\"breadcrumb\":{\"@id\":\"https:\/\/psedas.com\/es\/casos-practicos\/hipocondria-terapia-cognitiva\/#breadcrumb\"},\"inLanguage\":\"es\",\"potentialAction\":[{\"@type\":\"ReadAction\",\"target\":[\"https:\/\/psedas.com\/es\/casos-practicos\/hipocondria-terapia-cognitiva\/\"]}]},{\"@type\":\"BreadcrumbList\",\"@id\":\"https:\/\/psedas.com\/es\/casos-practicos\/hipocondria-terapia-cognitiva\/#breadcrumb\",\"itemListElement\":[{\"@type\":\"ListItem\",\"position\":1,\"item\":{\"@type\":\"WebPage\",\"@id\":\"https:\/\/psedas.com\/es\/\",\"url\":\"https:\/\/psedas.com\/es\/\",\"name\":\"Inici\"}},{\"@type\":\"ListItem\",\"position\":2,\"item\":{\"@type\":\"WebPage\",\"@id\":\"https:\/\/psedas.com\/es\/casos-practicos\/\",\"url\":\"https:\/\/psedas.com\/es\/casos-practicos\/\",\"name\":\"Casos pr\\u00e1cticos\"}},{\"@type\":\"ListItem\",\"position\":3,\"item\":{\"@id\":\"https:\/\/psedas.com\/es\/casos-practicos\/hipocondria-terapia-cognitiva\/#webpage\"}}]}]}<\/script>\n<!-- \/ Yoast SEO plugin. -->","_links":{"self":[{"href":"https:\/\/psedas.com\/es\/wp-json\/wp\/v2\/pages\/8164"}],"collection":[{"href":"https:\/\/psedas.com\/es\/wp-json\/wp\/v2\/pages"}],"about":[{"href":"https:\/\/psedas.com\/es\/wp-json\/wp\/v2\/types\/page"}],"author":[{"embeddable":true,"href":"https:\/\/psedas.com\/es\/wp-json\/wp\/v2\/users\/2"}],"replies":[{"embeddable":true,"href":"https:\/\/psedas.com\/es\/wp-json\/wp\/v2\/comments?post=8164"}],"version-history":[{"count":11,"href":"https:\/\/psedas.com\/es\/wp-json\/wp\/v2\/pages\/8164\/revisions"}],"predecessor-version":[{"id":22980,"href":"https:\/\/psedas.com\/es\/wp-json\/wp\/v2\/pages\/8164\/revisions\/22980"}],"up":[{"embeddable":true,"href":"https:\/\/psedas.com\/es\/wp-json\/wp\/v2\/pages\/8128"}],"wp:featuredmedia":[{"embeddable":true,"href":"https:\/\/psedas.com\/es\/wp-json\/wp\/v2\/media\/9646"}],"wp:attachment":[{"href":"https:\/\/psedas.com\/es\/wp-json\/wp\/v2\/media?parent=8164"}],"curies":[{"name":"wp","href":"https:\/\/api.w.org\/{rel}","templated":true}]}}