{"id":8150,"date":"2021-02-18T12:26:14","date_gmt":"2021-02-18T10:26:14","guid":{"rendered":"https:\/\/psedas.com\/casos-practicos\/sandra-gestio-emocional\/"},"modified":"2021-12-14T18:52:25","modified_gmt":"2021-12-14T16:52:25","slug":"depresion-y-emdr","status":"publish","type":"page","link":"https:\/\/psedas.com\/es\/casos-practicos\/depresion-y-emdr\/","title":{"rendered":"Trastorno depresivo y EMDR"},"content":{"rendered":"<div id=\"pl-8150\"  class=\"panel-layout\" ><div id=\"pg-8150-0\"  class=\"panel-grid panel-no-style\" ><div id=\"pgc-8150-0-0\"  class=\"panel-grid-cell\" ><div id=\"panel-8150-0-0-0\" class=\"so-panel widget widget_sow-editor panel-first-child panel-last-child\" data-index=\"0\" ><div class=\"so-widget-sow-editor so-widget-sow-editor-base\">\n<div class=\"siteorigin-widget-tinymce textwidget\">\n\t<p><img loading=\"lazy\" class=\"wp-image-7963 alignnone size-full\" src=\"https:\/\/psedas.com\/wp-content\/uploads\/2021\/04\/cas-sandra.jpg\" alt=\"\" width=\"1200\" height=\"372\" \/><\/p>\n<\/div>\n<\/div><\/div><\/div><\/div><div id=\"pg-8150-1\"  class=\"panel-grid panel-no-style\" ><div id=\"pgc-8150-1-0\"  class=\"panel-grid-cell\" ><div id=\"panel-8150-1-0-0\" class=\"so-panel widget widget_sow-editor panel-first-child panel-last-child\" data-index=\"1\" ><div class=\"so-widget-sow-editor so-widget-sow-editor-base\">\n<div class=\"siteorigin-widget-tinymce textwidget\">\n\t<h2>DEPRESI\u00d3N y EMDR<\/h2>\n<p style=\"text-align: justify;\">Sandra era una mujer de treinta y cinco a\u00f1os, odont\u00f3loga. Estaba casada con un m\u00e9dico desde hac\u00eda diez a\u00f1os y ten\u00eda una hija de cinco a\u00f1os.<\/p>\n<h3>Signos y s\u00edntomas de la depresi\u00f3n.<\/h3>\n<p style=\"text-align: justify;\">Fue enviada a nuestro centro de psicolog\u00eda por el m\u00e9dico de cabecera, diagnosticada con <strong>estr\u00e9s, miedo, p\u00e1nico, angustia, ansiedad, tristeza y posible depresi\u00f3n<\/strong>. Durante la primera sesi\u00f3n cont\u00f3 que hab\u00eda venido a terapia a causa de una grave enfermedad gastrointestinal que padec\u00eda desde hac\u00eda casi diez a\u00f1os, la cual le provocaba molestias cotidianas, de intensidad variable pero constantes. Incluso se hab\u00eda sometido a una intervenci\u00f3n de intestinal, la cual no hab\u00eda eliminado los s\u00edntomas.<\/p>\n<h3 style=\"text-align: justify;\">\u00bfCu\u00e1les eran las causas del trastorno depresivo?<\/h3>\n<p style=\"text-align: justify;\">El terapeuta comenz\u00f3 entonces a indagar sobre su vida de relaciones. Durante la exploraci\u00f3n psicol\u00f3gica, Sandra siempre se refer\u00eda a problemas de trabajo, y como ella pidi\u00f3, inicialmente se trataron todos estos peque\u00f1os problemas laborales. A pesar de todo todav\u00eda ve\u00edamos en menor grado el estr\u00e9s, angustia, ansiedad y tristeza. Supusimos que <strong>la paciente estaba disimulando los s\u00edntomas y sobre todo la causa<\/strong>. Detect\u00e1bamos <strong>problemas de inseguridad, baja autoestima y conflictos de pareja<\/strong>, que la paciente no expresaba directamente.<\/p>\n<\/div>\n<\/div><\/div><\/div><div id=\"pgc-8150-1-1\"  class=\"panel-grid-cell\" ><div id=\"panel-8150-1-1-0\" class=\"so-panel widget widget_sow-editor panel-first-child panel-last-child\" data-index=\"2\" ><div class=\"so-widget-sow-editor so-widget-sow-editor-base\">\n<div class=\"siteorigin-widget-tinymce textwidget\">\n\t<h3>Tratamiento de la depresi\u00f3n con programaci\u00f3n neuroling\u00fc\u00edstica (PNL).<\/h3>\n<p style=\"text-align: justify;\">Se decide forzar la situaci\u00f3n ya que las molestias del trabajo se consideran superadas por el tratamiento y prescribir un supuesto final de tratamiento, una relajaci\u00f3n profunda y una hipnosis ligera. Gracias a este planteo la paciente confes\u00f3 que lo que realmente le pasaba era que poco despu\u00e9s de casarse, hab\u00eda iniciado una relaci\u00f3n extra-conyugal con un excompa\u00f1ero de la universidad. Esta relaci\u00f3n todav\u00eda duraba en el momento de iniciar la terapia. En cuanto a la relaci\u00f3n conyugal, Sandra sosten\u00eda que hab\u00eda mucho afecto entre ella y el marido, aunque la relaci\u00f3n no fuera muy pasional.<\/p>\n<p style=\"text-align: justify;\">Se describ\u00eda como una mujer minuciosa y perfeccionista. En cuanto a sus s\u00edntomas, se\u00f1alaba que hab\u00edan aparecido pocos meses despu\u00e9s de haber iniciado su relaci\u00f3n extra-conyugal. Se procedi\u00f3 a un <strong>enfrentamiento cognitivo y t\u00e9cnicas de PNL<\/strong>.<br \/>\nEs de destacar que en las dos sesiones hab\u00eda decidi\u00f3 afrontar la dolorosa ruptura de la relaci\u00f3n con el amante.<strong> En pocas sesiones hab\u00eda superado los sentimientos de tristeza, ira y desesperaci\u00f3n.<\/strong><\/p>\n<p style=\"text-align: justify;\"><strong>Tratamiento Fase 1 \u00b7 Psicolog\u00eda cognitiva, conductual y estrat\u00e9gica emocional : 16 semanas.<\/strong><br \/>\n<strong>Tratamiento Fase 2 \u00b7 Psicolog\u00eda cognitiva : 5 semanas.<\/strong><br \/>\n<strong>Tratamiento de Control : 4 meses.<\/strong><\/p>\n<\/div>\n<\/div><\/div><\/div><\/div><\/div>","protected":false},"excerpt":{"rendered":"<p>Sandra era una mujer de treinta y cinco a\u00f1os, odontologa. Estaba casada con un m\u00e9dico desde hac\u00eda diez a\u00f1os y ten\u00eda una hija de cinco a\u00f1os. Fue enviada a nuestro centro por el m\u00e9dico de cabecera diagnosticada con estr\u00e9s, miedo, p\u00e1nico, angustia, ansiedad, tristeza y posible depresi\u00f3n. Durante la primera sesi\u00f3n cont\u00f3 que hab\u00eda venido a terapia a causa de una grave enfermedad gastrointestinal que padec\u00eda desde hac\u00eda casi diez a\u00f1os, la cual le provocaba molestias cotidianas, de intensidad variable pero constantes. Incluso se hab\u00eda sometido a una intervenci\u00f3n de intestinal, la cual no hab\u00eda eliminado los s\u00edntomas.<br \/>\nEl terapeuta comenz\u00f3 entonces a indagar sobre su vida de relaciones. Durante la exploraci\u00f3n psicol\u00f3gica, Sandra siempre se refer\u00eda a problemas de trabajo, y como ella pidi\u00f3, inicialmente se trataron todos estos peque\u00f1os problemas laborales. A pesar de todo todav\u00eda ve\u00edamos en menor grado el estr\u00e9s, angustia, ansiedad y tristeza. Supusimos que la paciente estaba disimulando los s\u00edntomas y sobre todo la causa. Detect\u00e1bamos problemas de inseguridad, baja autoestima y conflictos de pareja, que la paciente no expresaba directamente.<\/p>\n","protected":false},"author":2,"featured_media":8152,"parent":8128,"menu_order":0,"comment_status":"closed","ping_status":"closed","template":"","meta":[],"yoast_head":"<!-- This site is optimized with the Yoast SEO plugin v16.3 - https:\/\/yoast.com\/wordpress\/plugins\/seo\/ -->\n<title>Psicolog\u00eda estrat\u00e9gica emocional | PSEDAS Psic\u00f3logos en Manresa<\/title>\n<meta name=\"description\" content=\"La infidelidad puede conllevar desestabilidad emocional y depresi\u00f3n. En Cl\u00ednica Psedas ofrecemos terapia y coaching emocional. Cons\u00faltanos.\" \/>\n<meta name=\"robots\" content=\"index, follow, max-snippet:-1, max-image-preview:large, max-video-preview:-1\" \/>\n<link rel=\"canonical\" href=\"https:\/\/psedas.com\/es\/casos-practicos\/depresion-y-emdr\/\" \/>\n<meta property=\"og:locale\" content=\"es_ES\" \/>\n<meta property=\"og:type\" content=\"article\" \/>\n<meta property=\"og:title\" content=\"Psicolog\u00eda estrat\u00e9gica emocional | PSEDAS Psic\u00f3logos en Manresa\" \/>\n<meta property=\"og:description\" content=\"La infidelidad puede conllevar desestabilidad emocional y depresi\u00f3n. En Cl\u00ednica Psedas ofrecemos terapia y coaching emocional. Cons\u00faltanos.\" \/>\n<meta property=\"og:url\" content=\"https:\/\/psedas.com\/es\/casos-practicos\/depresion-y-emdr\/\" \/>\n<meta property=\"og:site_name\" content=\"PSEDAS\" \/>\n<meta property=\"article:modified_time\" content=\"2021-12-14T16:52:25+00:00\" \/>\n<meta property=\"og:image\" content=\"https:\/\/psedas.com\/wp-content\/uploads\/2021\/04\/cas-sandra-img.jpg\" \/>\n\t<meta property=\"og:image:width\" content=\"900\" \/>\n\t<meta property=\"og:image:height\" content=\"600\" \/>\n<meta name=\"twitter:card\" content=\"summary_large_image\" \/>\n<meta name=\"twitter:label1\" content=\"Tiempo de lectura\">\n\t<meta name=\"twitter:data1\" content=\"2 minutos\">\n<script type=\"application\/ld+json\" class=\"yoast-schema-graph\">{\"@context\":\"https:\/\/schema.org\",\"@graph\":[{\"@type\":\"WebSite\",\"@id\":\"https:\/\/psedas.com\/#website\",\"url\":\"https:\/\/psedas.com\/\",\"name\":\"PSEDAS\",\"description\":\"\",\"potentialAction\":[{\"@type\":\"SearchAction\",\"target\":\"https:\/\/psedas.com\/?s={search_term_string}\",\"query-input\":\"required name=search_term_string\"}],\"inLanguage\":\"es\"},{\"@type\":\"ImageObject\",\"@id\":\"https:\/\/psedas.com\/es\/casos-practicos\/depresion-y-emdr\/#primaryimage\",\"inLanguage\":\"es\",\"url\":\"https:\/\/psedas.com\/wp-content\/uploads\/2021\/04\/cas-sandra-img.jpg\",\"contentUrl\":\"https:\/\/psedas.com\/wp-content\/uploads\/2021\/04\/cas-sandra-img.jpg\",\"width\":900,\"height\":600},{\"@type\":\"WebPage\",\"@id\":\"https:\/\/psedas.com\/es\/casos-practicos\/depresion-y-emdr\/#webpage\",\"url\":\"https:\/\/psedas.com\/es\/casos-practicos\/depresion-y-emdr\/\",\"name\":\"Psicolog\\u00eda estrat\\u00e9gica emocional | PSEDAS Psic\\u00f3logos en Manresa\",\"isPartOf\":{\"@id\":\"https:\/\/psedas.com\/#website\"},\"primaryImageOfPage\":{\"@id\":\"https:\/\/psedas.com\/es\/casos-practicos\/depresion-y-emdr\/#primaryimage\"},\"datePublished\":\"2021-02-18T10:26:14+00:00\",\"dateModified\":\"2021-12-14T16:52:25+00:00\",\"description\":\"La infidelidad puede conllevar desestabilidad emocional y depresi\\u00f3n. En Cl\\u00ednica Psedas ofrecemos terapia y coaching emocional. Cons\\u00faltanos.\",\"breadcrumb\":{\"@id\":\"https:\/\/psedas.com\/es\/casos-practicos\/depresion-y-emdr\/#breadcrumb\"},\"inLanguage\":\"es\",\"potentialAction\":[{\"@type\":\"ReadAction\",\"target\":[\"https:\/\/psedas.com\/es\/casos-practicos\/depresion-y-emdr\/\"]}]},{\"@type\":\"BreadcrumbList\",\"@id\":\"https:\/\/psedas.com\/es\/casos-practicos\/depresion-y-emdr\/#breadcrumb\",\"itemListElement\":[{\"@type\":\"ListItem\",\"position\":1,\"item\":{\"@type\":\"WebPage\",\"@id\":\"https:\/\/psedas.com\/es\/\",\"url\":\"https:\/\/psedas.com\/es\/\",\"name\":\"Inici\"}},{\"@type\":\"ListItem\",\"position\":2,\"item\":{\"@type\":\"WebPage\",\"@id\":\"https:\/\/psedas.com\/es\/casos-practicos\/\",\"url\":\"https:\/\/psedas.com\/es\/casos-practicos\/\",\"name\":\"Casos pr\\u00e1cticos\"}},{\"@type\":\"ListItem\",\"position\":3,\"item\":{\"@id\":\"https:\/\/psedas.com\/es\/casos-practicos\/depresion-y-emdr\/#webpage\"}}]}]}<\/script>\n<!-- \/ Yoast SEO plugin. -->","_links":{"self":[{"href":"https:\/\/psedas.com\/es\/wp-json\/wp\/v2\/pages\/8150"}],"collection":[{"href":"https:\/\/psedas.com\/es\/wp-json\/wp\/v2\/pages"}],"about":[{"href":"https:\/\/psedas.com\/es\/wp-json\/wp\/v2\/types\/page"}],"author":[{"embeddable":true,"href":"https:\/\/psedas.com\/es\/wp-json\/wp\/v2\/users\/2"}],"replies":[{"embeddable":true,"href":"https:\/\/psedas.com\/es\/wp-json\/wp\/v2\/comments?post=8150"}],"version-history":[{"count":6,"href":"https:\/\/psedas.com\/es\/wp-json\/wp\/v2\/pages\/8150\/revisions"}],"predecessor-version":[{"id":9102,"href":"https:\/\/psedas.com\/es\/wp-json\/wp\/v2\/pages\/8150\/revisions\/9102"}],"up":[{"embeddable":true,"href":"https:\/\/psedas.com\/es\/wp-json\/wp\/v2\/pages\/8128"}],"wp:featuredmedia":[{"embeddable":true,"href":"https:\/\/psedas.com\/es\/wp-json\/wp\/v2\/media\/8152"}],"wp:attachment":[{"href":"https:\/\/psedas.com\/es\/wp-json\/wp\/v2\/media?parent=8150"}],"curies":[{"name":"wp","href":"https:\/\/api.w.org\/{rel}","templated":true}]}}