{"id":8143,"date":"2021-02-18T12:25:22","date_gmt":"2021-02-18T10:25:22","guid":{"rendered":"https:\/\/psedas.com\/casos-practicos\/joaquim-problemes-laborals\/"},"modified":"2021-12-14T18:19:10","modified_gmt":"2021-12-14T16:19:10","slug":"insomnio","status":"publish","type":"page","link":"https:\/\/psedas.com\/es\/casos-practicos\/insomnio\/","title":{"rendered":"Insomnio : prescripci\u00f3n del s\u00edntoma"},"content":{"rendered":"<div id=\"pl-8143\"  class=\"panel-layout\" ><div id=\"pg-8143-0\"  class=\"panel-grid panel-no-style\" ><div id=\"pgc-8143-0-0\"  class=\"panel-grid-cell\" ><div id=\"panel-8143-0-0-0\" class=\"so-panel widget widget_sow-editor panel-first-child panel-last-child\" data-index=\"0\" ><div class=\"so-widget-sow-editor so-widget-sow-editor-base\">\n<div class=\"siteorigin-widget-tinymce textwidget\">\n\t<p><img loading=\"lazy\" class=\"alignnone size-full wp-image-7975\" src=\"https:\/\/psedas.com\/wp-content\/uploads\/2021\/04\/banner-joaquim.jpg\" alt=\"\" width=\"1200\" height=\"372\" srcset=\"https:\/\/psedas.com\/wp-content\/uploads\/2021\/04\/banner-joaquim.jpg 1200w, https:\/\/psedas.com\/wp-content\/uploads\/2021\/04\/banner-joaquim-300x93.jpg 300w, https:\/\/psedas.com\/wp-content\/uploads\/2021\/04\/banner-joaquim-1024x317.jpg 1024w, https:\/\/psedas.com\/wp-content\/uploads\/2021\/04\/banner-joaquim-768x238.jpg 768w\" sizes=\"(max-width: 1200px) 100vw, 1200px\" \/><\/p>\n<\/div>\n<\/div><\/div><\/div><\/div><div id=\"pg-8143-1\"  class=\"panel-grid panel-no-style\" ><div id=\"pgc-8143-1-0\"  class=\"panel-grid-cell\" ><div id=\"panel-8143-1-0-0\" class=\"so-panel widget widget_sow-editor panel-first-child panel-last-child\" data-index=\"1\" ><div class=\"so-widget-sow-editor so-widget-sow-editor-base\">\n<div class=\"siteorigin-widget-tinymce textwidget\">\n\t<h2>INSOMNIO<\/h2>\n<p style=\"text-align: justify;\">Se trata de un caso que requer\u00eda una <strong>intervenci\u00f3n sist\u00e9mica directa sobre el s\u00edntoma<\/strong>, acompa\u00f1ada <strong>psicolog\u00eda cognitiva y cognitivo conductual<\/strong>.<\/p>\n<p style=\"text-align: justify;\">Un hombre de 49 a\u00f1os se present\u00f3 en nuestro centro de psicolog\u00eda acompa\u00f1ado por su mujer, que era una clara fuente de comunicaci\u00f3n, escucha, emoci\u00f3n positiva, equilibrio, acompa\u00f1amiento y comprensi\u00f3n. \u00c9l viv\u00eda en un estado de agitaci\u00f3n, miedo, p\u00e1nico, con tristeza reactiva, que revelaba una <strong>intensa preocupaci\u00f3n<\/strong>. Dijo que desde hac\u00eda mucho tiempo sufr\u00eda de un <strong>insomnio rebelde<\/strong>, <strong>tratado con f\u00e1rmacos sin \u00e9xito<\/strong>, y que llevaba varios d\u00edas sin dormir.<\/p>\n<h3>Los s\u00edntomas del insomnio.<\/h3>\n<p style=\"text-align: justify;\">Hab\u00eda empezado a tener alucinaciones crom\u00e1ticas caracter\u00edsticas de los estados de privaci\u00f3n del sue\u00f1o. Se hab\u00eda ausentado reiteradamente del trabajo. Su mujer revel\u00f3 que incluso ella y sus dos hijas estaban alarmadas por algunas declaraciones que hab\u00eda hecho su marido, en el sentido de que pod\u00eda pasar algo catastr\u00f3fico, como la p\u00e9rdida de su empleo e, incluso, de sus facultades mentales.<\/p>\n<p style=\"text-align: justify;\">Era evidente que <strong>aumentaban las obsesiones, compulsiones y desorientaci\u00f3n vital<\/strong>.<\/p>\n<\/div>\n<\/div><\/div><\/div><div id=\"pgc-8143-1-1\"  class=\"panel-grid-cell\" ><div id=\"panel-8143-1-1-0\" class=\"so-panel widget widget_sow-editor panel-first-child panel-last-child\" data-index=\"2\" ><div class=\"so-widget-sow-editor so-widget-sow-editor-base\">\n<div class=\"siteorigin-widget-tinymce textwidget\">\n\t<h3>\u00bfC\u00f3mo se trat\u00f3 el insomnio? Explorar las causas para combatir eficazmente el desorden del sue\u00f1o.<\/h3>\n<p style=\"text-align: justify;\">La terapia inmediata se bas\u00f3 en la <strong>prescripci\u00f3n del s\u00edntoma<\/strong>, se acompa\u00f1\u00f3 con una exploraci\u00f3n profunda que revel\u00f3 los <strong>miedos y problemas que sufr\u00eda en el trabajo<\/strong>, causantes de un trastorno de ansiedad regulado por una fobia que hab\u00eda desencadenado el insomnio como soluci\u00f3n a no ir al trabajo.<\/p>\n<p style=\"text-align: justify;\">El tratamiento sigui\u00f3 t\u00e9cnicas de<strong> psicolog\u00eda cognitiva y cognitivo conductual<\/strong>, acompa\u00f1ado de <strong>reprogramaciones con PNL<\/strong> e <strong>hipnosis ligera<\/strong>. Aaparte se deriv\u00f3 un tratamiento r\u00e1pido con <strong>EMDR<\/strong>.<\/p>\n<p><strong>Tiempo de tratamiento insomnio : 3 semanas.<\/strong><br \/>\n<strong>Tiempo de tratamiento total : 2 meses.<\/strong><br \/>\n<strong>Tiempo de control : 6 meses.<\/strong><\/p>\n<h3>Superar el insomnio es possible.<\/h3>\n<p>Joaqu\u00edn alcanz\u00f3 el ritmo de sue\u00f1o correcto, y finalmente afrontar los retos del trabajo. En dos a\u00f1os decidi\u00f3 cambiar de puesto de trabajo por una oferta m\u00e1s adaptada a su estilo de vida.<\/p>\n<\/div>\n<\/div><\/div><\/div><\/div><\/div>","protected":false},"excerpt":{"rendered":"<p>Se trata de un caso que requer\u00eda una intervenci\u00f3n sist\u00e9mica directa sobre el s\u00edntoma, acompa\u00f1ada psicolog\u00eda cognitiva y cognitivo conductual. Se present\u00f3 en nuestro Centro acompa\u00f1ado por su mujer, que era una clara fuente de comunicaci\u00f3n, escucha, emoci\u00f3n positiva, equilibrio, acompa\u00f1amiento y comprensi\u00f3n. \u00c9l viv\u00eda en un estado de agitaci\u00f3n miedo, p\u00e1nico, con tristeza reactiva, que revelaba una intensa preocupaci\u00f3n. Dijo que desde hac\u00eda mucho tiempo sufr\u00eda de un insomnio rebelde, tratado con  f\u00e1rmacos sin \u00e9xito, y que llevaba varios d\u00edas sin dormir. Hab\u00eda empezado a tener alucinaciones crom\u00e1ticas caracter\u00edsticas de los estados de privaci\u00f3n del sue\u00f1o. Se hab\u00eda ausentado reiteradamente del trabajo. Su mujer revel\u00f3 que incluso ella y sus dos hijas estaban alarmadas por algunas declaraciones que hab\u00eda hecho su marido, en el sentido de que pod\u00eda pasar algo catastr\u00f3fico, como la p\u00e9rdida de su empleo y, incluso, de sus facultades mentales. Lo que era evidente es que aumentaban las obsesiones, compulsiones y desorientaci\u00f3n vital.<\/p>\n","protected":false},"author":2,"featured_media":8145,"parent":8128,"menu_order":0,"comment_status":"closed","ping_status":"closed","template":"","meta":[],"yoast_head":"<!-- This site is optimized with the Yoast SEO plugin v16.3 - https:\/\/yoast.com\/wordpress\/plugins\/seo\/ -->\n<title>Psicolog\u00eda cognitiva conductual | PSEDAS Psic\u00f3logos en Manresa<\/title>\n<meta name=\"description\" content=\"Problemas laborales pueden derivar en desorientaci\u00f3n, obsesiones y compulsiones. En Cl\u00ednica Psedas ofrecemos psicoterapia para afrontar retos laborales.\" \/>\n<meta name=\"robots\" content=\"index, follow, max-snippet:-1, max-image-preview:large, max-video-preview:-1\" \/>\n<link rel=\"canonical\" href=\"https:\/\/psedas.com\/es\/casos-practicos\/insomnio\/\" \/>\n<meta property=\"og:locale\" content=\"es_ES\" \/>\n<meta property=\"og:type\" content=\"article\" \/>\n<meta property=\"og:title\" content=\"Psicolog\u00eda cognitiva conductual | PSEDAS Psic\u00f3logos en Manresa\" \/>\n<meta property=\"og:description\" content=\"Problemas laborales pueden derivar en desorientaci\u00f3n, obsesiones y compulsiones. En Cl\u00ednica Psedas ofrecemos psicoterapia para afrontar retos laborales.\" \/>\n<meta property=\"og:url\" content=\"https:\/\/psedas.com\/es\/casos-practicos\/insomnio\/\" \/>\n<meta property=\"og:site_name\" content=\"PSEDAS\" \/>\n<meta property=\"article:modified_time\" content=\"2021-12-14T16:19:10+00:00\" \/>\n<meta property=\"og:image\" content=\"https:\/\/psedas.com\/wp-content\/uploads\/2021\/04\/cas-joaquim.jpg\" \/>\n\t<meta property=\"og:image:width\" content=\"900\" \/>\n\t<meta property=\"og:image:height\" content=\"601\" \/>\n<meta name=\"twitter:card\" content=\"summary_large_image\" \/>\n<meta name=\"twitter:label1\" content=\"Tiempo de lectura\">\n\t<meta name=\"twitter:data1\" content=\"2 minutos\">\n<script type=\"application\/ld+json\" class=\"yoast-schema-graph\">{\"@context\":\"https:\/\/schema.org\",\"@graph\":[{\"@type\":\"WebSite\",\"@id\":\"https:\/\/psedas.com\/#website\",\"url\":\"https:\/\/psedas.com\/\",\"name\":\"PSEDAS\",\"description\":\"\",\"potentialAction\":[{\"@type\":\"SearchAction\",\"target\":\"https:\/\/psedas.com\/?s={search_term_string}\",\"query-input\":\"required name=search_term_string\"}],\"inLanguage\":\"es\"},{\"@type\":\"ImageObject\",\"@id\":\"https:\/\/psedas.com\/es\/casos-practicos\/insomnio\/#primaryimage\",\"inLanguage\":\"es\",\"url\":\"https:\/\/psedas.com\/wp-content\/uploads\/2021\/04\/cas-joaquim.jpg\",\"contentUrl\":\"https:\/\/psedas.com\/wp-content\/uploads\/2021\/04\/cas-joaquim.jpg\",\"width\":900,\"height\":601},{\"@type\":\"WebPage\",\"@id\":\"https:\/\/psedas.com\/es\/casos-practicos\/insomnio\/#webpage\",\"url\":\"https:\/\/psedas.com\/es\/casos-practicos\/insomnio\/\",\"name\":\"Psicolog\\u00eda cognitiva conductual | PSEDAS Psic\\u00f3logos en Manresa\",\"isPartOf\":{\"@id\":\"https:\/\/psedas.com\/#website\"},\"primaryImageOfPage\":{\"@id\":\"https:\/\/psedas.com\/es\/casos-practicos\/insomnio\/#primaryimage\"},\"datePublished\":\"2021-02-18T10:25:22+00:00\",\"dateModified\":\"2021-12-14T16:19:10+00:00\",\"description\":\"Problemas laborales pueden derivar en desorientaci\\u00f3n, obsesiones y compulsiones. En Cl\\u00ednica Psedas ofrecemos psicoterapia para afrontar retos laborales.\",\"breadcrumb\":{\"@id\":\"https:\/\/psedas.com\/es\/casos-practicos\/insomnio\/#breadcrumb\"},\"inLanguage\":\"es\",\"potentialAction\":[{\"@type\":\"ReadAction\",\"target\":[\"https:\/\/psedas.com\/es\/casos-practicos\/insomnio\/\"]}]},{\"@type\":\"BreadcrumbList\",\"@id\":\"https:\/\/psedas.com\/es\/casos-practicos\/insomnio\/#breadcrumb\",\"itemListElement\":[{\"@type\":\"ListItem\",\"position\":1,\"item\":{\"@type\":\"WebPage\",\"@id\":\"https:\/\/psedas.com\/es\/\",\"url\":\"https:\/\/psedas.com\/es\/\",\"name\":\"Inici\"}},{\"@type\":\"ListItem\",\"position\":2,\"item\":{\"@type\":\"WebPage\",\"@id\":\"https:\/\/psedas.com\/es\/casos-practicos\/\",\"url\":\"https:\/\/psedas.com\/es\/casos-practicos\/\",\"name\":\"Casos pr\\u00e1cticos\"}},{\"@type\":\"ListItem\",\"position\":3,\"item\":{\"@id\":\"https:\/\/psedas.com\/es\/casos-practicos\/insomnio\/#webpage\"}}]}]}<\/script>\n<!-- \/ Yoast SEO plugin. -->","_links":{"self":[{"href":"https:\/\/psedas.com\/es\/wp-json\/wp\/v2\/pages\/8143"}],"collection":[{"href":"https:\/\/psedas.com\/es\/wp-json\/wp\/v2\/pages"}],"about":[{"href":"https:\/\/psedas.com\/es\/wp-json\/wp\/v2\/types\/page"}],"author":[{"embeddable":true,"href":"https:\/\/psedas.com\/es\/wp-json\/wp\/v2\/users\/2"}],"replies":[{"embeddable":true,"href":"https:\/\/psedas.com\/es\/wp-json\/wp\/v2\/comments?post=8143"}],"version-history":[{"count":6,"href":"https:\/\/psedas.com\/es\/wp-json\/wp\/v2\/pages\/8143\/revisions"}],"predecessor-version":[{"id":9097,"href":"https:\/\/psedas.com\/es\/wp-json\/wp\/v2\/pages\/8143\/revisions\/9097"}],"up":[{"embeddable":true,"href":"https:\/\/psedas.com\/es\/wp-json\/wp\/v2\/pages\/8128"}],"wp:featuredmedia":[{"embeddable":true,"href":"https:\/\/psedas.com\/es\/wp-json\/wp\/v2\/media\/8145"}],"wp:attachment":[{"href":"https:\/\/psedas.com\/es\/wp-json\/wp\/v2\/media?parent=8143"}],"curies":[{"name":"wp","href":"https:\/\/api.w.org\/{rel}","templated":true}]}}