{"id":8131,"date":"2021-02-18T12:15:23","date_gmt":"2021-02-18T10:15:23","guid":{"rendered":"https:\/\/psedas.com\/casos-practics\/maria-agorafobia\/"},"modified":"2021-12-14T17:31:14","modified_gmt":"2021-12-14T15:31:14","slug":"agorafobia-reestructuracion-cognitiva","status":"publish","type":"page","link":"https:\/\/psedas.com\/es\/casos-practicos\/agorafobia-reestructuracion-cognitiva\/","title":{"rendered":"Agorafobia y Reestructuraci\u00f3n cognitiva"},"content":{"rendered":"<div id=\"pl-8131\"  class=\"panel-layout\" ><div id=\"pg-8131-0\"  class=\"panel-grid panel-no-style\" ><div id=\"pgc-8131-0-0\"  class=\"panel-grid-cell\" ><div id=\"panel-8131-0-0-0\" class=\"so-panel widget widget_sow-editor panel-first-child panel-last-child\" data-index=\"0\" ><div class=\"so-widget-sow-editor so-widget-sow-editor-base\">\n<div class=\"siteorigin-widget-tinymce textwidget\">\n\t<p><img loading=\"lazy\" class=\"alignnone size-full wp-image-7977\" src=\"https:\/\/psedas.com\/wp-content\/uploads\/2021\/04\/banner-maria.jpg\" alt=\"\" width=\"1200\" height=\"372\" \/><\/p>\n<\/div>\n<\/div><\/div><\/div><\/div><div id=\"pg-8131-1\"  class=\"panel-grid panel-no-style\" ><div id=\"pgc-8131-1-0\"  class=\"panel-grid-cell\" ><div id=\"panel-8131-1-0-0\" class=\"so-panel widget widget_sow-editor panel-first-child panel-last-child\" data-index=\"1\" ><div class=\"so-widget-sow-editor so-widget-sow-editor-base\">\n<div class=\"siteorigin-widget-tinymce textwidget\">\n\t<h2 style=\"text-align: justify;\">P\u00c1NICO y AGORAFOBIA<\/h2>\n<p style=\"text-align: justify;\">Una mujer de cincuenta a\u00f1os bastante aprensiva, refiri\u00f3 que desde hac\u00eda tres a\u00f1os sufr\u00eda una forma de agorafobia que le imped\u00eda sobrepasar un supuesto c\u00edrculo situado aproximadamente a cien metros de su habitaci\u00f3n. Cada vez que intentaba sobrepasar ese l\u00edmite, la asaltaba una angustia intolerable y ten\u00eda que volver atr\u00e1s.<\/p>\n<p style=\"text-align: justify;\">Los comercios m\u00e1s cercanos estaban situados a doscientos metros de su casa, para poder hacer sus compras ten\u00eda que pedir a su marido o a uno de sus dos hijos que la acompa\u00f1aran, aunque con ellos la angustia de los cien metros no se extingu\u00eda completamente.<\/p>\n<h3 style=\"text-align: justify;\">De la agorafobia a un trastorno m\u00e1s global.<\/h3>\n<p>La mujer se ve\u00eda a s\u00ed misma como una inv\u00e1lida. Ya hab\u00eda hecho dos psicoterapias. A menudo sent\u00eda <strong>miedo, p\u00e1nico, tristeza, ira y desesperaci\u00f3n<\/strong>, por su incapacidad y por su necesidad de apoyarse en los hijos, interfiriendo en sus vidas y autonom\u00eda. Estaba claramente en una depresi\u00f3n, v\u00edctima de una fobia, y quer\u00eda recuperar el equilibrio. Era presa de obsesiones, compulsiones y sent\u00eda desorientaci\u00f3n vital.<\/p>\n<\/div>\n<\/div><\/div><\/div><div id=\"pgc-8131-1-1\"  class=\"panel-grid-cell\" ><div id=\"panel-8131-1-1-0\" class=\"so-panel widget widget_sow-editor panel-first-child panel-last-child\" data-index=\"2\" ><div class=\"so-widget-sow-editor so-widget-sow-editor-base\">\n<div class=\"siteorigin-widget-tinymce textwidget\">\n\t<h3>Terapia piscol\u00f3gica para la agorafobia des de una perspectiva cognitivo-conductual.<\/h3>\n<p>Decidimos utilizar una terapia que puede relacionarse tanto con el enfoque conductista como con el estrat\u00e9gico.<\/p>\n<p style=\"text-align: justify;\">La prescripci\u00f3n para las dos semanas siguientes fue que cada ma\u00f1ana ten\u00eda que caminar en direcci\u00f3n a los comercios y detenerse despu\u00e9s de haber dado el n\u00famero de pasos establecido por c\u00e1lculos, con la diferencia que cada d\u00eda deb\u00eda dar cinco pasos m\u00e1s afrontando la angustia, el miedo y la tristeza.<\/p>\n<p style=\"text-align: justify;\"><strong>Simult\u00e1neamente se explor\u00f3 la motivaci\u00f3n profunda<\/strong> que provocaba la necesidad del acompa\u00f1amiento de los hijos y la pareja, aparte del trastornos de ansiedad, afloraron los problemas de inseguridad, baja autoestima y los conflictos de pareja que se abordaron a partir una <strong>perspectiva sist\u00e9mica<\/strong>. Las ideaciones se abordaron con una programaci\u00f3n con el apoyo de una<strong> hipnosis ligera<\/strong>. Finalmente el c\u00edrculo imaginario desapareci\u00f3.<\/p>\n<p><strong>Tiempo de tratamiento : 3 meses.<\/strong><br \/>\n<strong>Tiempo de control : 6 meses.<\/strong><\/p>\n<\/div>\n<\/div><\/div><\/div><\/div><\/div>","protected":false},"excerpt":{"rendered":"<p>Una mujer de cincuenta a\u00f1os bastante aprensiva, refiri\u00f3 que desde hac\u00eda tres a\u00f1os sufr\u00eda una forma de agorafobia que le imped\u00eda sobrepasar un supuesto c\u00edrculo situado aproximadamente a cien metros de su habitaci\u00f3n. Cada vez que intentaba sobrepasar ese l\u00edmite, la asaltaba una angustia intolerable y ten\u00eda que volver atr\u00e1s. Los comercios m\u00e1s cercanos estaban situados a doscientos metros de su casa, para poder hacer sus compras ten\u00eda que pedir a su marido o a uno de sus dos hijos que la acompa\u00f1aran, aunque con ellos la angustia de los cien metros no se extingu\u00eda completamente.<br \/>\nLa mujer se ve\u00eda a s\u00ed misma como una inv\u00e1lida. Ya hab\u00eda hecho dos psicoterapias. A menudo sent\u00eda miedo, p\u00e1nico, tristeza, ira y desesperaci\u00f3n, por su incapacidad y por su necesidad de apoyarse en los hijos, interfiriendo en sus vidas y autonom\u00eda. Estaba claramente en una depresi\u00f3n, v\u00edctima de una fobia, y quer\u00eda recuperar el equilibrio. Era presa de obsesiones, compulsiones y sent\u00eda desorientaci\u00f3n vital.<br \/>\nDecidimos utilizar una estrategia que puede relacionarse tanto con el enfoque conductista como con el estrat\u00e9gico.<\/p>\n","protected":false},"author":2,"featured_media":8133,"parent":8128,"menu_order":0,"comment_status":"closed","ping_status":"closed","template":"","meta":[],"yoast_head":"<!-- This site is optimized with the Yoast SEO plugin v16.3 - https:\/\/yoast.com\/wordpress\/plugins\/seo\/ -->\n<title>Tratamientos para superar una fobia | PSEDAS Psic\u00f3logos en Manresa<\/title>\n<meta name=\"description\" content=\"Fobias: cuando el miedo es irracional y limitante. En Cl\u00ednica Psedas psicolog\u00eda sist\u00e9mica y terapia conductual para superar una fobia. Cons\u00faltanos.\" \/>\n<meta name=\"robots\" content=\"index, follow, max-snippet:-1, max-image-preview:large, max-video-preview:-1\" \/>\n<link rel=\"canonical\" href=\"https:\/\/psedas.com\/es\/casos-practicos\/agorafobia-reestructuracion-cognitiva\/\" \/>\n<meta property=\"og:locale\" content=\"es_ES\" \/>\n<meta property=\"og:type\" content=\"article\" \/>\n<meta property=\"og:title\" content=\"Tratamientos para superar una fobia | PSEDAS Psic\u00f3logos en Manresa\" \/>\n<meta property=\"og:description\" content=\"Fobias: cuando el miedo es irracional y limitante. En Cl\u00ednica Psedas psicolog\u00eda sist\u00e9mica y terapia conductual para superar una fobia. Cons\u00faltanos.\" \/>\n<meta property=\"og:url\" content=\"https:\/\/psedas.com\/es\/casos-practicos\/agorafobia-reestructuracion-cognitiva\/\" \/>\n<meta property=\"og:site_name\" content=\"PSEDAS\" \/>\n<meta property=\"article:modified_time\" content=\"2021-12-14T15:31:14+00:00\" \/>\n<meta property=\"og:image\" content=\"https:\/\/psedas.com\/wp-content\/uploads\/2021\/04\/cas-maria.jpg\" \/>\n\t<meta property=\"og:image:width\" content=\"900\" \/>\n\t<meta property=\"og:image:height\" content=\"601\" \/>\n<meta name=\"twitter:card\" content=\"summary_large_image\" \/>\n<meta name=\"twitter:label1\" content=\"Tiempo de lectura\">\n\t<meta name=\"twitter:data1\" content=\"2 minutos\">\n<script type=\"application\/ld+json\" class=\"yoast-schema-graph\">{\"@context\":\"https:\/\/schema.org\",\"@graph\":[{\"@type\":\"WebSite\",\"@id\":\"https:\/\/psedas.com\/#website\",\"url\":\"https:\/\/psedas.com\/\",\"name\":\"PSEDAS\",\"description\":\"\",\"potentialAction\":[{\"@type\":\"SearchAction\",\"target\":\"https:\/\/psedas.com\/?s={search_term_string}\",\"query-input\":\"required name=search_term_string\"}],\"inLanguage\":\"es\"},{\"@type\":\"ImageObject\",\"@id\":\"https:\/\/psedas.com\/es\/casos-practicos\/agorafobia-reestructuracion-cognitiva\/#primaryimage\",\"inLanguage\":\"es\",\"url\":\"https:\/\/psedas.com\/wp-content\/uploads\/2021\/04\/cas-maria.jpg\",\"contentUrl\":\"https:\/\/psedas.com\/wp-content\/uploads\/2021\/04\/cas-maria.jpg\",\"width\":900,\"height\":601},{\"@type\":\"WebPage\",\"@id\":\"https:\/\/psedas.com\/es\/casos-practicos\/agorafobia-reestructuracion-cognitiva\/#webpage\",\"url\":\"https:\/\/psedas.com\/es\/casos-practicos\/agorafobia-reestructuracion-cognitiva\/\",\"name\":\"Tratamientos para superar una fobia | PSEDAS Psic\\u00f3logos en Manresa\",\"isPartOf\":{\"@id\":\"https:\/\/psedas.com\/#website\"},\"primaryImageOfPage\":{\"@id\":\"https:\/\/psedas.com\/es\/casos-practicos\/agorafobia-reestructuracion-cognitiva\/#primaryimage\"},\"datePublished\":\"2021-02-18T10:15:23+00:00\",\"dateModified\":\"2021-12-14T15:31:14+00:00\",\"description\":\"Fobias: cuando el miedo es irracional y limitante. En Cl\\u00ednica Psedas psicolog\\u00eda sist\\u00e9mica y terapia conductual para superar una fobia. Cons\\u00faltanos.\",\"breadcrumb\":{\"@id\":\"https:\/\/psedas.com\/es\/casos-practicos\/agorafobia-reestructuracion-cognitiva\/#breadcrumb\"},\"inLanguage\":\"es\",\"potentialAction\":[{\"@type\":\"ReadAction\",\"target\":[\"https:\/\/psedas.com\/es\/casos-practicos\/agorafobia-reestructuracion-cognitiva\/\"]}]},{\"@type\":\"BreadcrumbList\",\"@id\":\"https:\/\/psedas.com\/es\/casos-practicos\/agorafobia-reestructuracion-cognitiva\/#breadcrumb\",\"itemListElement\":[{\"@type\":\"ListItem\",\"position\":1,\"item\":{\"@type\":\"WebPage\",\"@id\":\"https:\/\/psedas.com\/es\/\",\"url\":\"https:\/\/psedas.com\/es\/\",\"name\":\"Inici\"}},{\"@type\":\"ListItem\",\"position\":2,\"item\":{\"@type\":\"WebPage\",\"@id\":\"https:\/\/psedas.com\/es\/casos-practicos\/\",\"url\":\"https:\/\/psedas.com\/es\/casos-practicos\/\",\"name\":\"Casos pr\\u00e1cticos\"}},{\"@type\":\"ListItem\",\"position\":3,\"item\":{\"@id\":\"https:\/\/psedas.com\/es\/casos-practicos\/agorafobia-reestructuracion-cognitiva\/#webpage\"}}]}]}<\/script>\n<!-- \/ Yoast SEO plugin. -->","_links":{"self":[{"href":"https:\/\/psedas.com\/es\/wp-json\/wp\/v2\/pages\/8131"}],"collection":[{"href":"https:\/\/psedas.com\/es\/wp-json\/wp\/v2\/pages"}],"about":[{"href":"https:\/\/psedas.com\/es\/wp-json\/wp\/v2\/types\/page"}],"author":[{"embeddable":true,"href":"https:\/\/psedas.com\/es\/wp-json\/wp\/v2\/users\/2"}],"replies":[{"embeddable":true,"href":"https:\/\/psedas.com\/es\/wp-json\/wp\/v2\/comments?post=8131"}],"version-history":[{"count":8,"href":"https:\/\/psedas.com\/es\/wp-json\/wp\/v2\/pages\/8131\/revisions"}],"predecessor-version":[{"id":9092,"href":"https:\/\/psedas.com\/es\/wp-json\/wp\/v2\/pages\/8131\/revisions\/9092"}],"up":[{"embeddable":true,"href":"https:\/\/psedas.com\/es\/wp-json\/wp\/v2\/pages\/8128"}],"wp:featuredmedia":[{"embeddable":true,"href":"https:\/\/psedas.com\/es\/wp-json\/wp\/v2\/media\/8133"}],"wp:attachment":[{"href":"https:\/\/psedas.com\/es\/wp-json\/wp\/v2\/media?parent=8131"}],"curies":[{"name":"wp","href":"https:\/\/api.w.org\/{rel}","templated":true}]}}