{"id":8128,"date":"2021-02-18T12:21:48","date_gmt":"2021-02-18T10:21:48","guid":{"rendered":"https:\/\/psedas.com\/casos-practics\/"},"modified":"2026-01-25T17:58:04","modified_gmt":"2026-01-25T15:58:04","slug":"casos-practicos","status":"publish","type":"page","link":"https:\/\/psedas.com\/es\/casos-practicos\/","title":{"rendered":"Casos pr\u00e1cticos"},"content":{"rendered":"<div id=\"pl-8128\"  class=\"panel-layout\" ><div id=\"pg-8128-0\"  class=\"panel-grid panel-no-style\" ><div id=\"pgc-8128-0-0\"  class=\"panel-grid-cell\" ><div id=\"panel-8128-0-0-0\" class=\"so-panel widget widget_qt_feature_page widget-featured-page panel-first-child panel-last-child\" data-index=\"0\" >\n\t\t\t<div class=\"featured-page\">\n\t\t\t\t\t\t\t\t\t<div class=\"featured-page--image\">\n\t\t\t\t\t\t<a href=\"https:\/\/psedas.com\/es\/casos-practicos\/agorafobia-reestructuracion-cognitiva\/\">\n\t\t\t\t\t\t\t<img width=\"360\" height=\"240\" src=\"https:\/\/psedas.com\/wp-content\/uploads\/2021\/04\/cas-maria-360x240.jpg\" class=\"attachment-physio-qt-featured-s size-physio-qt-featured-s\" alt=\"Agorafobia y Reestructuraci\u00f3n cognitiva\" loading=\"lazy\" srcset=\"https:\/\/psedas.com\/wp-content\/uploads\/2021\/04\/cas-maria-360x240.jpg 360w, https:\/\/psedas.com\/wp-content\/uploads\/2021\/04\/cas-maria-850x567.jpg 850w\" sizes=\"(min-width: 781px) 360px, calc(100vw - 30px)\" \/>\t\t\t\t\t\t\t<div class=\"featured-page--overlay\">\n\t\t\t\t\t\t\t\t\t\t\t\t\t\t\t\t\t<div class=\"overlay--center\">\n\t\t\t\t\t\t\t\t\t\t<span>Leer m\u00e1s<\/span>\n\t\t\t\t\t\t\t\t\t<\/div>\n\t\t\t\t\t\t\t\t\t\t\t\t\t\t\t<\/div>\n\t\t\t\t\t\t<\/a>\n\t\t\t\t\t<\/div>\n\t\t\t\t\t\t\t\t<div class=\"featured-page--content\">\n\t\t\t\t\t<h4 class=\"featued-page--title\">\n\t\t\t\t\t\t<a href=\"https:\/\/psedas.com\/es\/casos-practicos\/agorafobia-reestructuracion-cognitiva\/\">Agorafobia y Reestructuraci\u00f3n cognitiva<\/a>\n\t\t\t\t\t<\/h4>\n\t\t\t\t\t\t\t\t\t\t\t<p>Una mujer de cincuenta a\u00f1os bastante aprensiva, refiri\u00f3 que desde hac\u00eda tres a\u00f1os sufr\u00eda una forma de agorafobia que le imped\u00eda sobrepasar un supuesto c\u00edrculo situado aproximadamente...<\/p>\n\t\t\t\t\t\t\t\t\t\t\t\t\t\t\t\t<a href=\"https:\/\/psedas.com\/es\/casos-practicos\/agorafobia-reestructuracion-cognitiva\/\" class=\"text-link\">Leer m\u00e1s<\/a>\n\t\t\t\t\t\t\t\t\t<\/div>\n\t\t\t<\/div>\n\n\t\t\t<\/div><\/div><div id=\"pgc-8128-0-1\"  class=\"panel-grid-cell\" ><div id=\"panel-8128-0-1-0\" class=\"so-panel widget widget_qt_feature_page widget-featured-page panel-first-child panel-last-child\" data-index=\"1\" >\n\t\t\t<div class=\"featured-page\">\n\t\t\t\t\t\t\t\t\t<div class=\"featured-page--image\">\n\t\t\t\t\t\t<a href=\"https:\/\/psedas.com\/es\/casos-practicos\/insomnio\/\">\n\t\t\t\t\t\t\t<img width=\"360\" height=\"240\" src=\"https:\/\/psedas.com\/wp-content\/uploads\/2021\/04\/cas-joaquim-360x240.jpg\" class=\"attachment-physio-qt-featured-s size-physio-qt-featured-s\" alt=\"Insomnio : prescripci\u00f3n del s\u00edntoma\" loading=\"lazy\" srcset=\"https:\/\/psedas.com\/wp-content\/uploads\/2021\/04\/cas-joaquim-360x240.jpg 360w, https:\/\/psedas.com\/wp-content\/uploads\/2021\/04\/cas-joaquim-850x567.jpg 850w\" sizes=\"(min-width: 781px) 360px, calc(100vw - 30px)\" \/>\t\t\t\t\t\t\t<div class=\"featured-page--overlay\">\n\t\t\t\t\t\t\t\t\t\t\t\t\t\t\t\t\t<div class=\"overlay--center\">\n\t\t\t\t\t\t\t\t\t\t<span>Leer m\u00e1s<\/span>\n\t\t\t\t\t\t\t\t\t<\/div>\n\t\t\t\t\t\t\t\t\t\t\t\t\t\t\t<\/div>\n\t\t\t\t\t\t<\/a>\n\t\t\t\t\t<\/div>\n\t\t\t\t\t\t\t\t<div class=\"featured-page--content\">\n\t\t\t\t\t<h4 class=\"featued-page--title\">\n\t\t\t\t\t\t<a href=\"https:\/\/psedas.com\/es\/casos-practicos\/insomnio\/\">Insomnio : prescripci\u00f3n del s\u00edntoma<\/a>\n\t\t\t\t\t<\/h4>\n\t\t\t\t\t\t\t\t\t\t\t<p>Se trata de un caso que requer\u00eda una intervenci\u00f3n sist\u00e9mica directa sobre el s\u00edntoma, acompa\u00f1ada psicolog\u00eda cognitiva y cognitivo conductual. Se present\u00f3 en nuestro Centro acompa\u00f1ado...<\/p>\n\t\t\t\t\t\t\t\t\t\t\t\t\t\t\t\t<a href=\"https:\/\/psedas.com\/es\/casos-practicos\/insomnio\/\" class=\"text-link\">Leer m\u00e1s<\/a>\n\t\t\t\t\t\t\t\t\t<\/div>\n\t\t\t<\/div>\n\n\t\t\t<\/div><\/div><div id=\"pgc-8128-0-2\"  class=\"panel-grid-cell\" ><div id=\"panel-8128-0-2-0\" class=\"so-panel widget widget_qt_feature_page widget-featured-page panel-first-child panel-last-child\" data-index=\"2\" >\n\t\t\t<div class=\"featured-page\">\n\t\t\t\t\t\t\t\t\t<div class=\"featured-page--image\">\n\t\t\t\t\t\t<a href=\"https:\/\/psedas.com\/es\/casos-practicos\/depresion-y-emdr\/\">\n\t\t\t\t\t\t\t<img width=\"360\" height=\"240\" src=\"https:\/\/psedas.com\/wp-content\/uploads\/2021\/04\/cas-sandra-img-360x240.jpg\" class=\"attachment-physio-qt-featured-s size-physio-qt-featured-s\" alt=\"Trastorno depresivo y EMDR\" loading=\"lazy\" srcset=\"https:\/\/psedas.com\/wp-content\/uploads\/2021\/04\/cas-sandra-img-360x240.jpg 360w, https:\/\/psedas.com\/wp-content\/uploads\/2021\/04\/cas-sandra-img-850x567.jpg 850w\" sizes=\"(min-width: 781px) 360px, calc(100vw - 30px)\" \/>\t\t\t\t\t\t\t<div class=\"featured-page--overlay\">\n\t\t\t\t\t\t\t\t\t\t\t\t\t\t\t\t\t<div class=\"overlay--center\">\n\t\t\t\t\t\t\t\t\t\t<span>Leer m\u00e1s<\/span>\n\t\t\t\t\t\t\t\t\t<\/div>\n\t\t\t\t\t\t\t\t\t\t\t\t\t\t\t<\/div>\n\t\t\t\t\t\t<\/a>\n\t\t\t\t\t<\/div>\n\t\t\t\t\t\t\t\t<div class=\"featured-page--content\">\n\t\t\t\t\t<h4 class=\"featued-page--title\">\n\t\t\t\t\t\t<a href=\"https:\/\/psedas.com\/es\/casos-practicos\/depresion-y-emdr\/\">Trastorno depresivo y EMDR<\/a>\n\t\t\t\t\t<\/h4>\n\t\t\t\t\t\t\t\t\t\t\t<p>Sandra era una mujer de treinta y cinco a\u00f1os, odontologa. Estaba casada con un m\u00e9dico desde hac\u00eda diez a\u00f1os y ten\u00eda una hija de cinco a\u00f1os. Fue enviada a nuestro centro por el...<\/p>\n\t\t\t\t\t\t\t\t\t\t\t\t\t\t\t\t<a href=\"https:\/\/psedas.com\/es\/casos-practicos\/depresion-y-emdr\/\" class=\"text-link\">Leer m\u00e1s<\/a>\n\t\t\t\t\t\t\t\t\t<\/div>\n\t\t\t<\/div>\n\n\t\t\t<\/div><\/div><\/div><div id=\"pg-8128-1\"  class=\"panel-grid panel-no-style\" ><div id=\"pgc-8128-1-0\"  class=\"panel-grid-cell\" ><div id=\"panel-8128-1-0-0\" class=\"so-panel widget widget_qt_feature_page widget-featured-page panel-first-child panel-last-child\" data-index=\"3\" >\n\t\t\t<div class=\"featured-page\">\n\t\t\t\t\t\t\t\t\t<div class=\"featured-page--image\">\n\t\t\t\t\t\t<a href=\"https:\/\/psedas.com\/es\/casos-practicos\/ansiedad-desensibilizacion-sistematica\/\">\n\t\t\t\t\t\t\t<img width=\"360\" height=\"240\" src=\"https:\/\/psedas.com\/wp-content\/uploads\/2022\/04\/Superar-lansietat-pels-examens-Clinica-Psedas-360x240.jpeg\" class=\"attachment-physio-qt-featured-s size-physio-qt-featured-s\" alt=\"Superar ansietat en examens\" loading=\"lazy\" srcset=\"https:\/\/psedas.com\/wp-content\/uploads\/2022\/04\/Superar-lansietat-pels-examens-Clinica-Psedas-360x240.jpeg 360w, https:\/\/psedas.com\/wp-content\/uploads\/2022\/04\/Superar-lansietat-pels-examens-Clinica-Psedas.jpeg 448w\" sizes=\"(min-width: 781px) 360px, calc(100vw - 30px)\" \/>\t\t\t\t\t\t\t<div class=\"featured-page--overlay\">\n\t\t\t\t\t\t\t\t\t\t\t\t\t\t\t\t\t<div class=\"overlay--center\">\n\t\t\t\t\t\t\t\t\t\t<span>Leer m\u00e1s<\/span>\n\t\t\t\t\t\t\t\t\t<\/div>\n\t\t\t\t\t\t\t\t\t\t\t\t\t\t\t<\/div>\n\t\t\t\t\t\t<\/a>\n\t\t\t\t\t<\/div>\n\t\t\t\t\t\t\t\t<div class=\"featured-page--content\">\n\t\t\t\t\t<h4 class=\"featued-page--title\">\n\t\t\t\t\t\t<a href=\"https:\/\/psedas.com\/es\/casos-practicos\/ansiedad-desensibilizacion-sistematica\/\">Ansiedad y Desensibilizaci\u00f3n Sistem\u00e1tica<\/a>\n\t\t\t\t\t<\/h4>\n\t\t\t\t\t\t\t\t\t\t\t<p>Se pone en contacto con nosotros por el formulario web Isaac, un chico de 19 a\u00f1os, estudiante, y llega al despacho virtual muy preocupado y agitado, con cara de angustia, refiri\u00e9ndose...<\/p>\n\t\t\t\t\t\t\t\t\t\t\t\t\t\t\t\t<a href=\"https:\/\/psedas.com\/es\/casos-practicos\/ansiedad-desensibilizacion-sistematica\/\" class=\"text-link\">Leer m\u00e1s<\/a>\n\t\t\t\t\t\t\t\t\t<\/div>\n\t\t\t<\/div>\n\n\t\t\t<\/div><\/div><div id=\"pgc-8128-1-1\"  class=\"panel-grid-cell panel-grid-cell-mobile-last\" ><div id=\"panel-8128-1-1-0\" class=\"so-panel widget widget_qt_feature_page widget-featured-page panel-first-child panel-last-child\" data-index=\"4\" >\n\t\t\t<div class=\"featured-page\">\n\t\t\t\t\t\t\t\t\t<div class=\"featured-page--image\">\n\t\t\t\t\t\t<a href=\"https:\/\/psedas.com\/es\/casos-practicos\/hipocondria-terapia-cognitiva\/\">\n\t\t\t\t\t\t\t<img width=\"360\" height=\"240\" src=\"https:\/\/psedas.com\/wp-content\/uploads\/2022\/04\/Superar-la-Hipocondria-Clinica-Psedas-360x240.jpg\" class=\"attachment-physio-qt-featured-s size-physio-qt-featured-s\" alt=\"persona hipocondr\u00edaca\" loading=\"lazy\" srcset=\"https:\/\/psedas.com\/wp-content\/uploads\/2022\/04\/Superar-la-Hipocondria-Clinica-Psedas-360x240.jpg 360w, https:\/\/psedas.com\/wp-content\/uploads\/2022\/04\/Superar-la-Hipocondria-Clinica-Psedas.jpg 448w\" sizes=\"(min-width: 781px) 360px, calc(100vw - 30px)\" \/>\t\t\t\t\t\t\t<div class=\"featured-page--overlay\">\n\t\t\t\t\t\t\t\t\t\t\t\t\t\t\t\t\t<div class=\"overlay--center\">\n\t\t\t\t\t\t\t\t\t\t<span>Leer m\u00e1s<\/span>\n\t\t\t\t\t\t\t\t\t<\/div>\n\t\t\t\t\t\t\t\t\t\t\t\t\t\t\t<\/div>\n\t\t\t\t\t\t<\/a>\n\t\t\t\t\t<\/div>\n\t\t\t\t\t\t\t\t<div class=\"featured-page--content\">\n\t\t\t\t\t<h4 class=\"featued-page--title\">\n\t\t\t\t\t\t<a href=\"https:\/\/psedas.com\/es\/casos-practicos\/hipocondria-terapia-cognitiva\/\">Hipocondria y Terapia Cognitiva<\/a>\n\t\t\t\t\t<\/h4>\n\t\t\t\t\t\t\t\t\t\t\t<p>Presentamos el caso cl\u00ednico de Marcel, es un empleado de banca de 39 a\u00f1os que va a consulta de su m\u00e9dico de cabecera. Desde hace 10 meses est\u00e1 abrumado con la creencia de sufrir...<\/p>\n\t\t\t\t\t\t\t\t\t\t\t\t\t\t\t\t<a href=\"https:\/\/psedas.com\/es\/casos-practicos\/hipocondria-terapia-cognitiva\/\" class=\"text-link\">Leer m\u00e1s<\/a>\n\t\t\t\t\t\t\t\t\t<\/div>\n\t\t\t<\/div>\n\n\t\t\t<\/div><\/div><div id=\"pgc-8128-1-2\"  class=\"panel-grid-cell panel-grid-cell-empty\" ><\/div><\/div><div id=\"pg-8128-2\"  class=\"panel-grid panel-no-style\" ><div id=\"pgc-8128-2-0\"  class=\"panel-grid-cell panel-grid-cell-empty\" ><\/div><div id=\"pgc-8128-2-1\"  class=\"panel-grid-cell panel-grid-cell-empty panel-grid-cell-mobile-last\" ><\/div><div id=\"pgc-8128-2-2\"  class=\"panel-grid-cell panel-grid-cell-empty\" ><\/div><\/div><\/div>","protected":false},"excerpt":{"rendered":"<p>Leer m\u00e1s Agorafobia y Reestructuraci\u00f3n cognitiva Una mujer de cincuenta a\u00f1os bastante aprensiva, refiri\u00f3 que desde hac\u00eda tres a\u00f1os sufr\u00eda una forma de agorafobia que le imped\u00eda sobrepasar un supuesto c\u00edrculo situado aproximadamente&#8230; Leer m\u00e1s Leer m\u00e1s Insomnio : prescripci\u00f3n del s\u00edntoma Se trata de un caso que requer\u00eda una intervenci\u00f3n sist\u00e9mica directa sobre el [&hellip;]<\/p>\n","protected":false},"author":2,"featured_media":0,"parent":0,"menu_order":0,"comment_status":"closed","ping_status":"closed","template":"","meta":[],"yoast_head":"<!-- This site is optimized with the Yoast SEO plugin v16.3 - https:\/\/yoast.com\/wordpress\/plugins\/seo\/ -->\n<title>Casos PSEDAS \u2733 Tratamientos psicol\u00f3gicos personalizados<\/title>\n<meta name=\"description\" content=\"Casos pr\u00e1cticos y tratamientos de \u00e9xito en Cl\u00ednica Psedas. Personas a quien hemos acompa\u00f1ado a recuperar alegr\u00eda, bienestar y mucho m\u00e1s.\" \/>\n<meta name=\"robots\" content=\"index, follow, max-snippet:-1, max-image-preview:large, max-video-preview:-1\" \/>\n<link rel=\"canonical\" href=\"https:\/\/psedas.com\/es\/casos-practicos\/\" \/>\n<meta property=\"og:locale\" content=\"es_ES\" \/>\n<meta property=\"og:type\" content=\"article\" \/>\n<meta property=\"og:title\" content=\"Casos PSEDAS \u2733 Tratamientos psicol\u00f3gicos personalizados\" \/>\n<meta property=\"og:description\" content=\"Casos pr\u00e1cticos y tratamientos de \u00e9xito en Cl\u00ednica Psedas. Personas a quien hemos acompa\u00f1ado a recuperar alegr\u00eda, bienestar y mucho m\u00e1s.\" \/>\n<meta property=\"og:url\" content=\"https:\/\/psedas.com\/es\/casos-practicos\/\" \/>\n<meta property=\"og:site_name\" content=\"PSEDAS\" \/>\n<meta property=\"article:modified_time\" content=\"2026-01-25T15:58:04+00:00\" \/>\n<meta name=\"twitter:card\" content=\"summary_large_image\" \/>\n<script type=\"application\/ld+json\" class=\"yoast-schema-graph\">{\"@context\":\"https:\/\/schema.org\",\"@graph\":[{\"@type\":\"WebSite\",\"@id\":\"https:\/\/psedas.com\/#website\",\"url\":\"https:\/\/psedas.com\/\",\"name\":\"PSEDAS\",\"description\":\"\",\"potentialAction\":[{\"@type\":\"SearchAction\",\"target\":\"https:\/\/psedas.com\/?s={search_term_string}\",\"query-input\":\"required name=search_term_string\"}],\"inLanguage\":\"es\"},{\"@type\":\"WebPage\",\"@id\":\"https:\/\/psedas.com\/es\/casos-practicos\/#webpage\",\"url\":\"https:\/\/psedas.com\/es\/casos-practicos\/\",\"name\":\"Casos PSEDAS \\u2733 Tratamientos psicol\\u00f3gicos personalizados\",\"isPartOf\":{\"@id\":\"https:\/\/psedas.com\/#website\"},\"datePublished\":\"2021-02-18T10:21:48+00:00\",\"dateModified\":\"2026-01-25T15:58:04+00:00\",\"description\":\"Casos pr\\u00e1cticos y tratamientos de \\u00e9xito en Cl\\u00ednica Psedas. Personas a quien hemos acompa\\u00f1ado a recuperar alegr\\u00eda, bienestar y mucho m\\u00e1s.\",\"breadcrumb\":{\"@id\":\"https:\/\/psedas.com\/es\/casos-practicos\/#breadcrumb\"},\"inLanguage\":\"es\",\"potentialAction\":[{\"@type\":\"ReadAction\",\"target\":[\"https:\/\/psedas.com\/es\/casos-practicos\/\"]}]},{\"@type\":\"BreadcrumbList\",\"@id\":\"https:\/\/psedas.com\/es\/casos-practicos\/#breadcrumb\",\"itemListElement\":[{\"@type\":\"ListItem\",\"position\":1,\"item\":{\"@type\":\"WebPage\",\"@id\":\"https:\/\/psedas.com\/es\/\",\"url\":\"https:\/\/psedas.com\/es\/\",\"name\":\"Inici\"}},{\"@type\":\"ListItem\",\"position\":2,\"item\":{\"@id\":\"https:\/\/psedas.com\/es\/casos-practicos\/#webpage\"}}]}]}<\/script>\n<!-- \/ Yoast SEO plugin. -->","_links":{"self":[{"href":"https:\/\/psedas.com\/es\/wp-json\/wp\/v2\/pages\/8128"}],"collection":[{"href":"https:\/\/psedas.com\/es\/wp-json\/wp\/v2\/pages"}],"about":[{"href":"https:\/\/psedas.com\/es\/wp-json\/wp\/v2\/types\/page"}],"author":[{"embeddable":true,"href":"https:\/\/psedas.com\/es\/wp-json\/wp\/v2\/users\/2"}],"replies":[{"embeddable":true,"href":"https:\/\/psedas.com\/es\/wp-json\/wp\/v2\/comments?post=8128"}],"version-history":[{"count":11,"href":"https:\/\/psedas.com\/es\/wp-json\/wp\/v2\/pages\/8128\/revisions"}],"predecessor-version":[{"id":22974,"href":"https:\/\/psedas.com\/es\/wp-json\/wp\/v2\/pages\/8128\/revisions\/22974"}],"wp:attachment":[{"href":"https:\/\/psedas.com\/es\/wp-json\/wp\/v2\/media?parent=8128"}],"curies":[{"name":"wp","href":"https:\/\/api.w.org\/{rel}","templated":true}]}}